{"id":3677,"date":"2023-10-12T15:39:00","date_gmt":"2023-10-12T13:39:00","guid":{"rendered":"https:\/\/9phases.com\/schwarzer-salbei\/"},"modified":"2024-07-20T22:32:53","modified_gmt":"2024-07-20T20:32:53","slug":"schwarzer-salbei","status":"publish","type":"product","link":"https:\/\/9phases.com\/de\/schwarzer-salbei\/","title":{"rendered":"SCHWARZER SALBEI"},"content":{"rendered":"<p>TR\u00c4UME | INTUITION | MAGIE<\/p>\n<p>Jedes Mal, wenn du deine Intuition st\u00e4rkst, l\u00e4dst du Magie in dein Leben ein.<\/p>\n<p>Dieser Salbei ist tats\u00e4chlich lila. Das ist die Farbe seiner zarten Bl\u00fcten.<\/p>\n<p>Es mag auf den ersten Blick irref\u00fchrend erscheinen, aber so etwas wie Zufall gibt es im gro\u00dfen Plan des Universums nicht. Lila, die letzte Farbe des Regenbogens, symbolisiert das Ende des Bekannten und das Tor zum Unbekannten, eine mystische Pforte zum <a href=\"https:\/\/9phases.com\/category\/spiritual-wisdom\/\">spirituellen Reich<\/a>.<\/p>\n<p>Z\u00fcnde schwarzen Salbei an, um den bedeutungsvollen Akt zu verst\u00e4rken, die Au\u00dfenwelt zum Schweigen zu bringen und Dein h\u00f6heres Selbst anzuzapfen.<\/p>\n","protected":false},"excerpt":{"rendered":"<p>Der Rauch von SCHWARZEM SALBEI verst\u00e4rkt Visionen, erleichtert die innere Verbindung und verst\u00e4rkt unsere F\u00e4higkeit, auf unsere innere Stimme zu h\u00f6ren.<\/p>\n<p>Verwende schwarzen Salbei vor der Meditation und vor dem Schlafengehen, um die innere Ruhe zu finden, die es Dir erm\u00f6glicht, die Fl\u00fcsterungen des Universums zu h\u00f6ren.<\/p>\n<p>VERPACKUNG \u00b7 Jede Packung enth\u00e4lt zwei handgebundene <a href=\"https:\/\/en.wikipedia.org\/wiki\/Salvia_mellifera\">schwarze Salbeib\u00fcndel<\/a>.<\/p>\n<p>HERKUNFT \u00b7 Nachhaltig angebaut und sonnengetrocknet in Kalifornien.<\/p>\n","protected":false},"featured_media":4385,"comment_status":"open","ping_status":"closed","template":"","meta":[],"product_brand":[],"product_cat":[144,97],"product_tag":[232],"class_list":{"0":"post-3677","1":"product","2":"type-product","3":"status-publish","4":"has-post-thumbnail","6":"product_cat-magie-intuition","7":"product_cat-salbei","8":"product_tag-9phases-de","10":"first","11":"instock","12":"taxable","13":"shipping-taxable","14":"purchasable","15":"product-type-simple"},"_links":{"self":[{"href":"https:\/\/9phases.com\/de\/wp-json\/wp\/v2\/product\/3677","targetHints":{"allow":["GET"]}}],"collection":[{"href":"https:\/\/9phases.com\/de\/wp-json\/wp\/v2\/product"}],"about":[{"href":"https:\/\/9phases.com\/de\/wp-json\/wp\/v2\/types\/product"}],"replies":[{"embeddable":true,"href":"https:\/\/9phases.com\/de\/wp-json\/wp\/v2\/comments?post=3677"}],"wp:featuredmedia":[{"embeddable":true,"href":"https:\/\/9phases.com\/de\/wp-json\/wp\/v2\/media\/4385"}],"wp:attachment":[{"href":"https:\/\/9phases.com\/de\/wp-json\/wp\/v2\/media?parent=3677"}],"wp:term":[{"taxonomy":"product_brand","embeddable":true,"href":"https:\/\/9phases.com\/de\/wp-json\/wp\/v2\/product_brand?post=3677"},{"taxonomy":"product_cat","embeddable":true,"href":"https:\/\/9phases.com\/de\/wp-json\/wp\/v2\/product_cat?post=3677"},{"taxonomy":"product_tag","embeddable":true,"href":"https:\/\/9phases.com\/de\/wp-json\/wp\/v2\/product_tag?post=3677"}],"curies":[{"name":"wp","href":"https:\/\/api.w.org\/{rel}","templated":true}]}}