{"id":3748,"date":"2023-10-12T15:42:27","date_gmt":"2023-10-12T13:42:27","guid":{"rendered":"https:\/\/9phases.com\/blauer-salbei\/"},"modified":"2024-07-20T22:32:05","modified_gmt":"2024-07-20T20:32:05","slug":"blauer-salbei","status":"publish","type":"product","link":"https:\/\/9phases.com\/de\/blauer-salbei\/","title":{"rendered":"BLAUER SALBEI"},"content":{"rendered":"<p>WOHLSTAND | RUHE | LICHT<\/p>\n<p>Der sanfte Rauch des blauen Salbeis ist darauf abgestimmt, Segen zu empfangen, und sein Duft ist zarter als der Duft des klassischen wei\u00dfen Salbeis. Er strahlt eine s\u00fc\u00dfe und lichtvolle Atmosph\u00e4re aus, die Gesundheit und Wohlstand bringt.<\/p>\n<p>Die blauen Blumen vom Salbei erwecken, wie das Meer und der Himmel, ein Gef\u00fchl von \u00fcbernat\u00fcrlicher Sch\u00f6nheit.<\/p>\n<p>Blau befreit uns vom Allt\u00e4glichen, beruhigt und k\u00fchlt unsere Gem\u00fcter.<\/p>\n<p>Der bezaubernde hellblaue Rauch dieses Salbeis beseitigt nicht nur Negativit\u00e4t und bietet Schutz wie andere Weisen, sondern besitzt auch eine einzigartige Kraft: die F\u00e4higkeit, Ruhe und Reichtum anzuziehen.<\/p>\n","protected":false},"excerpt":{"rendered":"<p>BLAUER SALBEI ist, der j\u00fcngere Bruder des ber\u00fchmten <a href=\"https:\/\/pl.wikipedia.org\/wiki\/Salvia_apiana\">Weissen Salbei<\/a>.<\/p>\n<p>Der Subtile. Der S\u00fc\u00dfere. Derjenige, der F\u00fclle und Licht einf\u00fchrt.<\/p>\n<p>Z\u00fcnde ihn so oft an, wie du m\u00f6chtest. Es ist immer eine gute Idee, <a href=\"https:\/\/9phases.com\/abundance-intention\/\">F\u00fclle<\/a> in dein Leben einzuladen.<\/p>\n<p>VERPACKUNG \u00b7 Jedes Paket enth\u00e4lt zwei handgebundene Blue Sage B\u00fcndel.<\/p>\n<p>HERKUNFT \u00b7 Nachhaltig angebaut und sonnengetrocknet in Kalifornien.<\/p>\n","protected":false},"featured_media":4352,"comment_status":"open","ping_status":"closed","template":"","meta":[],"product_brand":[],"product_cat":[166,96,97],"product_tag":[232],"class_list":{"0":"post-3748","1":"product","2":"type-product","3":"status-publish","4":"has-post-thumbnail","6":"product_cat-fulle","7":"product_cat-rauchern-produkte","8":"product_cat-salbei","9":"product_tag-9phases-de","11":"first","12":"instock","13":"taxable","14":"shipping-taxable","15":"purchasable","16":"product-type-simple"},"_links":{"self":[{"href":"https:\/\/9phases.com\/de\/wp-json\/wp\/v2\/product\/3748","targetHints":{"allow":["GET"]}}],"collection":[{"href":"https:\/\/9phases.com\/de\/wp-json\/wp\/v2\/product"}],"about":[{"href":"https:\/\/9phases.com\/de\/wp-json\/wp\/v2\/types\/product"}],"replies":[{"embeddable":true,"href":"https:\/\/9phases.com\/de\/wp-json\/wp\/v2\/comments?post=3748"}],"wp:featuredmedia":[{"embeddable":true,"href":"https:\/\/9phases.com\/de\/wp-json\/wp\/v2\/media\/4352"}],"wp:attachment":[{"href":"https:\/\/9phases.com\/de\/wp-json\/wp\/v2\/media?parent=3748"}],"wp:term":[{"taxonomy":"product_brand","embeddable":true,"href":"https:\/\/9phases.com\/de\/wp-json\/wp\/v2\/product_brand?post=3748"},{"taxonomy":"product_cat","embeddable":true,"href":"https:\/\/9phases.com\/de\/wp-json\/wp\/v2\/product_cat?post=3748"},{"taxonomy":"product_tag","embeddable":true,"href":"https:\/\/9phases.com\/de\/wp-json\/wp\/v2\/product_tag?post=3748"}],"curies":[{"name":"wp","href":"https:\/\/api.w.org\/{rel}","templated":true}]}}