{"id":3750,"date":"2023-10-12T15:45:35","date_gmt":"2023-10-12T13:45:35","guid":{"rendered":"https:\/\/9phases.com\/weisser-salbei\/"},"modified":"2024-07-20T22:31:28","modified_gmt":"2024-07-20T20:31:28","slug":"weisser-salbei","status":"publish","type":"product","link":"https:\/\/9phases.com\/de\/weisser-salbei\/","title":{"rendered":"WEISSER SALBEI"},"content":{"rendered":"<p>ENERGIE REINIGUNG | NEUANFANG<\/p>\n<p>Der unangefochtene Star der Energiereinigung.<\/p>\n<p>Verwenden Sie Salbei jederzeit und \u00fcberall.<\/p>\n<p>Wei\u00dfer Salbei ist das ideale Kraut f\u00fcr alle, die ihre Aura reinigen und stagnierende Energie aus ihrer Umgebung vertreiben m\u00f6chten.<\/p>\n<p>Sein dichter, gro\u00dfz\u00fcgiger, erdiger Rauch erzeugt ein sofortiges spirituelles Erwachen und schl\u00e4gt eine Br\u00fccke zwischen dem sichtbaren und dem unsichtbaren Bereich.<\/p>\n<p>Dieser Salbei ist perfekt zum Reinigen Ihrer Aura geeignet; leiten Sie den Rauch einfach \u00fcber Ihr Herz, Ihren Kopf, Ihre Vorderseite und Ihren R\u00fccken, um sich zu reinigen.<\/p>\n<p>Gehe mit dem brennenden Salbei durch dein Zuhause, um den Raum zu reinigen und unerw\u00fcnschte Energien zu vertreiben, die nicht mit deinem wahren Selbst \u00fcbereinstimmen.<\/p>\n","protected":false},"excerpt":{"rendered":"<p>Befreie dich von stagnierenden und falsch ausgerichteten Energien und lasse einen gesunden Energiefluss zu, damit sich dein Potenzial reibungslos entfalten kann.<\/p>\n<p><a href=\"https:\/\/9phases.com\/incense-products\/\">Das R\u00e4uchern<\/a> mit WEI\u00dfEM SALBEI ist ein Ritual des Loslassens, das den Weg f\u00fcr neue M\u00f6glichkeiten und Absichten ebnet. Ergreife das Loslassen und lade das Neue ein.<\/p>\n<p>VERPACKUNG \u00b7 Jede Packung enth\u00e4lt zwei handgebundene B\u00fcndel W<a href=\"https:\/\/pl.wikipedia.org\/wiki\/Salvia_apiana\">ei\u00dfen Salbei<\/a>.<\/p>\n<p>HERKUNFT \u00b7 Nachhaltig angebaut und sonnengetrocknet in Kalifornien.<\/p>\n","protected":false},"featured_media":4379,"comment_status":"open","ping_status":"closed","template":"","meta":[],"product_brand":[],"product_cat":[51,97],"product_tag":[232],"class_list":{"0":"post-3750","1":"product","2":"type-product","3":"status-publish","4":"has-post-thumbnail","6":"product_cat-neue-anfange","7":"product_cat-salbei","8":"product_tag-9phases-de","10":"first","11":"instock","12":"taxable","13":"shipping-taxable","14":"purchasable","15":"product-type-simple"},"_links":{"self":[{"href":"https:\/\/9phases.com\/de\/wp-json\/wp\/v2\/product\/3750","targetHints":{"allow":["GET"]}}],"collection":[{"href":"https:\/\/9phases.com\/de\/wp-json\/wp\/v2\/product"}],"about":[{"href":"https:\/\/9phases.com\/de\/wp-json\/wp\/v2\/types\/product"}],"replies":[{"embeddable":true,"href":"https:\/\/9phases.com\/de\/wp-json\/wp\/v2\/comments?post=3750"}],"wp:featuredmedia":[{"embeddable":true,"href":"https:\/\/9phases.com\/de\/wp-json\/wp\/v2\/media\/4379"}],"wp:attachment":[{"href":"https:\/\/9phases.com\/de\/wp-json\/wp\/v2\/media?parent=3750"}],"wp:term":[{"taxonomy":"product_brand","embeddable":true,"href":"https:\/\/9phases.com\/de\/wp-json\/wp\/v2\/product_brand?post=3750"},{"taxonomy":"product_cat","embeddable":true,"href":"https:\/\/9phases.com\/de\/wp-json\/wp\/v2\/product_cat?post=3750"},{"taxonomy":"product_tag","embeddable":true,"href":"https:\/\/9phases.com\/de\/wp-json\/wp\/v2\/product_tag?post=3750"}],"curies":[{"name":"wp","href":"https:\/\/api.w.org\/{rel}","templated":true}]}}