{"id":3751,"date":"2023-10-12T15:46:29","date_gmt":"2023-10-12T13:46:29","guid":{"rendered":"https:\/\/9phases.com\/yerba-santa-weisser-salbei\/"},"modified":"2024-07-20T22:30:49","modified_gmt":"2024-07-20T20:30:49","slug":"yerba-santa-weisser-salbei","status":"publish","type":"product","link":"https:\/\/9phases.com\/de\/yerba-santa-weisser-salbei\/","title":{"rendered":"YERBA SANTA | WEISSER SALBEI"},"content":{"rendered":"<p>LIEBE | ST\u00c4RKUNG | FREUDE<\/p>\n<p>Jeder Wunsch nach Liebe profitiert auch von den Vinrationen von wei\u00dfen Salbei.<\/p>\n<p>Yerba Santa l\u00f6st Verbindungen an unsere vergangenen Liebesgeschichten und schafft Raum f\u00fcr Neue. Zusammen bilden diese beiden eine wirksame Mischung, die heilt, befreit und in Ihrem Herzen Platz f\u00fcr <a href=\"https:\/\/9phases.com\/love\/\">Liebe<\/a> schafft.<\/p>\n<p>Das Anz\u00fcnden von Yerba Santa erfordert Zeit und Hingabe; eine kleine Kerze oder ein Streichholz reichen nicht aus.<\/p>\n<p>Sein Kr\u00e4uterrauch ist weniger gro\u00dfz\u00fcgig als der von Salbei und spiegelt die unbequeme Wahrheit wider, dass die Liebe unser Leben antreibt, aber nicht immer leicht zu haben ist.<\/p>\n<p>Das erinnert uns daran, dass wir zwar dazu geschaffen sind, zu lieben und geliebt zu werden, dass wir aber die Feinheiten der Liebe durch die Pr\u00fcfungen des Lebens lernen.<\/p>\n","protected":false},"excerpt":{"rendered":"<p>YERBA SANTA befreit das <a href=\"https:\/\/pl.wikipedia.org\/wiki\/Anahata\">Herzchakra<\/a> von gespeichertem Schmerz und Leid und ebnet den Weg zur erneuten Liebe, authentisch und vollst\u00e4ndig.<\/p>\n<p>VERPACKUNG \u00b7 Jede Packung enth\u00e4lt zwei handgebundene Yerba Santa, mit White Sage angereicherte, B\u00fcndel.<\/p>\n<p>HERKUNFT \u00b7 Nachhaltig angebaut und sonnengetrocknet in Kalifornien.<\/p>\n","protected":false},"featured_media":4382,"comment_status":"open","ping_status":"closed","template":"","meta":[],"product_brand":[],"product_cat":[169,96],"product_tag":[232],"class_list":{"0":"post-3751","1":"product","2":"type-product","3":"status-publish","4":"has-post-thumbnail","6":"product_cat-liebe","7":"product_cat-rauchern-produkte","8":"product_tag-9phases-de","10":"first","11":"instock","12":"taxable","13":"shipping-taxable","14":"purchasable","15":"product-type-simple"},"_links":{"self":[{"href":"https:\/\/9phases.com\/de\/wp-json\/wp\/v2\/product\/3751","targetHints":{"allow":["GET"]}}],"collection":[{"href":"https:\/\/9phases.com\/de\/wp-json\/wp\/v2\/product"}],"about":[{"href":"https:\/\/9phases.com\/de\/wp-json\/wp\/v2\/types\/product"}],"replies":[{"embeddable":true,"href":"https:\/\/9phases.com\/de\/wp-json\/wp\/v2\/comments?post=3751"}],"wp:featuredmedia":[{"embeddable":true,"href":"https:\/\/9phases.com\/de\/wp-json\/wp\/v2\/media\/4382"}],"wp:attachment":[{"href":"https:\/\/9phases.com\/de\/wp-json\/wp\/v2\/media?parent=3751"}],"wp:term":[{"taxonomy":"product_brand","embeddable":true,"href":"https:\/\/9phases.com\/de\/wp-json\/wp\/v2\/product_brand?post=3751"},{"taxonomy":"product_cat","embeddable":true,"href":"https:\/\/9phases.com\/de\/wp-json\/wp\/v2\/product_cat?post=3751"},{"taxonomy":"product_tag","embeddable":true,"href":"https:\/\/9phases.com\/de\/wp-json\/wp\/v2\/product_tag?post=3751"}],"curies":[{"name":"wp","href":"https:\/\/api.w.org\/{rel}","templated":true}]}}