{"id":3779,"date":"2023-10-24T17:21:49","date_gmt":"2023-10-24T15:21:49","guid":{"rendered":"https:\/\/9phases.com\/augenkissen-love\/"},"modified":"2024-07-20T22:30:08","modified_gmt":"2024-07-20T20:30:08","slug":"augenkissen-love","status":"publish","type":"product","link":"https:\/\/9phases.com\/de\/augenkissen-love\/","title":{"rendered":"AUGENKISSEN LOVE"},"content":{"rendered":"<p>F\u00dcHLE DIE LIEBE<\/p>\n<p>Wenn du sp\u00fcrst, dass es Zeit ist, dich um deine emotionalen Wunden zu k\u00fcmmern, fang mit Selbstliebe an und \u00f6ffne dein Herz f\u00fcr neue Liebe. Lege unsere Augenkissen LOVE \u00fcber deine Augen.<\/p>\n<p>Der sanfte Druck von Senfk\u00f6rnern und Kunzit <a href=\"https:\/\/9phases.com\/crystal-products\/\">Kristallen<\/a> erzeugt ein beruhigendes Gef\u00fchl, das dir hilft loszulassen und dich auf die Energie von Liebe einzustimmen. Kunzit hilft dabei, Blockaden des Herzens zu l\u00f6sen und f\u00f6rdert alle Arten von Liebe. Von Selbstliebe \u00fcber Familienliebe bis hin zur romantischen Liebe.<\/p>\n<p>Jedes unserer Kissen ist mit getrockneten franz\u00f6sischen Lavendelbl\u00fcten gef\u00fcllt \u2013 ihr sanfter Duft ist immer eine beruhigende Wahl und hilft, Stress und Negativit\u00e4t abzuwehren.<\/p>\n<p>Das Kissen ist ideal zur Entspannung nach dem Yoga. Platziere es einfach nach deiner Yogapraxis auf deinem Gesicht, besonders w\u00e4hrend der Entspannung in der <a href=\"https:\/\/en.wikipedia.org\/wiki\/Shavasana\" rel=\"nofollow noopener\" target=\"_blank\">Shavasana-Position<\/a>.<\/p>\n<p>Du wirst es auch ideal finden f\u00fcr Momente, in denen du einer gef\u00fchrten Meditation lauscht oder einfach mal die Gelegenheit nutzt, dich hinzulegen, die Augen zu schlie\u00dfen und zu entspannen. Wir empfehlen dir, es in deine abendliche Routine zu integrieren, um einen friedlichen \u00dcbergang in den Schlaf zu erleichtern.<\/p>\n","protected":false},"excerpt":{"rendered":"<p>Mit Kristallen gef\u00fclltes duftendes Seiden-Augenkissen<\/p>\n<p>Immer wenn du dich nach tiefer Entspannung sehnst, bedecke einfach deine Augen mit diesem Augenkissen. Sein sanftes Gewicht beruhigt deine Gedanken und hilft dir, Gelassenheit zu finden.<\/p>\n<p>MATERIAL \u00b7 100 % nat\u00fcrliche italienische Seide<\/p>\n<p>F\u00dcLLUNG \u00b7 Wei\u00dfe Senfk\u00f6rner, Kuznit-Kristalle, getrocknete franz\u00f6sische Lavendelbl\u00fcten<\/p>\n<p>Bitte beachte, dass jedes Augenkissen einzigartig ist und in der Form leicht variieren kann. Jedes Augenkissen wird liebevoll von erfahrenen Schneiderinnen in Warschau handgefertigt und ist mit Sorgfalt sowie positiver Energie gef\u00fcllt.<\/p>\n","protected":false},"featured_media":4388,"comment_status":"open","ping_status":"closed","template":"","meta":[],"product_brand":[],"product_cat":[169,168,98],"product_tag":[232],"class_list":{"0":"post-3779","1":"product","2":"type-product","3":"status-publish","4":"has-post-thumbnail","6":"product_cat-liebe","7":"product_cat-ruhe","8":"product_cat-schlaf-meditation-produkte","9":"product_tag-9phases-de","11":"first","12":"outofstock","13":"taxable","14":"shipping-taxable","15":"purchasable","16":"product-type-simple"},"_links":{"self":[{"href":"https:\/\/9phases.com\/de\/wp-json\/wp\/v2\/product\/3779","targetHints":{"allow":["GET"]}}],"collection":[{"href":"https:\/\/9phases.com\/de\/wp-json\/wp\/v2\/product"}],"about":[{"href":"https:\/\/9phases.com\/de\/wp-json\/wp\/v2\/types\/product"}],"replies":[{"embeddable":true,"href":"https:\/\/9phases.com\/de\/wp-json\/wp\/v2\/comments?post=3779"}],"wp:featuredmedia":[{"embeddable":true,"href":"https:\/\/9phases.com\/de\/wp-json\/wp\/v2\/media\/4388"}],"wp:attachment":[{"href":"https:\/\/9phases.com\/de\/wp-json\/wp\/v2\/media?parent=3779"}],"wp:term":[{"taxonomy":"product_brand","embeddable":true,"href":"https:\/\/9phases.com\/de\/wp-json\/wp\/v2\/product_brand?post=3779"},{"taxonomy":"product_cat","embeddable":true,"href":"https:\/\/9phases.com\/de\/wp-json\/wp\/v2\/product_cat?post=3779"},{"taxonomy":"product_tag","embeddable":true,"href":"https:\/\/9phases.com\/de\/wp-json\/wp\/v2\/product_tag?post=3779"}],"curies":[{"name":"wp","href":"https:\/\/api.w.org\/{rel}","templated":true}]}}