{"id":3780,"date":"2023-10-24T17:23:35","date_gmt":"2023-10-24T15:23:35","guid":{"rendered":"https:\/\/9phases.com\/augenkissen-witchy-witch\/"},"modified":"2024-07-20T22:30:10","modified_gmt":"2024-07-20T20:30:10","slug":"augenkissen-witchy-witch","status":"publish","type":"product","link":"https:\/\/9phases.com\/de\/augenkissen-witchy-witch\/","title":{"rendered":"AUGENKISSEN WITCHY WITCH"},"content":{"rendered":"<p>DIE HEXE IN DIR<\/p>\n<p>Um deine innere Stimme zu h\u00f6ren, musst du \u00e4u\u00dfere Stille finden. Leg dich hin und sch\u00fctze dich vor ablenkendem Licht mit unserem Seiden- und Samt-Augenkissen.<\/p>\n<p>Sein sanftes Gewicht beruhigt deine Gedanken und hilft dir, Gelassenheit zu finden.<\/p>\n<p>Erlaube es den subtilen Gewicht von Amethyst-Kristallen und wei\u00dfen Senfsamen, deine Erm\u00fcdung zu lindern und deinen Geist zur Ruhe zu bringen. Amethyst \u00f6ffnet dein Drittes <a href=\"https:\/\/en.wikipedia.org\/wiki\/Ajna\" rel=\"nofollow noopener\" target=\"_blank\">Auge-Chakra<\/a> und st\u00e4rkt deine Intuition.<\/p>\n<p>Jedes unserer Augenkissen ist mit getrockneten franz\u00f6sischen Lavendelbl\u00fcten gef\u00fcllt. Ihr sanfter Duft ist stets eine wohltuende Wahl und hilft, Stress und Negativit\u00e4t abzuwehren.<\/p>\n<p>Das Augenkissen eignet sich ideal zur Entspannung nach dem Yoga. Lege es einfach nach deiner Yoga-Praxis auf dein Gesicht, besonders w\u00e4hrend der Entspannung in der Savasana-Position.<\/p>\n<p>Du wirst es auch ideal finden f\u00fcr Momente, in denen du einer gef\u00fchrten Meditation lauscht oder einfach mal die Gelegenheit nutzt, dich hinzulegen, die Augen zu schlie\u00dfen und zu entspannen. Wir empfehlen dir, es in deine abendliche Routine zu integrieren, um einen friedlichen \u00dcbergang in den Schlaf zu erleichtern.<\/p>\n","protected":false},"excerpt":{"rendered":"<h3>Mit Kristallen gef\u00fclltes duftendes Seiden- und Samt-Augenkissen<\/h3>\n<p>Immer wenn du dich nach tiefer Entspannung sehnst, bedecke einfach deine Augen mit diesem Augenkissen. Sein sanftes Gewicht beruhigt deine Gedanken und hilft dir, Gelassenheit zu finden.<\/p>\n<p>Die Seidenseite des Kissens sorgt f\u00fcr ein glattes und k\u00fchles Gef\u00fchl, ideal f\u00fcr hei\u00dfe Tage oder Momente, in denen du eine innere Hitze sp\u00fcrst und eine erfrischende Abk\u00fchlung suchst. Die Samtseite bietet ein kontrastreiches Erlebnis und h\u00fcllt dich in Komfort und W\u00e4rme.<\/p>\n<p>Es ist perfekt f\u00fcr k\u00fchle Tage oder wenn du einfach eine zus\u00e4tzliche Schicht beruhigender und warmer Sanftheit auf deinem Gesicht w\u00fcnschst.<\/p>\n<p>MATERIAL \u00b7 100 % nat\u00fcrliche italienische Seide, 100 % Bio-Samt<\/p>\n<p>F\u00dcLLUNG \u00b7 Wei\u00dfe Senfk\u00f6rner, Amethystkristalle, getrocknete franz\u00f6sische Lavendelbl\u00fcten<\/p>\n<p>Bitte beachte, dass jedes Augenkissen einzigartig ist und in der Form leicht variieren kann. Jedes Augenkissen wird liebevoll von erfahrenen Schneiderinnen in Warschau handgefertigt und ist mit Sorgfalt sowie positiver Energie gef\u00fcllt.<\/p>\n","protected":false},"featured_media":4400,"comment_status":"open","ping_status":"closed","template":"","meta":[],"product_brand":[],"product_cat":[144,168,98],"product_tag":[232],"class_list":{"0":"post-3780","1":"product","2":"type-product","3":"status-publish","4":"has-post-thumbnail","6":"product_cat-magie-intuition","7":"product_cat-ruhe","8":"product_cat-schlaf-meditation-produkte","9":"product_tag-9phases-de","11":"first","12":"outofstock","13":"taxable","14":"shipping-taxable","15":"purchasable","16":"product-type-simple"},"_links":{"self":[{"href":"https:\/\/9phases.com\/de\/wp-json\/wp\/v2\/product\/3780","targetHints":{"allow":["GET"]}}],"collection":[{"href":"https:\/\/9phases.com\/de\/wp-json\/wp\/v2\/product"}],"about":[{"href":"https:\/\/9phases.com\/de\/wp-json\/wp\/v2\/types\/product"}],"replies":[{"embeddable":true,"href":"https:\/\/9phases.com\/de\/wp-json\/wp\/v2\/comments?post=3780"}],"wp:featuredmedia":[{"embeddable":true,"href":"https:\/\/9phases.com\/de\/wp-json\/wp\/v2\/media\/4400"}],"wp:attachment":[{"href":"https:\/\/9phases.com\/de\/wp-json\/wp\/v2\/media?parent=3780"}],"wp:term":[{"taxonomy":"product_brand","embeddable":true,"href":"https:\/\/9phases.com\/de\/wp-json\/wp\/v2\/product_brand?post=3780"},{"taxonomy":"product_cat","embeddable":true,"href":"https:\/\/9phases.com\/de\/wp-json\/wp\/v2\/product_cat?post=3780"},{"taxonomy":"product_tag","embeddable":true,"href":"https:\/\/9phases.com\/de\/wp-json\/wp\/v2\/product_tag?post=3780"}],"curies":[{"name":"wp","href":"https:\/\/api.w.org\/{rel}","templated":true}]}}