{"id":3796,"date":"2023-10-24T17:27:15","date_gmt":"2023-10-24T15:27:15","guid":{"rendered":"https:\/\/9phases.com\/schwarzer-turmalin\/"},"modified":"2024-07-20T22:28:58","modified_gmt":"2024-07-20T20:28:58","slug":"schwarzer-turmalin","status":"publish","type":"product","link":"https:\/\/9phases.com\/de\/schwarzer-turmalin\/","title":{"rendered":"SCHWARZER TURMALIN"},"content":{"rendered":"<p>STEIN DES SCHUTZES<\/p>\n<p>Sichere dich und deine Lieben mit schwarem Turmalin, indem du ihn idealerweise in der N\u00e4he der Haust\u00fcr platzierst und ihn als deinen Besch\u00fctzer wirken l\u00e4sst.<\/p>\n<p>Schwarz ist eine zeitlose und auff\u00e4llige Wahl, die Kraft und Reichtum ausstrahlt und gleichzeitig ein Gef\u00fchl der Ruhe vermittelt. Der schwarze Turmalin bildet da keine Ausnahme.<\/p>\n<p>In der Komplexit\u00e4t unserer menschlichen Erfahrung mit ihren Turbulenzen, schnellen Ver\u00e4nderungen, Stress und Energien, die uns nicht immer wohlgesonnen sind, ist es wichtig, sich gesch\u00fctzt zu f\u00fchlen. Wir \u00fcbersehen oft die Tatsache, dass das Gef\u00fchl der Sicherheit ein entscheidender Aspekt unseres emotionalen und geistigen Wohlbefindens ist, ein grundlegendes Element unserer Selbstf\u00fcrsorge.<\/p>\n","protected":false},"excerpt":{"rendered":"<p>SCHWARZER TURMALIN gilt als einer der sch\u00fctzendsten <a href=\"https:\/\/9phases.com\/crystal-products\/\">Kristalle<\/a> \u200b\u200bauf dem Markt. Es besitzt die bemerkenswerte F\u00e4higkeit, praktisch alles zu absorbieren &#8211; negative Schwingungen, stagnierende Energien und b\u00f6sartige Gedanken von anderen. Er dient als Schutzschild gegen Ungl\u00fcck und b\u00f6swillige Absichten.<\/p>\n<p>CHAKRA \u00b7 <a href=\"https:\/\/en.wikipedia.org\/wiki\/Muladhara\">Wurzel<\/a><\/p>\n<p>HERKUNFT \u00b7 Brasilien<\/p>\n<p>GEWICHT \u00b7 500-750g<\/p>\n<p>GR\u00d6SSE \u00b7 ca. 7\u201310 cm L\u00e4nge, 5\u20137 cm Breite<\/p>\n<p>Bitte beachten Sie, dass jeder Stein einzigartig ist und in Form und Gr\u00f6\u00dfe variieren kann.<\/p>\n","protected":false},"featured_media":4330,"comment_status":"open","ping_status":"closed","template":"","meta":[],"product_brand":[],"product_cat":[52,51],"product_tag":[232],"class_list":{"0":"post-3796","1":"product","2":"type-product","3":"status-publish","4":"has-post-thumbnail","6":"product_cat-kristalle-produkte","7":"product_cat-neue-anfange","8":"product_tag-9phases-de","10":"first","11":"instock","12":"taxable","13":"shipping-taxable","14":"purchasable","15":"product-type-variable"},"_links":{"self":[{"href":"https:\/\/9phases.com\/de\/wp-json\/wp\/v2\/product\/3796","targetHints":{"allow":["GET"]}}],"collection":[{"href":"https:\/\/9phases.com\/de\/wp-json\/wp\/v2\/product"}],"about":[{"href":"https:\/\/9phases.com\/de\/wp-json\/wp\/v2\/types\/product"}],"replies":[{"embeddable":true,"href":"https:\/\/9phases.com\/de\/wp-json\/wp\/v2\/comments?post=3796"}],"wp:featuredmedia":[{"embeddable":true,"href":"https:\/\/9phases.com\/de\/wp-json\/wp\/v2\/media\/4330"}],"wp:attachment":[{"href":"https:\/\/9phases.com\/de\/wp-json\/wp\/v2\/media?parent=3796"}],"wp:term":[{"taxonomy":"product_brand","embeddable":true,"href":"https:\/\/9phases.com\/de\/wp-json\/wp\/v2\/product_brand?post=3796"},{"taxonomy":"product_cat","embeddable":true,"href":"https:\/\/9phases.com\/de\/wp-json\/wp\/v2\/product_cat?post=3796"},{"taxonomy":"product_tag","embeddable":true,"href":"https:\/\/9phases.com\/de\/wp-json\/wp\/v2\/product_tag?post=3796"}],"curies":[{"name":"wp","href":"https:\/\/api.w.org\/{rel}","templated":true}]}}