{"id":3798,"date":"2023-11-29T16:02:39","date_gmt":"2023-11-29T15:02:39","guid":{"rendered":"https:\/\/9phases.com\/selenit-kugel\/"},"modified":"2024-07-20T22:26:59","modified_gmt":"2024-07-20T20:26:59","slug":"selenit-kugel","status":"publish","type":"product","link":"https:\/\/9phases.com\/de\/selenit-kugel\/","title":{"rendered":"SELENIT KUGEL"},"content":{"rendered":"<p>STEIN DER MONDG\u00d6TTIN SELENE<\/p>\n<p>Die Selenitkugel \u00e4hnelt einem <a href=\"https:\/\/simple.wikipedia.org\/wiki\/Phases_of_the_Moon\" rel=\"nofollow noopener\" target=\"_blank\">Vollmond<\/a> und verk\u00f6rpert dessen Potenzial, da sie Energie gleichm\u00e4\u00dfig und sanft in alle Richtungen ausstrahlt.<\/p>\n<p>Er ist ein unverzichtbarer Kristall, egal ob du geistige Klarheit oder eine tiefere spirituelle Verbindung suchst. Selenit hat das Potenzial, deinen Weg mit seiner strahlender und gelassener Energie zu erhellen.<\/p>\n<p>Stelle ihn ins Wohnzimmer oder auf den Nachttisch. Lass Selenit deine Sinne beruhigen und dir sanfte, hochschwingende Energie senden.<\/p>\n","protected":false},"excerpt":{"rendered":"<p>Sp\u00fcre die bezaubernde Energie der Selenitkugel und lass Ausgewogenheit und Gelassenheit in deinen Raum flie\u00dfen.<\/p>\n<p>Die Kugel mit ihrer geheimnisvollen und subtilen Form, ohne Kanten und Spitzen, steht f\u00fcr Perfektion, Geschmeidigkeit und hat eine unwiderstehliche Anziehungskraft.<\/p>\n<p>CHAKRA \u00b7 Drittes Auge und Krone<\/p>\n<p>HERKUNFT \u00b7 Marokko<\/p>\n<p>GR\u00d6SSE \u00b7 In verschiedenen Gr\u00f6\u00dfen erh\u00e4ltlich &#8211; S (circa 6cm &amp; 250-280g) M (circa 7 cm&amp; 550-650g)<\/p>\n<p>Bitte beachten Sie, dass jeder <a href=\"https:\/\/9phases.com\/crystal-products\/\">Stein<\/a> einzigartig ist und in Form und Gr\u00f6\u00dfe variieren kann.<\/p>\n","protected":false},"featured_media":4333,"comment_status":"open","ping_status":"closed","template":"","meta":[],"product_brand":[],"product_cat":[52,144],"product_tag":[232],"class_list":{"0":"post-3798","1":"product","2":"type-product","3":"status-publish","4":"has-post-thumbnail","6":"product_cat-kristalle-produkte","7":"product_cat-magie-intuition","8":"product_tag-9phases-de","10":"first","11":"instock","12":"taxable","13":"shipping-taxable","14":"purchasable","15":"product-type-variable"},"_links":{"self":[{"href":"https:\/\/9phases.com\/de\/wp-json\/wp\/v2\/product\/3798","targetHints":{"allow":["GET"]}}],"collection":[{"href":"https:\/\/9phases.com\/de\/wp-json\/wp\/v2\/product"}],"about":[{"href":"https:\/\/9phases.com\/de\/wp-json\/wp\/v2\/types\/product"}],"replies":[{"embeddable":true,"href":"https:\/\/9phases.com\/de\/wp-json\/wp\/v2\/comments?post=3798"}],"wp:featuredmedia":[{"embeddable":true,"href":"https:\/\/9phases.com\/de\/wp-json\/wp\/v2\/media\/4333"}],"wp:attachment":[{"href":"https:\/\/9phases.com\/de\/wp-json\/wp\/v2\/media?parent=3798"}],"wp:term":[{"taxonomy":"product_brand","embeddable":true,"href":"https:\/\/9phases.com\/de\/wp-json\/wp\/v2\/product_brand?post=3798"},{"taxonomy":"product_cat","embeddable":true,"href":"https:\/\/9phases.com\/de\/wp-json\/wp\/v2\/product_cat?post=3798"},{"taxonomy":"product_tag","embeddable":true,"href":"https:\/\/9phases.com\/de\/wp-json\/wp\/v2\/product_tag?post=3798"}],"curies":[{"name":"wp","href":"https:\/\/api.w.org\/{rel}","templated":true}]}}