{"id":3799,"date":"2023-11-29T16:17:16","date_gmt":"2023-11-29T15:17:16","guid":{"rendered":"https:\/\/9phases.com\/rosenquarz-duo-set\/"},"modified":"2024-07-20T22:27:02","modified_gmt":"2024-07-20T20:27:02","slug":"rosenquarz-duo-set","status":"publish","type":"product","link":"https:\/\/9phases.com\/de\/rosenquarz-duo-set\/","title":{"rendered":"ROSENQUARZ DUO SET"},"content":{"rendered":"<p>STEIN DER LIEBE &amp; HARMONIE<\/p>\n<p>Rosenquarz strahlt Mitgef\u00fchl, W\u00e4rme und Harmonie aus.<\/p>\n<p>Lass seine zeitlose Sch\u00f6nheit und lebendige Energie dein Leben mit bedingungsloser Liebe erf\u00fcllen.<\/p>\n<p>Ob du bestehende Beziehungen vertiefen oder neue Liebe anziehen wilsst, der Rosenquarz ist dein m\u00e4chtiger Verb\u00fcndeter. Er f\u00f6rdert das Verst\u00e4ndnis, verbessert die Kommunikation und st\u00e4rkt das Gef\u00fchl der Zusammengeh\u00f6rigkeit.<\/p>\n<p>Du kannst ihn auf deinem Nachttisch oder im s\u00fcdwestlichen Teil deines Schlafzimmers platzieren.<\/p>\n","protected":false},"excerpt":{"rendered":"<p>In jedem Set befinden sich zwei Kristalle. Ein Rosenquartz symbolisiert dich und erweckt die Liebe in Dir, der andere Kristall soll die Liebe anziehen, die du dir w\u00fcnschst.<\/p>\n<p>CHAKRA \u00b7 Herzchakra<\/p>\n<p>HERKUNFT \u00b7 Brasilien<\/p>\n<p>GR\u00d6SSE \u00b7 L\u00e4nge\/Breite eines Kristalls ca. 5-7cm &amp; 4cm, das Set aus 2 <a href=\"https:\/\/9phases.com\/crystal-products\/\">Kristallen<\/a> wiegt ca. 170-200g<\/p>\n<p>VERPACKUNG \u00b7 Zwei <a href=\"https:\/\/simple.wikipedia.org\/wiki\/Rose_quartz\">Rosenquarzkristalle<\/a>, begleitet von einem speziell angefertigten Beutel zur Aufbewahrung der Kristalle.<\/p>\n<p>Bitte beachten Sie, dass jeder Stein einzigartig ist und in Form und Gr\u00f6\u00dfe variieren kann.<\/p>\n","protected":false},"featured_media":4321,"comment_status":"open","ping_status":"closed","template":"","meta":[],"product_brand":[],"product_cat":[52,169],"product_tag":[232],"class_list":{"0":"post-3799","1":"product","2":"type-product","3":"status-publish","4":"has-post-thumbnail","6":"product_cat-kristalle-produkte","7":"product_cat-liebe","8":"product_tag-9phases-de","10":"first","11":"instock","12":"featured","13":"taxable","14":"shipping-taxable","15":"purchasable","16":"product-type-simple"},"_links":{"self":[{"href":"https:\/\/9phases.com\/de\/wp-json\/wp\/v2\/product\/3799","targetHints":{"allow":["GET"]}}],"collection":[{"href":"https:\/\/9phases.com\/de\/wp-json\/wp\/v2\/product"}],"about":[{"href":"https:\/\/9phases.com\/de\/wp-json\/wp\/v2\/types\/product"}],"replies":[{"embeddable":true,"href":"https:\/\/9phases.com\/de\/wp-json\/wp\/v2\/comments?post=3799"}],"wp:featuredmedia":[{"embeddable":true,"href":"https:\/\/9phases.com\/de\/wp-json\/wp\/v2\/media\/4321"}],"wp:attachment":[{"href":"https:\/\/9phases.com\/de\/wp-json\/wp\/v2\/media?parent=3799"}],"wp:term":[{"taxonomy":"product_brand","embeddable":true,"href":"https:\/\/9phases.com\/de\/wp-json\/wp\/v2\/product_brand?post=3799"},{"taxonomy":"product_cat","embeddable":true,"href":"https:\/\/9phases.com\/de\/wp-json\/wp\/v2\/product_cat?post=3799"},{"taxonomy":"product_tag","embeddable":true,"href":"https:\/\/9phases.com\/de\/wp-json\/wp\/v2\/product_tag?post=3799"}],"curies":[{"name":"wp","href":"https:\/\/api.w.org\/{rel}","templated":true}]}}