{"id":3801,"date":"2024-04-24T15:07:30","date_gmt":"2024-04-24T13:07:30","guid":{"rendered":"https:\/\/9phases.com\/augenkissen-harmony\/"},"modified":"2024-07-20T22:25:48","modified_gmt":"2024-07-20T20:25:48","slug":"augenkissen-harmony","status":"publish","type":"product","link":"https:\/\/9phases.com\/de\/augenkissen-harmony\/","title":{"rendered":"AUGENKISSEN HARMONY"},"content":{"rendered":"<p>ERFAHRE DIE HARMONIE<\/p>\n<p>Wann immer du dich nach tiefer Entspannung sehnst, greife zu unserem silbergrauen Augenkissen aus Seide. Sein sanftes Gewicht beruhigt deine Gedanken und l\u00e4dt dich ein, zur Ruhe zu kommen.<\/p>\n<p>Unser Augenkissen ist mit Chalcedon, dem ultimativen Ruhekristall, angereichert und sorgt f\u00fcr Gleichgewicht und Frieden. Chalcedon Kristall bringt deinen K\u00f6rper, Verstand und Seele in Einklang und erm\u00f6glicht dir, ein tiefes <a href=\"https:\/\/9phases.com\/rest\/\">Gef\u00fchl der Ruhe<\/a> und seligen Leichtigkeit zu erleben.<\/p>\n<p>Jedes unserer Augenkissen ist mit getrockneten franz\u00f6sischen Lavendelbl\u00fcten gef\u00fcllt. Ihr sanfter Duft ist stets eine wohltuende Wahl und hilft, Stress und Negativit\u00e4t abzuwehren.<\/p>\n<p>Das Kissen ist ideal zur Entspannung nach dem Yoga. Platziere es einfach nach deiner Yogapraxis auf deinem Gesicht, besonders w\u00e4hrend der Entspannung in der Shavasana-Position.<\/p>\n<p>Du wirst es auch ideal finden f\u00fcr Momente, in denen du einer gef\u00fchrten Meditation lauscht oder einfach mal die Gelegenheit nutzt, dich hinzulegen, die Augen zu schlie\u00dfen und zu entspannen. Wir empfehlen dir, es in deine abendliche Routine zu integrieren, um einen friedlichen \u00dcbergang in den Schlaf zu erleichtern.<\/p>\n","protected":false},"excerpt":{"rendered":"<h3>Mit Kristallen gef\u00fclltes duftendes Seiden-Augenkissen<\/h3>\n<p>MATERIAL \u00b7 100 % nat\u00fcrliche italienische Seide<\/p>\n<p>F\u00dcLLUNG \u00b7 Wei\u00dfe Senfk\u00f6rner, <a href=\"https:\/\/pl.wikipedia.org\/wiki\/Chalcedon_(minera%C5%82)\">Chalcedonkristalle<\/a>, getrocknete franz\u00f6sische Lavendelbl\u00fcten<\/p>\n<p>Bitte beachten Sie, dass jedes Kissen einzigartig ist und die Form leicht variieren kann. Jedes Augenkissen wird liebevoll von erfahrenen Schneiderinnen in Warschau handgefertigt und ist mit Sorgfalt sowie positiver Energie gef\u00fcllt.<\/p>\n","protected":false},"featured_media":4397,"comment_status":"open","ping_status":"closed","template":"","meta":[],"product_brand":[],"product_cat":[168,98],"product_tag":[232],"class_list":{"0":"post-3801","1":"product","2":"type-product","3":"status-publish","4":"has-post-thumbnail","6":"product_cat-ruhe","7":"product_cat-schlaf-meditation-produkte","8":"product_tag-9phases-de","10":"first","11":"outofstock","12":"taxable","13":"shipping-taxable","14":"purchasable","15":"product-type-simple"},"_links":{"self":[{"href":"https:\/\/9phases.com\/de\/wp-json\/wp\/v2\/product\/3801","targetHints":{"allow":["GET"]}}],"collection":[{"href":"https:\/\/9phases.com\/de\/wp-json\/wp\/v2\/product"}],"about":[{"href":"https:\/\/9phases.com\/de\/wp-json\/wp\/v2\/types\/product"}],"replies":[{"embeddable":true,"href":"https:\/\/9phases.com\/de\/wp-json\/wp\/v2\/comments?post=3801"}],"wp:featuredmedia":[{"embeddable":true,"href":"https:\/\/9phases.com\/de\/wp-json\/wp\/v2\/media\/4397"}],"wp:attachment":[{"href":"https:\/\/9phases.com\/de\/wp-json\/wp\/v2\/media?parent=3801"}],"wp:term":[{"taxonomy":"product_brand","embeddable":true,"href":"https:\/\/9phases.com\/de\/wp-json\/wp\/v2\/product_brand?post=3801"},{"taxonomy":"product_cat","embeddable":true,"href":"https:\/\/9phases.com\/de\/wp-json\/wp\/v2\/product_cat?post=3801"},{"taxonomy":"product_tag","embeddable":true,"href":"https:\/\/9phases.com\/de\/wp-json\/wp\/v2\/product_tag?post=3801"}],"curies":[{"name":"wp","href":"https:\/\/api.w.org\/{rel}","templated":true}]}}