{"id":3802,"date":"2024-05-14T14:14:42","date_gmt":"2024-05-14T12:14:42","guid":{"rendered":"https:\/\/9phases.com\/salbei-trio-set\/"},"modified":"2024-07-20T22:25:06","modified_gmt":"2024-07-20T20:25:06","slug":"salbei-trio-set","status":"publish","type":"product","link":"https:\/\/9phases.com\/de\/salbei-trio-set\/","title":{"rendered":"SALBEI TRIO SET"},"content":{"rendered":"<h3>NEW BEGINNINGS | ABUNDANCE | MAGIC Salbei Trio Set<\/h3>\n<p>Du kannst sie alle haben. Den Wei\u00dfen, Schwarzen und Blauen.<\/p>\n<p>Erlaube dem Salbei dir zu hrlfen wann auch immer du ihn brauchst. Reinige die Energie, greife auf deine innere Weisheit zu und rufe die Segnungen durch das alte Ritual des R\u00e4ucherns herbei.<\/p>\n<p>WEISSER SALBEI ist der unangefochtene Star der Energiereinigung.<\/p>\n<p>Wei\u00dfer Salbei ist das ideale Kraut f\u00fcr alle, die ihre Aura reinigen und stagnierende Energie aus ihrer Umgebung vertreiben m\u00f6chten.<\/p>\n<p>SCHWARZER SALBEI &#8211; Z\u00fcnde IHN an, um die bedeutungsvolle Handlung des Abschaltens der Au\u00dfenwelt zu verst\u00e4rken und mit deinem h\u00f6heren Selbst in Kontakt zu treten.<\/p>\n<p>Verwende schwarzen Salbei vor der Meditation und vor dem Schlafengehen, um die innere Ruhe zu finden, die es Dir erm\u00f6glicht, die Fl\u00fcsterungen des Universums zu h\u00f6ren.<\/p>\n<p><a href=\"https:\/\/9phases.com\/blue-sage\/\">BLAUER SALBEI<\/a> ist eine s\u00fc\u00dfere und dezenter duftende Salbeisorte. Derjenige, der F\u00fclle und Licht einf\u00fchrt. Der sanfte Rauch des blauen Salbeis ist darauf abgestimmt, Segen zu empfangen, und sein Duft ist zarter als der Duft des klassischen wei\u00dfen Salbeis. Er strahlt eine s\u00fc\u00dfe und lichtvolle Atmosph\u00e4re aus, die Gesundheit und Wohlstand bringt.<\/p>\n<p>Z\u00fcnde ihn so oft an, wie du m\u00f6chtest. Es ist immer eine gute Idee, F\u00fclle in dein Leben einzuladen.<\/p>\n","protected":false},"excerpt":{"rendered":"<p>Das R\u00e4uchern mit <a href=\"https:\/\/en.wikipedia.org\/wiki\/Salvia_apiana\">WEI\u00dfEM SALBEI<\/a> ist ein Ritual des Loslassens, das den Weg f\u00fcr neue M\u00f6glichkeiten und Absichten ebnet. Ergreife das Loslassen und lade das Neue ein.<\/p>\n<p>BLAUER SALBEI ist subtiler und zieht F\u00fclle und Gelassenheit an.<\/p>\n<p>Der Rauch von SCHWARZEM SALBEI verst\u00e4rkt Visionen, erleichtert die innere Verbindung und verst\u00e4rkt unsere F\u00e4higkeit, auf unsere innere Stimme zu h\u00f6ren.<\/p>\n<p>VERPACKUNG \u00b7 Unser SALBEI-TRIO-SET besteht aus sechs Salbeib\u00fcndeln (zwei B\u00fcndel Wei\u00dfer Salbei, zwei B\u00fcndel Blauer Salbei und zwei B\u00fcndel Schwarzer Salbei). So kannst du sicherstellen, dass du mehr als genug Salbei hast, um das R\u00e4ucherritual f\u00fcr einige Zeit zu genie\u00dfen.<\/p>\n<p>HERKUNFT \u00b7 Nachhaltig angebaut und sonnengetrocknet in Kalifornien.<\/p>\n","protected":false},"featured_media":4830,"comment_status":"open","ping_status":"closed","template":"","meta":[],"product_brand":[],"product_cat":[96,97],"product_tag":[232],"class_list":{"0":"post-3802","1":"product","2":"type-product","3":"status-publish","4":"has-post-thumbnail","6":"product_cat-rauchern-produkte","7":"product_cat-salbei","8":"product_tag-9phases-de","10":"first","11":"instock","12":"taxable","13":"shipping-taxable","14":"purchasable","15":"product-type-simple"},"_links":{"self":[{"href":"https:\/\/9phases.com\/de\/wp-json\/wp\/v2\/product\/3802","targetHints":{"allow":["GET"]}}],"collection":[{"href":"https:\/\/9phases.com\/de\/wp-json\/wp\/v2\/product"}],"about":[{"href":"https:\/\/9phases.com\/de\/wp-json\/wp\/v2\/types\/product"}],"replies":[{"embeddable":true,"href":"https:\/\/9phases.com\/de\/wp-json\/wp\/v2\/comments?post=3802"}],"wp:featuredmedia":[{"embeddable":true,"href":"https:\/\/9phases.com\/de\/wp-json\/wp\/v2\/media\/4830"}],"wp:attachment":[{"href":"https:\/\/9phases.com\/de\/wp-json\/wp\/v2\/media?parent=3802"}],"wp:term":[{"taxonomy":"product_brand","embeddable":true,"href":"https:\/\/9phases.com\/de\/wp-json\/wp\/v2\/product_brand?post=3802"},{"taxonomy":"product_cat","embeddable":true,"href":"https:\/\/9phases.com\/de\/wp-json\/wp\/v2\/product_cat?post=3802"},{"taxonomy":"product_tag","embeddable":true,"href":"https:\/\/9phases.com\/de\/wp-json\/wp\/v2\/product_tag?post=3802"}],"curies":[{"name":"wp","href":"https:\/\/api.w.org\/{rel}","templated":true}]}}