{"id":3808,"date":"2024-07-01T14:16:58","date_gmt":"2024-07-01T12:16:58","guid":{"rendered":"https:\/\/9phases.com\/weisser-und-schwarzer-salbei-duo-set\/"},"modified":"2024-07-20T22:22:14","modified_gmt":"2024-07-20T20:22:14","slug":"weisser-und-schwarzer-salbei-duo-set","status":"publish","type":"product","link":"https:\/\/9phases.com\/de\/weisser-und-schwarzer-salbei-duo-set\/","title":{"rendered":"WEISSER UND SCHWARZER SALBEI &#8211; DUO-SET"},"content":{"rendered":"<h3>ENERGY CLEANSING | <a href=\"https:\/\/9phases.com\/magic-intuition\/\">INTUITION | MAGIC<\/a> White and Black Sage<\/h3>\n<p>Warum einen haben, wenn man zwei haben kann?<\/p>\n<p>WEISSER SALBEI ist der unangefochtene Star der Energiereinigung.<\/p>\n<p>Wei\u00dfer Salbei ist das ideale Kraut f\u00fcr alle, die ihre Aura reinigen und stagnierende Energie aus ihrer Umgebung vertreiben m\u00f6chten.<\/p>\n<p>Sein dichter, gro\u00dfz\u00fcgiger, erdiger Rauch erzeugt ein sofortiges spirituelles Erwachen und schl\u00e4gt eine Br\u00fccke zwischen dem sichtbaren und dem unsichtbaren Bereich.<\/p>\n<p>Verwende wei\u00dfen Salbei zu jeder Zeit und an jedem Ort.<\/p>\n<p>Befreie dich von stagnierenden und falsch ausgerichteten Energien und lasse einen gesunden Energiefluss zu, damit sich dein Potenzial reibungslos entfalten kann.<\/p>\n<p>SCHWARZER SALBEI &#8211; Z\u00fcnde ihn an, um die bedeutungsvolle Handlung des Stillelegens der Au\u00dfenwelt zu verst\u00e4rken und mit deinem h\u00f6heren Selbst in Kontakt zu treten<\/p>\n<p>Verwende schwarzen Salbei vor der Meditation und vor dem Schlafengehen, um die innere Ruhe zu finden, die es Dir erm\u00f6glicht, die Fl\u00fcsterungen des Universums zu h\u00f6ren.<\/p>\n","protected":false},"excerpt":{"rendered":"<p>Das R\u00e4uchern mit WEI\u00dfEM SALBEI ist ein Ritual des Loslassens, das den Weg f\u00fcr neue M\u00f6glichkeiten und Absichten ebnet. Ergreife das Loslassen und lade das Neue ein.<\/p>\n<p>Der Rauch von <a href=\"https:\/\/en.wikipedia.org\/wiki\/Salvia_mellifera\">SCHWARZEM SALBEI<\/a> verst\u00e4rkt Visionen, erleichtert die innere Verbindung und verst\u00e4rkt unsere F\u00e4higkeit, auf unsere innere Stimme zu h\u00f6ren.<\/p>\n<p>VERPACKUNG \u00b7 Unser Wei\u00dfer und Schwarzer Salbei DUO SET besteht aus vier Salbeib\u00fcndeln (zwei B\u00fcndel Wei\u00dfer Salbei und zwei B\u00fcndel Blauer Salbei). So kannst du sicherstellen, dass du mehr als genug Salbei hast, um das R\u00e4ucherritual f\u00fcr einige Zeit zu genie\u00dfen.<\/p>\n<p>HERKUNFT \u00b7 Nachhaltig angebaut und sonnengetrocknet in Kalifornien.<\/p>\n<p>&nbsp;<\/p>\n","protected":false},"featured_media":4821,"comment_status":"open","ping_status":"closed","template":"","meta":[],"product_brand":[],"product_cat":[144,51,96,97],"product_tag":[232],"class_list":{"0":"post-3808","1":"product","2":"type-product","3":"status-publish","4":"has-post-thumbnail","6":"product_cat-magie-intuition","7":"product_cat-neue-anfange","8":"product_cat-rauchern-produkte","9":"product_cat-salbei","10":"product_tag-9phases-de","12":"first","13":"instock","14":"featured","15":"taxable","16":"shipping-taxable","17":"purchasable","18":"product-type-simple"},"_links":{"self":[{"href":"https:\/\/9phases.com\/de\/wp-json\/wp\/v2\/product\/3808","targetHints":{"allow":["GET"]}}],"collection":[{"href":"https:\/\/9phases.com\/de\/wp-json\/wp\/v2\/product"}],"about":[{"href":"https:\/\/9phases.com\/de\/wp-json\/wp\/v2\/types\/product"}],"replies":[{"embeddable":true,"href":"https:\/\/9phases.com\/de\/wp-json\/wp\/v2\/comments?post=3808"}],"wp:featuredmedia":[{"embeddable":true,"href":"https:\/\/9phases.com\/de\/wp-json\/wp\/v2\/media\/4821"}],"wp:attachment":[{"href":"https:\/\/9phases.com\/de\/wp-json\/wp\/v2\/media?parent=3808"}],"wp:term":[{"taxonomy":"product_brand","embeddable":true,"href":"https:\/\/9phases.com\/de\/wp-json\/wp\/v2\/product_brand?post=3808"},{"taxonomy":"product_cat","embeddable":true,"href":"https:\/\/9phases.com\/de\/wp-json\/wp\/v2\/product_cat?post=3808"},{"taxonomy":"product_tag","embeddable":true,"href":"https:\/\/9phases.com\/de\/wp-json\/wp\/v2\/product_tag?post=3808"}],"curies":[{"name":"wp","href":"https:\/\/api.w.org\/{rel}","templated":true}]}}