{"id":3809,"date":"2024-07-01T14:33:40","date_gmt":"2024-07-01T12:33:40","guid":{"rendered":"https:\/\/9phases.com\/baby-selenit-kugeln-set\/"},"modified":"2024-07-20T22:20:59","modified_gmt":"2024-07-20T20:20:59","slug":"baby-selenit-kugeln-set","status":"publish","type":"product","link":"https:\/\/9phases.com\/de\/baby-selenit-kugeln-set\/","title":{"rendered":"BABY SELENIT KUGELN SET"},"content":{"rendered":"<p>SP\u00dcRE DIE VIBES DES MONDES<\/p>\n<p>Stein der Mondg\u00f6ttin Selene.<\/p>\n<p>Die Kugel mit ihrer geheimnisvollen und subtilen Form, ohne Kanten und Spitzen, steht f\u00fcr Perfektion, Geschmeidigkeit und hat eine unwiderstehliche Anziehungskraft.<\/p>\n<p>Die kleine Gr\u00f6\u00dfe der Kugeln sorgt f\u00fcr ein Gef\u00fchl von Verspieltheit und kindlicher Leichtigkeit.<\/p>\n<p>Platzieren Sie die Baby-Selenit-Kugel im Wohnzimmer, auf dem Nachttisch oder wo immer Sie oft vorbeikommen.<\/p>\n<p>Lass sie deine Sinne beruhigen und dir eine sanfte, hochschwingende Energie senden. Behandel sie mit dem n\u00f6tigen Respekt. Sie sind wie Babys sehr zart. Wenn man die kleine Kristallkugel fallen l\u00e4sst, kann sie leicht zerbrechen, aber sie hat eine unheimlich starke Energie.<\/p>\n","protected":false},"excerpt":{"rendered":"<h3>Erhellen Sie Ihren Raum mit dem sanften Schein einer kleinen Selenitkugel.<\/h3>\n<p>Diese strahlenden <a href=\"https:\/\/9phases.com\/crystal-products\/\">Kristalle<\/a> sind perfekt, um die Energie zu reinigen und die geistige Klarheit zu f\u00f6rdern.<\/p>\n<p>HERKUNFT \u00b7 Marokko<\/p>\n<p>GR\u00d6SSE \u00b7 circa 4 cm &amp; circa 50g<\/p>\n<p>PACKUNG \u00b7 Set mit 5 Kugeln oder 9 Kugeln<\/p>\n","protected":false},"featured_media":4340,"comment_status":"open","ping_status":"closed","template":"","meta":[],"product_brand":[],"product_cat":[52,144],"product_tag":[232],"class_list":{"0":"post-3809","1":"product","2":"type-product","3":"status-publish","4":"has-post-thumbnail","6":"product_cat-kristalle-produkte","7":"product_cat-magie-intuition","8":"product_tag-9phases-de","10":"first","11":"instock","12":"taxable","13":"shipping-taxable","14":"purchasable","15":"product-type-variable"},"_links":{"self":[{"href":"https:\/\/9phases.com\/de\/wp-json\/wp\/v2\/product\/3809","targetHints":{"allow":["GET"]}}],"collection":[{"href":"https:\/\/9phases.com\/de\/wp-json\/wp\/v2\/product"}],"about":[{"href":"https:\/\/9phases.com\/de\/wp-json\/wp\/v2\/types\/product"}],"replies":[{"embeddable":true,"href":"https:\/\/9phases.com\/de\/wp-json\/wp\/v2\/comments?post=3809"}],"wp:featuredmedia":[{"embeddable":true,"href":"https:\/\/9phases.com\/de\/wp-json\/wp\/v2\/media\/4340"}],"wp:attachment":[{"href":"https:\/\/9phases.com\/de\/wp-json\/wp\/v2\/media?parent=3809"}],"wp:term":[{"taxonomy":"product_brand","embeddable":true,"href":"https:\/\/9phases.com\/de\/wp-json\/wp\/v2\/product_brand?post=3809"},{"taxonomy":"product_cat","embeddable":true,"href":"https:\/\/9phases.com\/de\/wp-json\/wp\/v2\/product_cat?post=3809"},{"taxonomy":"product_tag","embeddable":true,"href":"https:\/\/9phases.com\/de\/wp-json\/wp\/v2\/product_tag?post=3809"}],"curies":[{"name":"wp","href":"https:\/\/api.w.org\/{rel}","templated":true}]}}