{"id":3812,"date":"2024-07-01T14:21:03","date_gmt":"2024-07-01T12:21:03","guid":{"rendered":"https:\/\/9phases.com\/weisses-und-blaues-salbei-duo-set\/"},"modified":"2024-07-20T22:21:37","modified_gmt":"2024-07-20T20:21:37","slug":"weisses-und-blaues-salbei-duo-set","status":"publish","type":"product","link":"https:\/\/9phases.com\/de\/weisses-und-blaues-salbei-duo-set\/","title":{"rendered":"WEISSER UND BLAUER SALBEI DUO-SET"},"content":{"rendered":"<h3 dir=\"ltr\">ENERGY CLEANSING | <a href=\"https:\/\/9phases.com\/abundance-intention\/\">ABUNDANCE<\/a> Weisser un Blauer Salbei<\/h3>\n<p dir=\"ltr\">Warum einen haben, wenn man zwei haben kann?<\/p>\n<p dir=\"ltr\">WEISSER SALBEI ist der unangefochtene Star der Energiereinigung.<\/p>\n<p dir=\"ltr\">Wei\u00dfer Salbei ist das ideale Kraut f\u00fcr alle, die ihre Aura reinigen und stagnierende Energie aus ihrer Umgebung vertreiben m\u00f6chten.<\/p>\n<p dir=\"ltr\">Sein dichter, gro\u00dfz\u00fcgiger, erdiger Rauch erzeugt ein sofortiges spirituelles Erwachen und schl\u00e4gt eine Br\u00fccke zwischen dem sichtbaren und dem unsichtbaren Bereich.<\/p>\n<p dir=\"ltr\">Verwende wei\u00dfen Salbei zu jeder Zeit und an jedem Ort.<\/p>\n<p dir=\"ltr\">Befreie dich von stagnierenden und falsch ausgerichteten Energien und lasse einen gesunden Energiefluss zu, damit sich dein Potenzial reibungslos entfalten kann.<\/p>\n<p dir=\"ltr\">BLAUER SALBEI ist eine s\u00fc\u00dfere und subtiler duftende Sorte von Salbei. Derjenige, der F\u00fclle und Licht einf\u00fchrt. Der sanfte Rauch des blauen Salbeis ist darauf abgestimmt, Segen zu empfangen, und sein Duft ist zarter als der Duft des klassischen wei\u00dfen Salbeis. Er strahlt eine s\u00fc\u00dfe und lichtvolle Atmosph\u00e4re aus, die Gesundheit und Wohlstand bringt.<\/p>\n<p dir=\"ltr\">Z\u00fcnde ihn so oft an, wie du m\u00f6chtest. Es ist immer eine gute Idee, F\u00fclle in dein Leben einzuladen.<\/p>\n","protected":false},"excerpt":{"rendered":"<p>Das R\u00e4uchern mit <a href=\"https:\/\/en.wikipedia.org\/wiki\/Salvia_apiana\">WEI\u00dfEM SALBEI<\/a> ist ein Ritual des Loslassens, das den Weg f\u00fcr neue M\u00f6glichkeiten und Absichten ebnet. Ergreife das Loslassen und lade das Neue ein.<\/p>\n<p>BLAUER SALBEI ist subtiler und zieht F\u00fclle und Gelassenheit an.<\/p>\n<p>VERPACKUNG \u00b7 Unser Wei\u00dfer und Blauer Salbei DUO SET besteht aus vier Salbeib\u00fcndeln (zwei B\u00fcndel Wei\u00dfer Salbei und zwei B\u00fcndel Blauer Salbei). So kannst du sicherstellen, dass du mehr als genug Salbei hast, um das R\u00e4ucherritual f\u00fcr einige Zeit zu genie\u00dfen.<\/p>\n<p>HERKUNFT \u00b7 Nachhaltig angebaut und sonnengetrocknet in Kalifornien.<\/p>\n","protected":false},"featured_media":4373,"comment_status":"open","ping_status":"closed","template":"","meta":[],"product_brand":[],"product_cat":[166,51,96,97],"product_tag":[232],"class_list":{"0":"post-3812","1":"product","2":"type-product","3":"status-publish","4":"has-post-thumbnail","6":"product_cat-fulle","7":"product_cat-neue-anfange","8":"product_cat-rauchern-produkte","9":"product_cat-salbei","10":"product_tag-9phases-de","12":"first","13":"instock","14":"taxable","15":"shipping-taxable","16":"purchasable","17":"product-type-simple"},"_links":{"self":[{"href":"https:\/\/9phases.com\/de\/wp-json\/wp\/v2\/product\/3812","targetHints":{"allow":["GET"]}}],"collection":[{"href":"https:\/\/9phases.com\/de\/wp-json\/wp\/v2\/product"}],"about":[{"href":"https:\/\/9phases.com\/de\/wp-json\/wp\/v2\/types\/product"}],"replies":[{"embeddable":true,"href":"https:\/\/9phases.com\/de\/wp-json\/wp\/v2\/comments?post=3812"}],"wp:featuredmedia":[{"embeddable":true,"href":"https:\/\/9phases.com\/de\/wp-json\/wp\/v2\/media\/4373"}],"wp:attachment":[{"href":"https:\/\/9phases.com\/de\/wp-json\/wp\/v2\/media?parent=3812"}],"wp:term":[{"taxonomy":"product_brand","embeddable":true,"href":"https:\/\/9phases.com\/de\/wp-json\/wp\/v2\/product_brand?post=3812"},{"taxonomy":"product_cat","embeddable":true,"href":"https:\/\/9phases.com\/de\/wp-json\/wp\/v2\/product_cat?post=3812"},{"taxonomy":"product_tag","embeddable":true,"href":"https:\/\/9phases.com\/de\/wp-json\/wp\/v2\/product_tag?post=3812"}],"curies":[{"name":"wp","href":"https:\/\/api.w.org\/{rel}","templated":true}]}}