{"id":3813,"date":"2024-07-02T20:32:17","date_gmt":"2024-07-02T18:32:17","guid":{"rendered":"https:\/\/9phases.com\/ayurvedischer-zungenreiniger-aus-kupfer\/"},"modified":"2024-07-20T08:52:34","modified_gmt":"2024-07-20T06:52:34","slug":"ayurvedischer-zungenreiniger-aus-kupfer","status":"publish","type":"product","link":"https:\/\/9phases.com\/de\/ayurvedischer-zungenreiniger-aus-kupfer\/","title":{"rendered":"AYURVEDISCHER ZUNGENREINIGER AUS KUPFER"},"content":{"rendered":"<p>ENTDECKE DIE KRAFT VON AYURVEDA<\/p>\n<p>Entferne den Klatsch von gestern und den Mundgeruch vom Morgen mit dem Kupferzungenreiniger von <a href=\"https:\/\/9phases.com\/tag-produktu\/cosmic-dealer\/\">COSMIC DEALER<\/a>.<\/p>\n<p>Dieses einmin\u00fctige Ritual sorgt daf\u00fcr, dass deine Zunge sich frisch und fabelhaft anf\u00fchlt, und es wird buchst\u00e4blich dein Leben ver\u00e4ndern. Wir haben es ausprobiert und k\u00f6nnen nicht mehr ohne es leben &#8211; warum solltest du es ausprobieren?<\/p>\n<p>Nach der ayurvedischen Medizin spiegelt der Zustand der Zunge die ganzheitliche Gesundheitdeines gesamten K\u00f6rpers wider und kann auf Entz\u00fcndungen der Organe, die Gesundheit des Herzens, Kopfschmerzen und Muskelschmerzen hinweisen. W\u00e4hrend die Augen das Fenster zur Seele sein m\u00f6gen, ist die Zunge das Herz deiner Gesundheit.<\/p>\n<p>Verwende jeden Morgen nach dem Aufwachen den Zungenreiniger, um die Bakterien und Giftstoffe zu entfernen, die sich \u00fcber Nacht auf deiner Zunge angesammelt haben. Diese Ablagerungen sind f\u00fcr den unangenehmen Morgenatem und das Gef\u00fchl einer belegten Zunge verantwortlich. Da viele Giftstoffe \u00fcber die Zunge ausgeschieden werden, unterst\u00fctzt die Reinigung der Zunge auch den nat\u00fcrlichen Entgiftungsprozess des K\u00f6rpers und erh\u00f6ht das Geschmacksempfinden.<\/p>\n<p>Nach einem Monat wird der Unterschied, den du sp\u00fcrst, spektakul\u00e4r sein.<\/p>\n","protected":false},"excerpt":{"rendered":"<h3>Entdecke den ayurvedischen Zungenschaber von <a href=\"https:\/\/getcosmicdealer.com\/\">COSMIC DEALER<\/a>, meisterhaft aus reinem, dickem Kupfer gefertigt.<\/h3>\n<p>Mit wundersch\u00f6n gestalteten muschelf\u00f6rmigen Griffen. Dieser Premium-Zungenreiniger sorgt f\u00fcr ein angenehmes und effektives Erlebnis.<\/p>\n<p>VERPACKUNG \u00b7<span class=\"Apple-converted-space\"> <\/span>Jeder Reiniger ist in einer einzelnen Schachtel verpackt und enth\u00e4lt einen weichen Baumwollbeutel zur praktischen Aufbewahrung.<\/p>\n","protected":false},"featured_media":4199,"comment_status":"open","ping_status":"closed","template":"","meta":[],"product_brand":[],"product_cat":[174],"product_tag":[175],"class_list":{"0":"post-3813","1":"product","2":"type-product","3":"status-publish","4":"has-post-thumbnail","6":"product_cat-beauty-produkte","7":"product_tag-cosmic-dealer-de","9":"first","10":"instock","11":"taxable","12":"shipping-taxable","13":"purchasable","14":"product-type-simple"},"_links":{"self":[{"href":"https:\/\/9phases.com\/de\/wp-json\/wp\/v2\/product\/3813","targetHints":{"allow":["GET"]}}],"collection":[{"href":"https:\/\/9phases.com\/de\/wp-json\/wp\/v2\/product"}],"about":[{"href":"https:\/\/9phases.com\/de\/wp-json\/wp\/v2\/types\/product"}],"replies":[{"embeddable":true,"href":"https:\/\/9phases.com\/de\/wp-json\/wp\/v2\/comments?post=3813"}],"wp:featuredmedia":[{"embeddable":true,"href":"https:\/\/9phases.com\/de\/wp-json\/wp\/v2\/media\/4199"}],"wp:attachment":[{"href":"https:\/\/9phases.com\/de\/wp-json\/wp\/v2\/media?parent=3813"}],"wp:term":[{"taxonomy":"product_brand","embeddable":true,"href":"https:\/\/9phases.com\/de\/wp-json\/wp\/v2\/product_brand?post=3813"},{"taxonomy":"product_cat","embeddable":true,"href":"https:\/\/9phases.com\/de\/wp-json\/wp\/v2\/product_cat?post=3813"},{"taxonomy":"product_tag","embeddable":true,"href":"https:\/\/9phases.com\/de\/wp-json\/wp\/v2\/product_tag?post=3813"}],"curies":[{"name":"wp","href":"https:\/\/api.w.org\/{rel}","templated":true}]}}