{"id":3814,"date":"2024-07-02T22:00:15","date_gmt":"2024-07-02T20:00:15","guid":{"rendered":"https:\/\/9phases.com\/floral-kaffee-rose-reishi\/"},"modified":"2024-07-20T14:34:23","modified_gmt":"2024-07-20T12:34:23","slug":"floral-kaffee-rose-reishi","status":"publish","type":"product","link":"https:\/\/9phases.com\/de\/floral-kaffee-rose-reishi\/","title":{"rendered":"BLUMIGER KAFFEE ROSE UND REISHI"},"content":{"rendered":"<p>STEHE AUF UND STRAHLE<\/p>\n<p>Botanische Alternative zu herk\u00f6mmlichem Kaffee, v\u00f6llig koffeinfrei<\/p>\n<p>Erlebe energetisierende Pflanzenstoffe, die ein hohes Ma\u00df an Konzentration und Energie aufrechterhalten, ohne den Koffeinabsturz. Diese Mischung ist etwas weniger anregend als der Kr\u00e4uterkaffee von <a href=\"https:\/\/getcosmicdealer.com\/\" rel=\"nofollow noopener\" target=\"_blank\">COSMIC DEALER<\/a> und perfekt, wenn Sie nur ein wenig mehr Lebendigkeit brauchen, um Stress und Angst zu bek\u00e4mpfen.<\/p>\n<p>Vollgepackt mit Ballaststoffen f\u00fcr eine bessere Verdauung. Rose zur Beruhigung von emotionalem Unbehagen und Reishi-Pilz zur St\u00e4rkung Ihres Immunsystems. Mit einem Hauch von Bio-Kokosnusszucker (weniger als 1 g pro Tasse).<\/p>\n<p>Genie\u00dfen Sie Floral Koffee hei\u00df oder eisgek\u00fchlt.<\/p>\n<p>ZUTATEN \u00b7 Bio-ger\u00f6stete Gerste, Bio-Roggen, Zichorienwurzel, Bio-Kokosnusszucker, 360 mg Bio-Reishi-Pilzextrakt pro Portion (Fruchtk\u00f6rper), Bio-Rosenbl\u00fctenpulver, Bio-Hagebuttenpulver.<\/p>\n","protected":false},"excerpt":{"rendered":"<h3>Genie\u00dfen Sie <a href=\"https:\/\/9phases.com\/rest\/\"> ruhige, sanfte Energie<\/a> mit Rose Floral Kaffee, einer v\u00f6llig nat\u00fcrlichen Kaffeealternative ohne Koffein.<\/h3>\n<p>Mit Rose und Reishi angereichert, um Stress und Angst zu lindern.<\/p>\n<p>GR\u00d6SSE \u00b7 Jede 120g Packung ergibt 20 Tassen.<\/p>\n<p>Nur Bio-Zutaten.<\/p>\n<p>Keine k\u00fcnstlichen Aromen oder Zusatzstoffe.<\/p>\n<p>HERKUNFT \u00b7 Frankreich.<\/p>\n","protected":false},"featured_media":4223,"comment_status":"open","ping_status":"closed","template":"","meta":[],"product_brand":[],"product_cat":[176],"product_tag":[175],"class_list":{"0":"post-3814","1":"product","2":"type-product","3":"status-publish","4":"has-post-thumbnail","6":"product_cat-getranke-produkte","7":"product_tag-cosmic-dealer-de","9":"first","10":"outofstock","11":"taxable","12":"shipping-taxable","13":"purchasable","14":"product-type-simple"},"_links":{"self":[{"href":"https:\/\/9phases.com\/de\/wp-json\/wp\/v2\/product\/3814","targetHints":{"allow":["GET"]}}],"collection":[{"href":"https:\/\/9phases.com\/de\/wp-json\/wp\/v2\/product"}],"about":[{"href":"https:\/\/9phases.com\/de\/wp-json\/wp\/v2\/types\/product"}],"replies":[{"embeddable":true,"href":"https:\/\/9phases.com\/de\/wp-json\/wp\/v2\/comments?post=3814"}],"wp:featuredmedia":[{"embeddable":true,"href":"https:\/\/9phases.com\/de\/wp-json\/wp\/v2\/media\/4223"}],"wp:attachment":[{"href":"https:\/\/9phases.com\/de\/wp-json\/wp\/v2\/media?parent=3814"}],"wp:term":[{"taxonomy":"product_brand","embeddable":true,"href":"https:\/\/9phases.com\/de\/wp-json\/wp\/v2\/product_brand?post=3814"},{"taxonomy":"product_cat","embeddable":true,"href":"https:\/\/9phases.com\/de\/wp-json\/wp\/v2\/product_cat?post=3814"},{"taxonomy":"product_tag","embeddable":true,"href":"https:\/\/9phases.com\/de\/wp-json\/wp\/v2\/product_tag?post=3814"}],"curies":[{"name":"wp","href":"https:\/\/api.w.org\/{rel}","templated":true}]}}