{"id":3815,"date":"2024-07-02T22:25:17","date_gmt":"2024-07-02T20:25:17","guid":{"rendered":"https:\/\/9phases.com\/herball-koffee-maitake-mushroom\/"},"modified":"2024-07-20T15:18:21","modified_gmt":"2024-07-20T13:18:21","slug":"herball-koffee-maitake-mushroom","status":"publish","type":"product","link":"https:\/\/9phases.com\/de\/herball-koffee-maitake-mushroom\/","title":{"rendered":"HERBAL KOFFEE MAITAKE MUSHROOM"},"content":{"rendered":"<p>STEHE AUF UND STRAHLE<\/p>\n<p>Botanische Alternative zu herk\u00f6mmlichem Kaffee, v\u00f6llig koffeinfrei<\/p>\n<p>Erlebe energetisierende Pflanzenstoffe, die ein hohes Ma\u00df an Konzentration und Energie aufrechterhalten, ohne den Koffeinabsturz.<\/p>\n<p>Jede Tasse dieser belebenden Spezialmischung von <a href=\"https:\/\/getcosmicdealer.com\/\" rel=\"nofollow noopener\" target=\"_blank\">COSMIC DEALER<\/a> ist voller Ballaststoffe f\u00fcr eine bessere Verdauung und enth\u00e4lt Maitake-Pilze, die bekannterma\u00dfen das nat\u00fcrliche Gleichgewicht und eine gesunde Stressreaktion unterst\u00fctzen und das Immunsystem und die Gehirngesundheit st\u00e4rken.<\/p>\n<p>Genie\u00dfe die Mischung hei\u00df oder eisgek\u00fchlt und sp\u00fcre die ganz nat\u00fcrliche Energie, die sie bietet.<\/p>\n<p>ZUTATEN \u00b7 Bio-ger\u00f6stete Gerste, Bio-Roggen, Bio-Zichorienwurzel, 360 mg Bio-Maitake-Pilzextrakt pro Portion (Fruchtk\u00f6rper). COSMIC DEALER Pilze sind von h\u00f6chster Bio-Qualit\u00e4t, reine Fruchtk\u00f6rper, kein Myzel<br \/>\nPolysaccaride &gt;30%<\/p>\n","protected":false},"excerpt":{"rendered":"<h3>Herbal Koffee Maitake ist Ihre perfekte Wahl f\u00fcr eine revitalisierende <a href=\"https:\/\/9phases.com\/category\/rituals\/\">Morgenroutine<\/a> \u2013 eine v\u00f6llig nat\u00fcrliche Kaffeealternative ohne Koffein und ohne Zucker oder S\u00fc\u00dfstoff.<\/h3>\n<p>Beginne deinen Tag mit dieser energiereichen Mischung, die dir einen erfrischenden Schub verleiht.<\/p>\n<p>GR\u00d6SSE \u00b7 Jede 120g Packung ergibt 20 Tassen.<\/p>\n<p>Nur Bio-Zutaten.<\/p>\n<p>Keine k\u00fcnstlichen Aromen oder Zusatzstoffe.<\/p>\n<p>HERKUNFT \u00b7 Frankreich.<\/p>\n","protected":false},"featured_media":4202,"comment_status":"open","ping_status":"closed","template":"","meta":[],"product_brand":[],"product_cat":[176],"product_tag":[175],"class_list":{"0":"post-3815","1":"product","2":"type-product","3":"status-publish","4":"has-post-thumbnail","6":"product_cat-getranke-produkte","7":"product_tag-cosmic-dealer-de","9":"first","10":"outofstock","11":"taxable","12":"shipping-taxable","13":"purchasable","14":"product-type-simple"},"_links":{"self":[{"href":"https:\/\/9phases.com\/de\/wp-json\/wp\/v2\/product\/3815","targetHints":{"allow":["GET"]}}],"collection":[{"href":"https:\/\/9phases.com\/de\/wp-json\/wp\/v2\/product"}],"about":[{"href":"https:\/\/9phases.com\/de\/wp-json\/wp\/v2\/types\/product"}],"replies":[{"embeddable":true,"href":"https:\/\/9phases.com\/de\/wp-json\/wp\/v2\/comments?post=3815"}],"wp:featuredmedia":[{"embeddable":true,"href":"https:\/\/9phases.com\/de\/wp-json\/wp\/v2\/media\/4202"}],"wp:attachment":[{"href":"https:\/\/9phases.com\/de\/wp-json\/wp\/v2\/media?parent=3815"}],"wp:term":[{"taxonomy":"product_brand","embeddable":true,"href":"https:\/\/9phases.com\/de\/wp-json\/wp\/v2\/product_brand?post=3815"},{"taxonomy":"product_cat","embeddable":true,"href":"https:\/\/9phases.com\/de\/wp-json\/wp\/v2\/product_cat?post=3815"},{"taxonomy":"product_tag","embeddable":true,"href":"https:\/\/9phases.com\/de\/wp-json\/wp\/v2\/product_tag?post=3815"}],"curies":[{"name":"wp","href":"https:\/\/api.w.org\/{rel}","templated":true}]}}