{"id":3816,"date":"2024-07-03T14:04:34","date_gmt":"2024-07-03T12:04:34","guid":{"rendered":"https:\/\/9phases.com\/natuerliche-ayuverdische-raeucherstaebchen-jatamansi\/"},"modified":"2024-07-20T14:29:29","modified_gmt":"2024-07-20T12:29:29","slug":"natuerliche-ayuverdische-raeucherstaebchen-jatamansi","status":"publish","type":"product","link":"https:\/\/9phases.com\/de\/natuerliche-ayuverdische-raeucherstaebchen-jatamansi\/","title":{"rendered":"NAT\u00dcRLICHES AYUVERDISCHES JATAMANSI R\u00c4UCHERST\u00c4BCHEN"},"content":{"rendered":"<p><b><\/b>I FOUND MYSELF IN A FEMALE ORGY<\/p>\n<p>Jatamansi ist eine alte ayurvedische Heilpflanze, die in der Himalaya-Region beheimatet ist. Jatamansi beruhigt und pusht gleichzeitig, bietet einen sofortigen Schub f\u00fcr all deine W\u00fcnsche und <a href=\"https:\/\/9phases.com\/abundance-intention\/\">Absichten<\/a> und schafft dabei eine unsichtbare Br\u00fccke zwischen der sichtbaren und unsichtbaren Welt.<\/p>\n<p>Die R\u00e4ucherst\u00e4bchen sind der perfekte Begleiter f\u00fcr deine abendlichen Rituale. Sie vertreiben stagnierende Energie und schaffen eine harmonische Umgebung, um sich anmutig vom Tag zu verabschieden.<\/p>\n<p>Zarter Duft.<\/p>\n<p>Keine synthetischen Duftstoffe.<\/p>\n<p>100% vegan.<\/p>\n<p>Jatamansi-R\u00e4ucherst\u00e4bchen von <a href=\"https:\/\/getcosmicdealer.com\/\" rel=\"nofollow noopener\" target=\"_blank\">COSMIC DEALER<\/a> sind die perfekte Wahl f\u00fcr Naturliebhaber, die reines, hochwertiges, pflanzliches R\u00e4ucherst\u00e4bchen ohne k\u00fcnstliche F\u00fcllstoffe und aufdringliche D\u00fcfte, die Kopfschmerzen verursachen k\u00f6nnen, sch\u00e4tzen. Wir lieben die nat\u00fcrlichen Inhaltsstoffe und die lebendige, fr\u00f6hliche Ausstrahlung dieser Pariser Marke.<\/p>\n","protected":false},"excerpt":{"rendered":"<h3><strong>100 % nat\u00fcrlicher Jatamansi-Weihrauch aus ayurvedischen Kr\u00e4utern, H\u00f6lzern und Heilpflanzen.<\/strong><\/h3>\n<p>HAUPTDUFT \u00b7 Jatamansi<\/p>\n<p>VERPACKUNG \u00b7<span class=\"Apple-converted-space\">  <\/span>Jede Packung enth\u00e4lt 30 R\u00e4ucherst\u00e4bchen<\/p>\n<p>GR\u00d6SSE \u00b7 <span class=\"Apple-converted-space\">L\u00e4nge <\/span> der R\u00e4ucherst\u00e4bchen betr\u00e4gt 14 cm<\/p>\n<p>BRENNDAUER \u00b7 ca. 35 Minuten<\/p>\n<p>HERKUNFT \u00b7 Hergestellt von Yogis in einem Ashram in Nepal<\/p>\n","protected":false},"featured_media":4217,"comment_status":"open","ping_status":"closed","template":"","meta":[],"product_brand":[],"product_cat":[96],"product_tag":[175],"class_list":{"0":"post-3816","1":"product","2":"type-product","3":"status-publish","4":"has-post-thumbnail","6":"product_cat-rauchern-produkte","7":"product_tag-cosmic-dealer-de","9":"first","10":"instock","11":"taxable","12":"shipping-taxable","13":"purchasable","14":"product-type-simple"},"_links":{"self":[{"href":"https:\/\/9phases.com\/de\/wp-json\/wp\/v2\/product\/3816","targetHints":{"allow":["GET"]}}],"collection":[{"href":"https:\/\/9phases.com\/de\/wp-json\/wp\/v2\/product"}],"about":[{"href":"https:\/\/9phases.com\/de\/wp-json\/wp\/v2\/types\/product"}],"replies":[{"embeddable":true,"href":"https:\/\/9phases.com\/de\/wp-json\/wp\/v2\/comments?post=3816"}],"wp:featuredmedia":[{"embeddable":true,"href":"https:\/\/9phases.com\/de\/wp-json\/wp\/v2\/media\/4217"}],"wp:attachment":[{"href":"https:\/\/9phases.com\/de\/wp-json\/wp\/v2\/media?parent=3816"}],"wp:term":[{"taxonomy":"product_brand","embeddable":true,"href":"https:\/\/9phases.com\/de\/wp-json\/wp\/v2\/product_brand?post=3816"},{"taxonomy":"product_cat","embeddable":true,"href":"https:\/\/9phases.com\/de\/wp-json\/wp\/v2\/product_cat?post=3816"},{"taxonomy":"product_tag","embeddable":true,"href":"https:\/\/9phases.com\/de\/wp-json\/wp\/v2\/product_tag?post=3816"}],"curies":[{"name":"wp","href":"https:\/\/api.w.org\/{rel}","templated":true}]}}