{"id":3817,"date":"2024-07-03T14:10:45","date_gmt":"2024-07-03T12:10:45","guid":{"rendered":"https:\/\/9phases.com\/natuerliche-ayuverdische-raeucherstaebchen-zimt\/"},"modified":"2024-07-20T14:22:30","modified_gmt":"2024-07-20T12:22:30","slug":"natuerliche-ayuverdische-raeucherstaebchen-zimt","status":"publish","type":"product","link":"https:\/\/9phases.com\/de\/natuerliche-ayuverdische-raeucherstaebchen-zimt\/","title":{"rendered":"NAT\u00dcRLICHE AYUVERDISCHE ZIMT R\u00c4UCHERST\u00c4BCHEN"},"content":{"rendered":"<p><b><\/b>THE DANCE OF THE CINNAMON MOON<\/p>\n<p>Wann und was auch immer du feiern m\u00f6chtest, Zimt ist f\u00fcr dich da.<\/p>\n<p>Es ist ein Gew\u00fcrz der F\u00fclle, des \u00dcberflusses, der Macht und des Schutzes.<\/p>\n<p>Seine s\u00fc\u00dfe Ausstrahlung l\u00e4sst den Segen hereinstr\u00f6men und best\u00e4rkt all unsere W\u00fcnsche. Feier den Vollmond oder feier dich einfach selbst &#8211; und komme dem, was du wirklich bist, einen Schritt n\u00e4her.<\/p>\n<p>Zarter Duft.<\/p>\n<p>Keine synthetischen Duftstoffe.<\/p>\n<p>100% vegan<\/p>\n<p>Zimt R\u00e4ucherst\u00e4bchen von <a href=\"https:\/\/9phases.com\/tag-produktu\/cosmic-dealer\/\">COSMIC DEALER<\/a> sind die perfekte Wahl f\u00fcr Naturliebhaber, die Wert auf reine, hochwertige R\u00e4ucherst\u00e4bchen auf pflanzlicher Basis ohne k\u00fcnstliche F\u00fcllstoffe und aufdringliche D\u00fcfte legen, die Kopfschmerzen verursachen k\u00f6nnen. Wir lieben die nat\u00fcrlichen Inhaltsstoffe und die lebendige, fr\u00f6hliche Ausstrahlung dieser Pariser Marke.<\/p>\n","protected":false},"excerpt":{"rendered":"<h3>100 % nat\u00fcrliches Zimt-R\u00e4ucherwerk aus ayurvedischen Kr\u00e4utern, Holz und Heilpflanzen.<\/h3>\n<p>HAUPTDUFT \u00b7 ZIMT<\/p>\n<p>VERPACKUNG \u00b7<span class=\"Apple-converted-space\">  <\/span>Jede Packung enth\u00e4lt 30 R\u00e4ucherst\u00e4bchen<\/p>\n<p>GR\u00d6SSE \u00b7 <span class=\"Apple-converted-space\">L\u00e4nge <\/span> der R\u00e4ucherst\u00e4bchen betr\u00e4gt 14 cm<\/p>\n<p>BRENNDAUER \u00b7 ca. 35 Minuten<\/p>\n<p>HERKUNFT \u00b7 Hergestellt von Yogis in einem Ashram in Nepal<\/p>\n","protected":false},"featured_media":4220,"comment_status":"open","ping_status":"closed","template":"","meta":[],"product_brand":[],"product_cat":[96],"product_tag":[175],"class_list":{"0":"post-3817","1":"product","2":"type-product","3":"status-publish","4":"has-post-thumbnail","6":"product_cat-rauchern-produkte","7":"product_tag-cosmic-dealer-de","9":"first","10":"instock","11":"taxable","12":"shipping-taxable","13":"purchasable","14":"product-type-simple"},"_links":{"self":[{"href":"https:\/\/9phases.com\/de\/wp-json\/wp\/v2\/product\/3817","targetHints":{"allow":["GET"]}}],"collection":[{"href":"https:\/\/9phases.com\/de\/wp-json\/wp\/v2\/product"}],"about":[{"href":"https:\/\/9phases.com\/de\/wp-json\/wp\/v2\/types\/product"}],"replies":[{"embeddable":true,"href":"https:\/\/9phases.com\/de\/wp-json\/wp\/v2\/comments?post=3817"}],"wp:featuredmedia":[{"embeddable":true,"href":"https:\/\/9phases.com\/de\/wp-json\/wp\/v2\/media\/4220"}],"wp:attachment":[{"href":"https:\/\/9phases.com\/de\/wp-json\/wp\/v2\/media?parent=3817"}],"wp:term":[{"taxonomy":"product_brand","embeddable":true,"href":"https:\/\/9phases.com\/de\/wp-json\/wp\/v2\/product_brand?post=3817"},{"taxonomy":"product_cat","embeddable":true,"href":"https:\/\/9phases.com\/de\/wp-json\/wp\/v2\/product_cat?post=3817"},{"taxonomy":"product_tag","embeddable":true,"href":"https:\/\/9phases.com\/de\/wp-json\/wp\/v2\/product_tag?post=3817"}],"curies":[{"name":"wp","href":"https:\/\/api.w.org\/{rel}","templated":true}]}}