{"id":3822,"date":"2024-07-03T15:03:06","date_gmt":"2024-07-03T13:03:06","guid":{"rendered":"https:\/\/9phases.com\/kraeutertee-sleep\/"},"modified":"2024-07-20T13:57:45","modified_gmt":"2024-07-20T11:57:45","slug":"kraeutertee-sleep","status":"publish","type":"product","link":"https:\/\/9phases.com\/de\/kraeutertee-sleep\/","title":{"rendered":"KR\u00c4UTERTEE ZUM SCHLAFEN"},"content":{"rendered":"<p>SHE SLEPT FOR 100 YEARS<\/p>\n<p>Finde Ruhe und entspann dich am Ende des Tages. Wenn es Zeit zum Schlafengehen ist, schl\u00fcrfe in aller Ruhe an einer koffeinfreien Mischung, die reich an Antioxidantien von <a href=\"https:\/\/getcosmicdealer.com\/\" rel=\"nofollow noopener\" target=\"_blank\">COSMIC DEALER<\/a> ist. Dieser Aufguss beruhigt deine Sinne und dient als perfekter Auftakt f\u00fcr s\u00fc\u00dfe Tr\u00e4ume und <a href=\"https:\/\/9phases.com\/rest\/\">erholsamen Schlaf<\/a>.<\/p>\n<p>Nur Bio-Zutaten<\/p>\n<p>Keine k\u00fcnstlichen Aromen oder Zusatzstoffe<\/p>\n","protected":false},"excerpt":{"rendered":"<h3>Ger\u00f6steter franz\u00f6sischer Buchweizen und ayurvedischer Kr\u00e4utertee zum Einschlafen.<\/h3>\n<p>Zutaten \u00b7 Ger\u00f6steter Buchweizen, Gr\u00fcner Rotbusch, Roter Rotbusch, Zimt, Sternanis, Fenchelfr\u00fcchte, Wilde Kamille, Zitronenmelisse<\/p>\n<p>(Alle Zutaten stammen aus biologischem Anbau.)<\/p>\n<p>GR\u00d6\u00dfE \u00b7<span class=\"Apple-converted-space\"> <\/span>INHALT \u00b7 Jede Schachtel enth\u00e4lt 12 kompostierbare Teebeutel<\/p>\n<p>HERKUNFT \u00b7 Frankreich<\/p>\n","protected":false},"featured_media":4226,"comment_status":"open","ping_status":"closed","template":"","meta":[],"product_brand":[],"product_cat":[176],"product_tag":[175],"class_list":{"0":"post-3822","1":"product","2":"type-product","3":"status-publish","4":"has-post-thumbnail","6":"product_cat-getranke-produkte","7":"product_tag-cosmic-dealer-de","9":"first","10":"instock","11":"taxable","12":"shipping-taxable","13":"purchasable","14":"product-type-simple"},"_links":{"self":[{"href":"https:\/\/9phases.com\/de\/wp-json\/wp\/v2\/product\/3822","targetHints":{"allow":["GET"]}}],"collection":[{"href":"https:\/\/9phases.com\/de\/wp-json\/wp\/v2\/product"}],"about":[{"href":"https:\/\/9phases.com\/de\/wp-json\/wp\/v2\/types\/product"}],"replies":[{"embeddable":true,"href":"https:\/\/9phases.com\/de\/wp-json\/wp\/v2\/comments?post=3822"}],"wp:featuredmedia":[{"embeddable":true,"href":"https:\/\/9phases.com\/de\/wp-json\/wp\/v2\/media\/4226"}],"wp:attachment":[{"href":"https:\/\/9phases.com\/de\/wp-json\/wp\/v2\/media?parent=3822"}],"wp:term":[{"taxonomy":"product_brand","embeddable":true,"href":"https:\/\/9phases.com\/de\/wp-json\/wp\/v2\/product_brand?post=3822"},{"taxonomy":"product_cat","embeddable":true,"href":"https:\/\/9phases.com\/de\/wp-json\/wp\/v2\/product_cat?post=3822"},{"taxonomy":"product_tag","embeddable":true,"href":"https:\/\/9phases.com\/de\/wp-json\/wp\/v2\/product_tag?post=3822"}],"curies":[{"name":"wp","href":"https:\/\/api.w.org\/{rel}","templated":true}]}}