{"id":3823,"date":"2024-07-03T15:40:43","date_gmt":"2024-07-03T13:40:43","guid":{"rendered":"https:\/\/9phases.com\/grounding-bath-elixir\/"},"modified":"2024-07-19T19:31:54","modified_gmt":"2024-07-19T17:31:54","slug":"grounding-bath-elixir","status":"publish","type":"product","link":"https:\/\/9phases.com\/de\/grounding-bath-elixir\/","title":{"rendered":"ERDENDES BADEELIXIER"},"content":{"rendered":"<p>ERDENDES BADEELIXIER<\/p>\n<p>Verw\u00f6hnen Sie sich mit einem tief pflegenden und beruhigenden Badelixier, angereichert mit antioxidantienreichem Baobab\u00f6l und S\u00fc\u00dfmandel\u00f6l, das in der alten chinesischen, ayurvedischen und griechisch-persischen Medizin verehrt wird.<\/p>\n<p>Das erdende Aroma besteht aus k\u00fchlem und beruhigendem Vetiver, erdigem Zedernholz und belebender Orange, die f\u00fcr ihre stimmungsaufhellenden und entspannenden Eigenschaften bekannt sind.<\/p>\n<p>Das Elixier ist mit Turmalin, Madeira-Quarz und gelbem Jaspis angereichert, um Erdung und St\u00e4rkung zu f\u00f6rdern. Gib es zu einem warmen, einlaufenden Bad hinzu und lass es dir helfen, deine Kraft wiederherzustellen.<\/p>\n<p>Hervorragend in Kombination mit dem <a href=\"https:\/\/9phases.com\/amethyst-magnesium-bath-soak\/\">Amethyst &amp; Magnesium Badezusatz<\/a>.<\/p>\n","protected":false},"excerpt":{"rendered":"<h3>Badeelixier<\/h3>\n<p>100% nat\u00fcrliche Inhaltsstoffe<\/p>\n<p>Keine k\u00fcnstlichen Duftstoffe oder Zusatzstoffe<\/p>\n<p>Mit Kristallen angereichert<\/p>\n<p>ZUTATEN \u00b7 Kokosnuss\u00f6l aus Indonesien, Bio-Baobab\u00f6l aus S\u00fcdafrika\/Ghana, Bio-S\u00fc\u00dfmandel\u00f6l aus Spanien, Bio-Aprikosenkern\u00f6l aus Spanien, Bio-Argan\u00f6l aus Marokko, Vitamin-E-\u00d6l (aus Weizenkeimen) aus Gro\u00dfbritannien, \u00e4therisches Bio-Vetiver\u00f6l aus Sri Lanka, Bio-Zedernholz\u00f6l aus Marokko, \u00e4therisches Bio-Orangen\u00f6l aus Spanien.<\/p>\n<p>GR\u00d6\u00dfE \u00b7<span class=\"Apple-converted-space\"> <\/span>100 ml<\/p>\n","protected":false},"featured_media":4235,"comment_status":"open","ping_status":"closed","template":"","meta":[],"product_brand":[],"product_cat":[174],"product_tag":[177],"class_list":{"0":"post-3823","1":"product","2":"type-product","3":"status-publish","4":"has-post-thumbnail","6":"product_cat-beauty-produkte","7":"product_tag-palm-of-feronia-de","9":"first","10":"instock","11":"taxable","12":"shipping-taxable","13":"purchasable","14":"product-type-simple"},"_links":{"self":[{"href":"https:\/\/9phases.com\/de\/wp-json\/wp\/v2\/product\/3823","targetHints":{"allow":["GET"]}}],"collection":[{"href":"https:\/\/9phases.com\/de\/wp-json\/wp\/v2\/product"}],"about":[{"href":"https:\/\/9phases.com\/de\/wp-json\/wp\/v2\/types\/product"}],"replies":[{"embeddable":true,"href":"https:\/\/9phases.com\/de\/wp-json\/wp\/v2\/comments?post=3823"}],"wp:featuredmedia":[{"embeddable":true,"href":"https:\/\/9phases.com\/de\/wp-json\/wp\/v2\/media\/4235"}],"wp:attachment":[{"href":"https:\/\/9phases.com\/de\/wp-json\/wp\/v2\/media?parent=3823"}],"wp:term":[{"taxonomy":"product_brand","embeddable":true,"href":"https:\/\/9phases.com\/de\/wp-json\/wp\/v2\/product_brand?post=3823"},{"taxonomy":"product_cat","embeddable":true,"href":"https:\/\/9phases.com\/de\/wp-json\/wp\/v2\/product_cat?post=3823"},{"taxonomy":"product_tag","embeddable":true,"href":"https:\/\/9phases.com\/de\/wp-json\/wp\/v2\/product_tag?post=3823"}],"curies":[{"name":"wp","href":"https:\/\/api.w.org\/{rel}","templated":true}]}}