{"id":3824,"date":"2024-07-03T15:49:37","date_gmt":"2024-07-03T13:49:37","guid":{"rendered":"https:\/\/9phases.com\/amethyst-magnesium-bath-soak\/"},"modified":"2024-07-19T19:20:09","modified_gmt":"2024-07-19T17:20:09","slug":"amethyst-magnesium-bath-soak","status":"publish","type":"product","link":"https:\/\/9phases.com\/de\/amethyst-magnesium-bath-soak\/","title":{"rendered":"AMETHYST &amp; MAGNESIUM BADEZUSATZ"},"content":{"rendered":"<p>AMETHYST &amp; MAGNESIUM BADEZUSATZ<\/p>\n<p>Diese Mischung enth\u00e4lt kalziumreiches Himalaya-Salz, Meersalz und magnesiumreiches Bittersalz, das f\u00fcr seine traditionelle Verwendung f\u00fcr Schlaf und Muskelerholung bekannt ist.<\/p>\n<p>Die beruhigende Energie des Amethysts sorgt f\u00fcr spirituelle Erneuerung. Diese Mischung wird durch die beruhigenden D\u00fcfte von Wacholderbeeren, Bergamotte und Muskatellersalbei erg\u00e4nzt, w\u00e4hrend Lavendelknospen K\u00f6rper und Geist sanft entspannen und f\u00fcr eine erholsame Nachtruhe sorgen.<\/p>\n<p>ZUTATEN \u00b7 Meersalz aus Israel, Bittersalz aus Deutschland, Himalaya-Salz aus Nordpakistan, Kokosnuss\u00f6l aus Indonesien, getrocknete Lavendelknospen aus Frankreich, \u00e4therisches Bio-Lavendel\u00f6l aus Bulgarien, Bio-Petitgrain\u00f6l aus Paraguay, Bio-Bergamotte\u00f6l aus Kalabrien, Italien, Bio-Orangen\u00f6l aus Spanien, Bio-Muskatellersalbei\u00f6l aus Frankreich und Albanien.<\/p>\n","protected":false},"excerpt":{"rendered":"<h3>Eine wohltuende Mischung aus Magnesium-Badesalzen zur Muskelentspannung und F\u00f6rderung eines erholsamen Schlafs.<\/h3>\n<p>100% nat\u00fcrliche Inhaltsstoffe<\/p>\n<p>Keine k\u00fcnstlichen Duftstoffe oder Zusatzstoffe<\/p>\n<p>Angereichert mit Amethyst Kristallen, dem Stein des spirituellen <a href=\"https:\/\/9phases.com\/category\/spiritual-wisdom\/\">Wohlbefindens<\/a>.<\/p>\n<p>GR\u00d6\u00dfE \u00b7<span class=\"Apple-converted-space\">  <\/span>300g oder 600g<br style=\"font-weight: 400;\"><br style=\"font-weight: 400;\"><\/p>\n","protected":false},"featured_media":4241,"comment_status":"open","ping_status":"closed","template":"","meta":[],"product_brand":[],"product_cat":[174],"product_tag":[177],"class_list":{"0":"post-3824","1":"product","2":"type-product","3":"status-publish","4":"has-post-thumbnail","6":"product_cat-beauty-produkte","7":"product_tag-palm-of-feronia-de","9":"first","10":"instock","11":"taxable","12":"shipping-taxable","13":"purchasable","14":"product-type-variable"},"_links":{"self":[{"href":"https:\/\/9phases.com\/de\/wp-json\/wp\/v2\/product\/3824","targetHints":{"allow":["GET"]}}],"collection":[{"href":"https:\/\/9phases.com\/de\/wp-json\/wp\/v2\/product"}],"about":[{"href":"https:\/\/9phases.com\/de\/wp-json\/wp\/v2\/types\/product"}],"replies":[{"embeddable":true,"href":"https:\/\/9phases.com\/de\/wp-json\/wp\/v2\/comments?post=3824"}],"wp:featuredmedia":[{"embeddable":true,"href":"https:\/\/9phases.com\/de\/wp-json\/wp\/v2\/media\/4241"}],"wp:attachment":[{"href":"https:\/\/9phases.com\/de\/wp-json\/wp\/v2\/media?parent=3824"}],"wp:term":[{"taxonomy":"product_brand","embeddable":true,"href":"https:\/\/9phases.com\/de\/wp-json\/wp\/v2\/product_brand?post=3824"},{"taxonomy":"product_cat","embeddable":true,"href":"https:\/\/9phases.com\/de\/wp-json\/wp\/v2\/product_cat?post=3824"},{"taxonomy":"product_tag","embeddable":true,"href":"https:\/\/9phases.com\/de\/wp-json\/wp\/v2\/product_tag?post=3824"}],"curies":[{"name":"wp","href":"https:\/\/api.w.org\/{rel}","templated":true}]}}