{"id":3825,"date":"2024-07-05T11:24:20","date_gmt":"2024-07-05T09:24:20","guid":{"rendered":"https:\/\/9phases.com\/forest-moss-bath\/"},"modified":"2024-07-20T13:26:57","modified_gmt":"2024-07-20T11:26:57","slug":"forest-moss-bath","status":"publish","type":"product","link":"https:\/\/9phases.com\/de\/forest-moss-bath\/","title":{"rendered":"FOREST MOSS BADEZUSATZ"},"content":{"rendered":"<p>FOREST MOSS BADEZUSATZ<\/p>\n<p>Begib dich mit dem erdenden Ritualbad von <a href=\"https:\/\/palmofferonia.com\/\" rel=\"nofollow noopener\" target=\"_blank\">PALM OF FERONIA<\/a> auf eine sinnliche Reise tief in einen beruhigenden Wald. Diese Mischung aus mineralreichen Salzen, Patchouli, Eichenmoos, beruhigendem Eukalyptus und gr\u00fcnem Moosachat entgiftet die Haut, beruhigt die Muskeln und sorgt f\u00fcr die dringend ben\u00f6tigte Ruhe und Gelassenheit.<\/p>\n<p>Du wirst erfrischt aus dem Bad kommen und bereit sein, das Neue, das auf dich zukommt, zu begr\u00fc\u00dfen. Perfekt f\u00fcr jeden Neuanfang.<\/p>\n<p>INHALT \u00b7 Meersalz aus Israel, Epsomsalz aus Deutschland, Kokos\u00f6l aus Indonesien, Vitamin-E-\u00d6l (gewonnen aus Weizenkeimen) aus dem Vereinigten K\u00f6nigreich, Bio-Eukalyptus\u00f6l aus Australien, Bio-Patschuli\u00f6l aus Sri Lanka, Bio-Thymian\u00f6l aus Spanien, Bio-Zedernholz\u00f6l aus Marokko, Bio-Muskatellersalbei\u00f6l aus Frankreich und Albanien.<\/p>\n","protected":false},"excerpt":{"rendered":"<h3>Eine Mischung aus Badesalzen, \u00d6len und <a href=\"https:\/\/9phases.com\/crystal-products\/\">Kristallen<\/a>, um sich zu erden, loszulassen und auf das Beste vorzubereiten, was das Universum Ihnen zu bieten hat.<\/h3>\n<p>100% nat\u00fcrliche Inhaltsstoffe<\/p>\n<p>Keine k\u00fcnstlichen Duftstoffe oder Zusatzstoffe<\/p>\n<p>GR\u00d6\u00dfE \u00b7<span class=\"Apple-converted-space\">  <\/span>300g oder 600g<\/p>\n","protected":false},"featured_media":4244,"comment_status":"open","ping_status":"closed","template":"","meta":[],"product_brand":[],"product_cat":[174],"product_tag":[177],"class_list":{"0":"post-3825","1":"product","2":"type-product","3":"status-publish","4":"has-post-thumbnail","6":"product_cat-beauty-produkte","7":"product_tag-palm-of-feronia-de","9":"first","10":"instock","11":"taxable","12":"shipping-taxable","13":"purchasable","14":"product-type-variable"},"_links":{"self":[{"href":"https:\/\/9phases.com\/de\/wp-json\/wp\/v2\/product\/3825","targetHints":{"allow":["GET"]}}],"collection":[{"href":"https:\/\/9phases.com\/de\/wp-json\/wp\/v2\/product"}],"about":[{"href":"https:\/\/9phases.com\/de\/wp-json\/wp\/v2\/types\/product"}],"replies":[{"embeddable":true,"href":"https:\/\/9phases.com\/de\/wp-json\/wp\/v2\/comments?post=3825"}],"wp:featuredmedia":[{"embeddable":true,"href":"https:\/\/9phases.com\/de\/wp-json\/wp\/v2\/media\/4244"}],"wp:attachment":[{"href":"https:\/\/9phases.com\/de\/wp-json\/wp\/v2\/media?parent=3825"}],"wp:term":[{"taxonomy":"product_brand","embeddable":true,"href":"https:\/\/9phases.com\/de\/wp-json\/wp\/v2\/product_brand?post=3825"},{"taxonomy":"product_cat","embeddable":true,"href":"https:\/\/9phases.com\/de\/wp-json\/wp\/v2\/product_cat?post=3825"},{"taxonomy":"product_tag","embeddable":true,"href":"https:\/\/9phases.com\/de\/wp-json\/wp\/v2\/product_tag?post=3825"}],"curies":[{"name":"wp","href":"https:\/\/api.w.org\/{rel}","templated":true}]}}