{"id":3826,"date":"2024-07-05T11:34:00","date_gmt":"2024-07-05T09:34:00","guid":{"rendered":"https:\/\/9phases.com\/moonstone-sleep-spray\/"},"modified":"2024-09-03T21:12:24","modified_gmt":"2024-09-03T19:12:24","slug":"moonstone-sleep-spray","status":"publish","type":"product","link":"https:\/\/9phases.com\/de\/moonstone-sleep-spray\/","title":{"rendered":"MOONSTONE SLEEP SPRAY"},"content":{"rendered":"<p>GOODBYE ALPTR\u00c4UME <\/p>\n<h3>Dieses Schlafspray ist deine L\u00f6sung f\u00fcr einen besseren Schlaf.<\/h3>\n<p> Die Kamille, die f\u00fcr ihre schlaff\u00f6rdernden Eigenschaften bekannt ist, wird mit Petitgrain und Muskatellersalbei gemischt, um Geist und K\u00f6rper zu entspannen und einen <a href=\"https:\/\/www.therestfulsleepplace.com\/blog\/what-is-restful-sleep-and-how-do-we-achieve-it\" rel=\"nofollow noopener\" target=\"_blank\">erholsamen Schlaf <\/a>zu f\u00f6rdern. Die \u00e4therischen Energien von <a href=\"https:\/\/9phases.com\/amethyst\/\">Amethyst<\/a>, blauem Spitzenachat, Mondstein und Schneeflockenobsidian sorgen f\u00fcr spirituelle Beruhigung und Frieden. Spr\u00fche es auf dein Kopfkissen und lasse die \u00e4therischen \u00d6le und das Kamillenwasser ihre Wirkung entfalten und dich mit sch\u00f6nen Tr\u00e4umen segnen.<\/p>\n","protected":false},"excerpt":{"rendered":"<p>Dieses bezaubernde Schlafspray ist eine mystische Mischung aus Lavendel und Thymian, die seit der Antike daf\u00fcr bekannt ist, Alptr\u00e4ume zu vertreiben und die Seele zu beruhigen. 100 % nat\u00fcrliche Inhaltsstoffe Keine k\u00fcnstlichen Duft- oder Zusatzstoffe Mit Kristallen angereichert GR\u00d6SSE \u00b7 100 ml <\/p>\n","protected":false},"featured_media":4229,"comment_status":"open","ping_status":"closed","template":"","meta":[],"product_brand":[],"product_cat":[98],"product_tag":[177],"class_list":{"0":"post-3826","1":"product","2":"type-product","3":"status-publish","4":"has-post-thumbnail","6":"product_cat-schlaf-meditation-produkte","7":"product_tag-palm-of-feronia-de","9":"first","10":"outofstock","11":"taxable","12":"shipping-taxable","13":"purchasable","14":"product-type-simple"},"_links":{"self":[{"href":"https:\/\/9phases.com\/de\/wp-json\/wp\/v2\/product\/3826","targetHints":{"allow":["GET"]}}],"collection":[{"href":"https:\/\/9phases.com\/de\/wp-json\/wp\/v2\/product"}],"about":[{"href":"https:\/\/9phases.com\/de\/wp-json\/wp\/v2\/types\/product"}],"replies":[{"embeddable":true,"href":"https:\/\/9phases.com\/de\/wp-json\/wp\/v2\/comments?post=3826"}],"wp:featuredmedia":[{"embeddable":true,"href":"https:\/\/9phases.com\/de\/wp-json\/wp\/v2\/media\/4229"}],"wp:attachment":[{"href":"https:\/\/9phases.com\/de\/wp-json\/wp\/v2\/media?parent=3826"}],"wp:term":[{"taxonomy":"product_brand","embeddable":true,"href":"https:\/\/9phases.com\/de\/wp-json\/wp\/v2\/product_brand?post=3826"},{"taxonomy":"product_cat","embeddable":true,"href":"https:\/\/9phases.com\/de\/wp-json\/wp\/v2\/product_cat?post=3826"},{"taxonomy":"product_tag","embeddable":true,"href":"https:\/\/9phases.com\/de\/wp-json\/wp\/v2\/product_tag?post=3826"}],"curies":[{"name":"wp","href":"https:\/\/api.w.org\/{rel}","templated":true}]}}