{"id":5911,"date":"2024-08-15T15:46:59","date_gmt":"2024-08-15T13:46:59","guid":{"rendered":"https:\/\/9phases.com\/?post_type=product&#038;p=5911"},"modified":"2024-09-04T16:43:00","modified_gmt":"2024-09-04T14:43:00","slug":"bergkristall","status":"publish","type":"product","link":"https:\/\/9phases.com\/de\/bergkristall\/","title":{"rendered":"BERGKRISTALL"},"content":{"rendered":"<p>STEIN DER MANIFESTATION<\/p>\n<p>Der Bergkristall wird seit jeher wegen seiner magischen und mystischen Kr\u00e4fte gesch\u00e4tzt. Bekannt f\u00fcr seine Vielseitigkeit, strahlt dieser Kristall eine hohe Energie aus, die Klarheit von Geist und Herz f\u00f6rdert, was ihn ideal f\u00fcr Meditationspraktiken macht. Er f\u00f6rdert spirituelles Wachstum, Bewusstsein und Weisheit und kann als Schutzschild gegen Negativit\u00e4t dienen, indem er deine Aura sch\u00fctzt.<\/p>\n<p>Manchmal wird der Bergkristall als die &#8216;Mutter der Kristalle&#8217; bezeichnet\u2014und \u00e4hnlich wie eine Mutter bietet er dir genau das, was du brauchst, sei es Seelenfrieden oder einen zus\u00e4tzlichen Schub, um deine Tr\u00e4ume zu manifestieren. Seine F\u00e4higkeit, die umliegenden Energien zu verst\u00e4rken, macht ihn zu einer hervorragenden Erg\u00e4nzung deiner Sammlung, da er die Eigenschaften anderer Kristalle verst\u00e4rken kann. Wenn du ihn neben dein Vision Board legst, kann er auch deinen Manifestationsprozess st\u00e4rken.<\/p>\n<div class=\"group\/conversation-turn relative flex w-full min-w-0 flex-col agent-turn\">\n<div class=\"flex-col gap-1 md:gap-3\">\n<div class=\"flex max-w-full flex-col flex-grow\">\n<div class=\"min-h-[20px] text-message flex w-full flex-col items-end gap-2 whitespace-pre-wrap break-words [.text-message+&amp;]:mt-5 overflow-x-auto\" dir=\"auto\" data-message-author-role=\"assistant\" data-message-id=\"29c7ae89-db30-482e-a8a8-be0a4ea74073\">\n<div class=\"flex w-full flex-col gap-1 empty:hidden first:pt-[3px]\">Alle Kristalle, die wir anbieten, werden vor dem Versand energetisch gereinigt und aufgeladen, um dein Erlebnis zu verbessern.<\/div>\n<\/div>\n<\/div>\n<\/div>\n<\/div>\n","protected":false},"excerpt":{"rendered":"<h3>Der Bergkristall strahlt hohe Vibrationen aus, um Negativit\u00e4t aufzunehmen und dir zu helfen, deine W\u00fcnsche schneller zu verwirklichen.<\/h3>\n<p>HERKUNFT \u00b7 Brasilien<\/p>\n<p>GR\u00d6SSE \u00b7 ca. 3 bis 7 cm<\/p>\n<p>GEWICHT \u00b7\u00a0 S (50-75 Gramm); M (80-120 Gramm)<\/p>\n<p><span style=\"font-weight: 400;\">Bitte beachte, dass jeder Stein einzigartig ist und in Form und Gr\u00f6\u00dfe variieren kann. <\/span><\/p>\n<p>&nbsp;<\/p>\n<p>&nbsp;<\/p>\n<p>&nbsp;<\/p>\n","protected":false},"featured_media":5906,"comment_status":"open","ping_status":"closed","template":"","meta":[],"product_brand":[],"product_cat":[52,51],"product_tag":[232],"class_list":{"0":"post-5911","1":"product","2":"type-product","3":"status-publish","4":"has-post-thumbnail","6":"product_cat-kristalle-produkte","7":"product_cat-neue-anfange","8":"product_tag-9phases-de","10":"first","11":"instock","12":"taxable","13":"shipping-taxable","14":"purchasable","15":"product-type-variable"},"_links":{"self":[{"href":"https:\/\/9phases.com\/de\/wp-json\/wp\/v2\/product\/5911","targetHints":{"allow":["GET"]}}],"collection":[{"href":"https:\/\/9phases.com\/de\/wp-json\/wp\/v2\/product"}],"about":[{"href":"https:\/\/9phases.com\/de\/wp-json\/wp\/v2\/types\/product"}],"replies":[{"embeddable":true,"href":"https:\/\/9phases.com\/de\/wp-json\/wp\/v2\/comments?post=5911"}],"wp:featuredmedia":[{"embeddable":true,"href":"https:\/\/9phases.com\/de\/wp-json\/wp\/v2\/media\/5906"}],"wp:attachment":[{"href":"https:\/\/9phases.com\/de\/wp-json\/wp\/v2\/media?parent=5911"}],"wp:term":[{"taxonomy":"product_brand","embeddable":true,"href":"https:\/\/9phases.com\/de\/wp-json\/wp\/v2\/product_brand?post=5911"},{"taxonomy":"product_cat","embeddable":true,"href":"https:\/\/9phases.com\/de\/wp-json\/wp\/v2\/product_cat?post=5911"},{"taxonomy":"product_tag","embeddable":true,"href":"https:\/\/9phases.com\/de\/wp-json\/wp\/v2\/product_tag?post=5911"}],"curies":[{"name":"wp","href":"https:\/\/api.w.org\/{rel}","templated":true}]}}