{"id":5912,"date":"2024-08-15T10:18:31","date_gmt":"2024-08-15T08:18:31","guid":{"rendered":"https:\/\/9phases.com\/?post_type=product&#038;p=5912"},"modified":"2024-09-04T17:06:55","modified_gmt":"2024-09-04T15:06:55","slug":"amethyst-2","status":"publish","type":"product","link":"https:\/\/9phases.com\/de\/amethyst-2\/","title":{"rendered":"AMETHYST CUT POINT"},"content":{"rendered":"<p>STEIN DES SPIRITUELLEN WOHLBEFINDENS<\/p>\n<p>Die unwiderstehliche violette Farbe des Amethysts ist ein Symbol f\u00fcr Erleuchtung und das Erreichen des h\u00f6heren Selbst. Er hilft unserem Gehirn, in den Alpha-Wellen-Zustand \u00fcberzugehen\u2014einen Zustand, in dem wir uns entspannt und unkonzentriert f\u00fchlen. Das macht Amethyst zu einem perfekten Begleiter f\u00fcr Meditation oder Momente der Entspannung.<\/p>\n<p>Amethyst ist kein Stein, den man auf dem Schreibtisch benutzt, um h\u00e4rter zu arbeiten; er ist ein Kristall, den man in der Hand h\u00e4lt, wenn man in einen koh\u00e4renten Geisteszustand gelangen m\u00f6chte\u2014einen Moment, in dem sich dein Geist nahtlos mit deiner Seele verbindet, einen Moment, in dem wahre Magie geschieht. <\/p>\n<p>Alle Kristalle, die wir anbieten, werden vor dem Versand energetisch gereinigt und aufgeladen, um dein Erlebnis zu verbessern.<\/p>\n","protected":false},"excerpt":{"rendered":"<h3>Amethyst beruhigt dich und st\u00e4rkt deine Intuition, sodass du auf deine innere Weisheit h\u00f6ren kannst. Er beruhigt deinen Geist. Er n\u00e4hrt deine Seele.  <\/h3>\n<p>HERKUNFT \u00b7 Brasilien<\/p>\n<p>GR\u00d6SSE \u00b7 circa breite 2 &#8211; 3 cm; lang 6 &#8211; 7 cm<\/p>\n<p>GEWICHT \u00b7 ca. 45 &#8211; 75 Gramm<\/p>\n<p>Bitte beachte, dass jeder Stein einzigartig ist und in Form und Gr\u00f6\u00dfe variieren kann.<\/p>\n<p>&nbsp;<\/p>\n<p>&nbsp;<\/p>\n","protected":false},"featured_media":5832,"comment_status":"open","ping_status":"closed","template":"","meta":[],"product_brand":[],"product_cat":[52,144],"product_tag":[232],"class_list":{"0":"post-5912","1":"product","2":"type-product","3":"status-publish","4":"has-post-thumbnail","6":"product_cat-kristalle-produkte","7":"product_cat-magie-intuition","8":"product_tag-9phases-de","10":"first","11":"instock","12":"taxable","13":"shipping-taxable","14":"purchasable","15":"product-type-simple"},"_links":{"self":[{"href":"https:\/\/9phases.com\/de\/wp-json\/wp\/v2\/product\/5912","targetHints":{"allow":["GET"]}}],"collection":[{"href":"https:\/\/9phases.com\/de\/wp-json\/wp\/v2\/product"}],"about":[{"href":"https:\/\/9phases.com\/de\/wp-json\/wp\/v2\/types\/product"}],"replies":[{"embeddable":true,"href":"https:\/\/9phases.com\/de\/wp-json\/wp\/v2\/comments?post=5912"}],"wp:featuredmedia":[{"embeddable":true,"href":"https:\/\/9phases.com\/de\/wp-json\/wp\/v2\/media\/5832"}],"wp:attachment":[{"href":"https:\/\/9phases.com\/de\/wp-json\/wp\/v2\/media?parent=5912"}],"wp:term":[{"taxonomy":"product_brand","embeddable":true,"href":"https:\/\/9phases.com\/de\/wp-json\/wp\/v2\/product_brand?post=5912"},{"taxonomy":"product_cat","embeddable":true,"href":"https:\/\/9phases.com\/de\/wp-json\/wp\/v2\/product_cat?post=5912"},{"taxonomy":"product_tag","embeddable":true,"href":"https:\/\/9phases.com\/de\/wp-json\/wp\/v2\/product_tag?post=5912"}],"curies":[{"name":"wp","href":"https:\/\/api.w.org\/{rel}","templated":true}]}}