{"id":5913,"date":"2024-08-15T10:18:25","date_gmt":"2024-08-15T08:18:25","guid":{"rendered":"https:\/\/9phases.com\/?post_type=product&#038;p=5913"},"modified":"2024-09-04T17:25:53","modified_gmt":"2024-09-04T15:25:53","slug":"rosenquartz-kugel","status":"publish","type":"product","link":"https:\/\/9phases.com\/de\/rosenquartz-kugel\/","title":{"rendered":"ROSENQUARTZ KUGEL"},"content":{"rendered":"<p>STEIN DER LIEBE UND HARMONIE<\/p>\n<p>Seit der Antike f\u00fcr ihre Sch\u00f6nheit und Symbolik gepriesen, wird Rosenquarz mit Venus assoziiert. Wie sie tr\u00e4gt er die Energie der Liebe. Er bringt Optimismus in unser t\u00e4gliches Leben, heilt die Wunden des Herzens und lindert Schmerz und M\u00fcdigkeit. Er l\u00e4sst uns mit liebevoller Anmut und Freundlichkeit bewegen. Er f\u00f6rdert die Liebe in uns, damit wir die Liebe finden k\u00f6nnen, nach der wir suchen.    <\/p>\n<p>Um die beruhigenden und tr\u00f6stenden Eigenschaften der Rosenquarz Kugel zu erleben, platziere sie in deinem Schlafzimmer oder Wohnzimmer.<\/p>\n<p>Halte sie in deiner Hand, wann immer du Belastungen in deinem Herzen sp\u00fcrst oder wenn du dein Herzchakra \u00f6ffnen m\u00f6chtest.<\/p>\n<p>Alle Kristalle, die wir anbieten, werden vor dem Versand energetisch gereinigt und aufgeladen, um dein Erlebnis zu verbessern.<\/p>\n<p>&nbsp;<\/p>\n","protected":false},"excerpt":{"rendered":"<h3>Kugeln aus Rosenquarz sind deine besten Verb\u00fcndeten auf dem Weg, dein Herz zu \u00f6ffnen, emotionale Heilung zu erfahren und romantische Beziehungen zu f\u00f6rdern. Umgib dich mit der Vibration der Liebe. <\/h3>\n<p>CHAKRA \u00b7 Herz<\/p>\n<p>HERKUNFT \u00b7 Madagaskar<\/p>\n<p>Gr\u00f6\u00dfe \u00b7 S (4 cm durchmesser, ca. 150 g ); M (5 cm durchmesser, ca. 200-250 g)<\/p>\n<p>&nbsp;<\/p>\n<p>Bitte beachte, dass jeder Stein einzigartig ist und in Form und Gr\u00f6\u00dfe variieren kann.<\/p>\n<p>&nbsp;<\/p>\n","protected":false},"featured_media":5826,"comment_status":"open","ping_status":"closed","template":"","meta":[],"product_brand":[],"product_cat":[52,169],"product_tag":[232],"class_list":{"0":"post-5913","1":"product","2":"type-product","3":"status-publish","4":"has-post-thumbnail","6":"product_cat-kristalle-produkte","7":"product_cat-liebe","8":"product_tag-9phases-de","10":"first","11":"instock","12":"taxable","13":"shipping-taxable","14":"purchasable","15":"product-type-variable"},"_links":{"self":[{"href":"https:\/\/9phases.com\/de\/wp-json\/wp\/v2\/product\/5913","targetHints":{"allow":["GET"]}}],"collection":[{"href":"https:\/\/9phases.com\/de\/wp-json\/wp\/v2\/product"}],"about":[{"href":"https:\/\/9phases.com\/de\/wp-json\/wp\/v2\/types\/product"}],"replies":[{"embeddable":true,"href":"https:\/\/9phases.com\/de\/wp-json\/wp\/v2\/comments?post=5913"}],"wp:featuredmedia":[{"embeddable":true,"href":"https:\/\/9phases.com\/de\/wp-json\/wp\/v2\/media\/5826"}],"wp:attachment":[{"href":"https:\/\/9phases.com\/de\/wp-json\/wp\/v2\/media?parent=5913"}],"wp:term":[{"taxonomy":"product_brand","embeddable":true,"href":"https:\/\/9phases.com\/de\/wp-json\/wp\/v2\/product_brand?post=5913"},{"taxonomy":"product_cat","embeddable":true,"href":"https:\/\/9phases.com\/de\/wp-json\/wp\/v2\/product_cat?post=5913"},{"taxonomy":"product_tag","embeddable":true,"href":"https:\/\/9phases.com\/de\/wp-json\/wp\/v2\/product_tag?post=5913"}],"curies":[{"name":"wp","href":"https:\/\/api.w.org\/{rel}","templated":true}]}}