{"id":804,"date":"2023-10-24T17:28:41","date_gmt":"2023-10-24T15:28:41","guid":{"rendered":"http:\/\/9phases.com\/selenite\/"},"modified":"2024-07-20T22:28:54","modified_gmt":"2024-07-20T20:28:54","slug":"selenit","status":"publish","type":"product","link":"https:\/\/9phases.com\/de\/selenit\/","title":{"rendered":"SELENITE EIER"},"content":{"rendered":"<p>STONE OF THE GODDESS OF THE MOON SELENE<\/p>\n<p>Halte den Selenit in deinen H\u00e4nden und sp\u00fcre sein sanftes Gewicht. Schlie\u00dfe die Augen, entspanne dich, und konzentriere dich nur auf das Gef\u00fchl. Der Druck auf deinen H\u00e4nden erdet dich und erm\u00f6glicht es dir, \u00c4ngste zu bek\u00e4mpfen und zur Ruhe zu kommen.<\/p>\n<p>Da Selenit-Eier in sorgf\u00e4ltiger Handarbeit geschnitzt werden, k\u00f6nnen diese in Gr\u00f6\u00dfe und Gewicht leicht variieren. In solchen F\u00e4llen halteeinfach den Stein, der sich schwerer anf\u00fchlt, in deiner dominanten Hand. Du kannst sicher sein, dass er intuitiv mit dir resoniert.<\/p>\n<p><a href=\"https:\/\/en.wikipedia.org\/wiki\/Selenite_(mineral)\" rel=\"nofollow noopener\" target=\"_blank\">Selenit<\/a> strahlt ein sanftes, wei\u00dfes Licht aus, das an das Mondleuchten erinnert. Sich an Selenit zu wenden, ist wie sich an den Mond selbst zu wenden.<\/p>\n<p>In Momenten die dich \u00fcberw\u00e4ltigenden oder bei Sorgen nimm dir Zeit, still zu sein &#8211; sei es im Sitzen, Liegen, Meditieren oder einfach beim Einschlafen mit Selenit-Eiern in den H\u00e4nden. Du brauchst nirgendwohin zu gehen oder etwas zu tun.<\/p>\n<p>Behandle Selenit vorsichtig, da er empfindlich ist und leicht brechen kann. Betrachte es als eine sch\u00f6ne Erinnerung daran, dass Sanftheit nicht mit Machtlosigkeit gleichzusetzen ist. Im Gegensatz zu modernen \u00dcberzeugungen kann sanftes Handeln zu mehr Frieden und innerer St\u00e4rke f\u00fchren.<\/p>\n","protected":false},"excerpt":{"rendered":"<p>SELENIT ist f\u00fcr seine sch\u00fctzende Aura und seine beruhigenden Eigenschaften bekannt und ein sofort beruhigender Kristall, der dabei hilft, das Bewusstsein zu sch\u00e4rfen und geistige Klarheit zu erreichen. Es bringt Harmonie f\u00fcr deinen K\u00f6rper, Geist und Seele und verbindet dich m\u00fchelos mit h\u00f6heren Vibrationen.<\/p>\n<p>VERPACKUNG \u00b7 Jedes Set enth\u00e4lt zwei handgeschnitzte Selenit-Eier sowie eine speziell angefertigten Beutel zur Aufbewahrung der <a href=\"https:\/\/9phases.com\/crystal-products\/\">Kristalle<\/a>.<\/p>\n<p>CHAKRA \u00b7 Drittes Auge und Krone<\/p>\n<p>HERKUNFT \u00b7 Marokko<\/p>\n<p>GEWICHT \u00b7 150 &#8211; 180g pro Ei<\/p>\n<p>GR\u00d6SSE \u00b7 ca. 7 cm L\u00e4nge, 5 cm Breite<\/p>\n<p>Bitte beachten Sie, dass jeder Stein einzigartig ist und in Form und Gr\u00f6\u00dfe variieren kann.<\/p>\n","protected":false},"featured_media":4336,"comment_status":"open","ping_status":"closed","template":"","meta":[],"product_brand":[],"product_cat":[52,51],"product_tag":[232],"class_list":{"0":"post-804","1":"product","2":"type-product","3":"status-publish","4":"has-post-thumbnail","6":"product_cat-kristalle-produkte","7":"product_cat-neue-anfange","8":"product_tag-9phases-de","10":"first","11":"instock","12":"featured","13":"taxable","14":"shipping-taxable","15":"purchasable","16":"product-type-simple"},"_links":{"self":[{"href":"https:\/\/9phases.com\/de\/wp-json\/wp\/v2\/product\/804","targetHints":{"allow":["GET"]}}],"collection":[{"href":"https:\/\/9phases.com\/de\/wp-json\/wp\/v2\/product"}],"about":[{"href":"https:\/\/9phases.com\/de\/wp-json\/wp\/v2\/types\/product"}],"replies":[{"embeddable":true,"href":"https:\/\/9phases.com\/de\/wp-json\/wp\/v2\/comments?post=804"}],"wp:featuredmedia":[{"embeddable":true,"href":"https:\/\/9phases.com\/de\/wp-json\/wp\/v2\/media\/4336"}],"wp:attachment":[{"href":"https:\/\/9phases.com\/de\/wp-json\/wp\/v2\/media?parent=804"}],"wp:term":[{"taxonomy":"product_brand","embeddable":true,"href":"https:\/\/9phases.com\/de\/wp-json\/wp\/v2\/product_brand?post=804"},{"taxonomy":"product_cat","embeddable":true,"href":"https:\/\/9phases.com\/de\/wp-json\/wp\/v2\/product_cat?post=804"},{"taxonomy":"product_tag","embeddable":true,"href":"https:\/\/9phases.com\/de\/wp-json\/wp\/v2\/product_tag?post=804"}],"curies":[{"name":"wp","href":"https:\/\/api.w.org\/{rel}","templated":true}]}}