{"id":3591,"date":"2023-10-24T17:28:41","date_gmt":"2023-10-24T15:28:41","guid":{"rendered":"https:\/\/9phases.com\/jajka-z-selenitu\/"},"modified":"2024-08-22T10:20:36","modified_gmt":"2024-08-22T08:20:36","slug":"jajka-z-selenitu","status":"publish","type":"product","link":"https:\/\/9phases.com\/pl\/jajka-z-selenitu\/","title":{"rendered":"JAJKA Z SELENITU"},"content":{"rendered":"<p>KAMIE\u0143 BOGINNI KSI\u0118\u017bYCA, SELENE<\/p>\n<p>We\u017a Selenit w d\u0142onie i poczuj jego delikatn\u0105 wag\u0119.<\/p>\n<p>Zamknij oczy, zrelaksuj si\u0119 i skoncentruj si\u0119 na odczuciu. Delikatny ci\u0119\u017car w d\u0142oniach wycisza l\u0119ki i pozwala skupi\u0107 si\u0119 na bie\u017c\u0105cej chwili.<\/p>\n<p>U\u017cywaj selenitowych jajek podczas medytacji lub zasypiania.<\/p>\n<p>Jajka z Selenitu s\u0105 r\u0119cznie rze\u017abione, co sprawia, \u017ce ich rozmiar i waga mog\u0105 nieznacznie si\u0119 r\u00f3\u017cni\u0107. Je\u015bli r\u00f3\u017cnica b\u0119dzie dla Ciebie wyczuwalna kamie\u0144, kt\u00f3ry wydaje si\u0119 ci\u0119\u017cszy trzymaj w dominuj\u0105cej d\u0142oni.<\/p>\n<p>Selenit jest delikatny i podatny na p\u0119kni\u0119cia, dlatego warto chroni\u0107 go przed upadkami.\u00a0 W jego krucho\u015bci\u00a0 mo\u017cna dostrzec pi\u0119kn\u0105 lekcj\u0119 o delikatno\u015bci, kt\u00f3ra\u00a0 nie ma nic wsp\u00f3lnego z bezsilno\u015bci\u0105 i\u00a0 \u0142agodno\u015b\u0107, kt\u00f3ra jest drog\u0105 do wewn\u0119trznej si\u0142y.<\/p>\n<p>Wszystkie kryszta\u0142y, kt\u00f3re oferujemy, s\u0105 przed wysy\u0142k\u0105 starannie oczyszczane energetycznie, a nast\u0119pnie odpowiednio na\u0142adowane energi\u0105, by\u015b m\u00f3g\u0142 w pe\u0142ni cieszy\u0107 si\u0119 ich w\u0142a\u015bciwo\u015bciami.<\/p>\n<p>&nbsp;<\/p>\n<p>&nbsp;<\/p>\n","protected":false},"excerpt":{"rendered":"<h3>Znany z ochronnych i uspokajaj\u0105cych w\u0142a\u015bciwo\u015bci, SELENIT koi nerwy i pomaga osi\u0105gn\u0105\u0107 jasno\u015b\u0107 umys\u0142u.<\/h3>\n<p>Przynosi te\u017c harmoni\u0119 cia\u0142a, umys\u0142u i duszy. To jeden z najsilniej uzdrawiaj\u0105cych kamieni.<\/p>\n<p>OPAKOWANIE \u00b7 Ka\u017cdy zestaw zawiera dwa r\u0119cznie rze\u017abione jaja selenitowe oraz specjalny\u00a0 worek przeznaczony do ich przechowywania.<\/p>\n<p>CZAKRA \u00b7 Trzeciego\u00a0 oka\u00a0 i\u00a0 Korony<\/p>\n<p>POCHODZENIE \u00b7 Maroko<\/p>\n<p>WAGA \u00b7 Ka\u017cdy z kamieni wa\u017cy oko\u0142o 150 &#8211; 180g<\/p>\n<p>ROZMIAR \u00b7 D\u0142ugo\u015b\u0107 pojedynczego kamienia to ok. 7 cm, szeroko\u015b\u0107 5 cm<\/p>\n<p>Nale\u017cy pami\u0119ta\u0107, \u017ce ka\u017cdy kamie\u0144 jest wyj\u0105tkowy i mo\u017ce r\u00f3\u017cni\u0107 si\u0119 kszta\u0142tem oraz rozmiarem.<\/p>\n","protected":false},"featured_media":4337,"comment_status":"open","ping_status":"closed","template":"","meta":[],"product_brand":[],"product_cat":[94,101],"product_tag":[233],"class_list":{"0":"post-3591","1":"product","2":"type-product","3":"status-publish","4":"has-post-thumbnail","6":"product_cat-krysztaly-produkty","7":"product_cat-nowy-poczatek-produkty","8":"product_tag-9phases-pl","10":"first","11":"instock","12":"featured","13":"taxable","14":"shipping-taxable","15":"purchasable","16":"product-type-simple"},"_links":{"self":[{"href":"https:\/\/9phases.com\/pl\/wp-json\/wp\/v2\/product\/3591","targetHints":{"allow":["GET"]}}],"collection":[{"href":"https:\/\/9phases.com\/pl\/wp-json\/wp\/v2\/product"}],"about":[{"href":"https:\/\/9phases.com\/pl\/wp-json\/wp\/v2\/types\/product"}],"replies":[{"embeddable":true,"href":"https:\/\/9phases.com\/pl\/wp-json\/wp\/v2\/comments?post=3591"}],"wp:featuredmedia":[{"embeddable":true,"href":"https:\/\/9phases.com\/pl\/wp-json\/wp\/v2\/media\/4337"}],"wp:attachment":[{"href":"https:\/\/9phases.com\/pl\/wp-json\/wp\/v2\/media?parent=3591"}],"wp:term":[{"taxonomy":"product_brand","embeddable":true,"href":"https:\/\/9phases.com\/pl\/wp-json\/wp\/v2\/product_brand?post=3591"},{"taxonomy":"product_cat","embeddable":true,"href":"https:\/\/9phases.com\/pl\/wp-json\/wp\/v2\/product_cat?post=3591"},{"taxonomy":"product_tag","embeddable":true,"href":"https:\/\/9phases.com\/pl\/wp-json\/wp\/v2\/product_tag?post=3591"}],"curies":[{"name":"wp","href":"https:\/\/api.w.org\/{rel}","templated":true}]}}