{"id":3592,"date":"2023-10-24T17:27:15","date_gmt":"2023-10-24T15:27:15","guid":{"rendered":"https:\/\/9phases.com\/czarny-turmalin\/"},"modified":"2024-08-22T10:28:53","modified_gmt":"2024-08-22T08:28:53","slug":"czarny-turmalin","status":"publish","type":"product","link":"https:\/\/9phases.com\/pl\/czarny-turmalin\/","title":{"rendered":"CZARNY TURMALIN"},"content":{"rendered":"<p>KAMIE\u0143 OCHRONY<\/p>\n<p>Czarny to zawsze dobry wyb\u00f3r. Po\u0142\u0105czenie si\u0142y, zamo\u017cno\u015bci i spokoju. Czarny turmalin nie jest wyj\u0105tkiem.<\/p>\n<p>Gdy pomy\u015blimy o tym jak wiele w naszym \u017cyciu jest zamieszania, gwa\u0142townych zmian, stres\u00f3w i energii, kt\u00f3re nie s\u0105 nam przychylne, uczucie bycia chronionym staje si\u0119 kluczowe.<br \/>\nBezpiecze\u0144stwo to istotny element naszego emocjonalnego i duchowego dobrostanu, fundament tego czym jest dbanie o siebie.<\/p>\n<p>Chro\u0144 siebie i swoich bliskich umieszczaj\u0105c\u00a0 Czarny Turmalin obok drzwi wej\u015bciowych do Twojego domu. Niech stanie si\u0119 Twoim stra\u017cnikiem i niech nie wpuszcza nikogo i niczego czego, nie chcesz go\u015bci\u0107.<\/p>\n<p>Wszystkie kryszta\u0142y, kt\u00f3re oferujemy, s\u0105 przed wysy\u0142k\u0105 starannie oczyszczane energetycznie, a nast\u0119pnie odpowiednio na\u0142adowane energi\u0105, by\u015b m\u00f3g\u0142 w pe\u0142ni cieszy\u0107 si\u0119 ich w\u0142a\u015bciwo\u015bciami.<\/p>\n","protected":false},"excerpt":{"rendered":"<p>CZARNY TURMALIN \u00a0jednym z najbardziej ochronnych <a href=\"https:\/\/9phases.com\/crystal-products\/\">kamieni.<\/a><br \/>\nPosiada zdolno\u015b\u0107 absorbowania praktycznie wszystkiego &#8211; negatywnych wibracji, zasta\u0142ych energii i z\u0142o\u015bliwych my\u015bli, kt\u00f3re posy\u0142aj\u0105 nam inni. Stanowi doskona\u0142\u0105 tarcz\u0119 przed pechem i z\u0142ymi intencjami.<\/p>\n<p>CZAKRA \u00b7 <a href=\"https:\/\/en.wikipedia.org\/wiki\/Muladhara\"> Podstawy<\/a><\/p>\n<p>POCHODZENIE \u00b7 Brazylia<\/p>\n<p>WAGA \u00b7 500-750g<\/p>\n<p>ROZMIAR \u00b7 oko\u0142o 7-10cm d\u0142ugo\u015b\u0107\u00a0 ;5-7cm szeroko\u015b\u0107<\/p>\n<p>Nale\u017cy pami\u0119ta\u0107, \u017ce ka\u017cdy kamie\u0144 jest wyj\u0105tkowy i mo\u017ce r\u00f3\u017cni\u0107 si\u0119 kszta\u0142tem i rozmiarem.<\/p>\n","protected":false},"featured_media":4331,"comment_status":"open","ping_status":"closed","template":"","meta":[],"product_brand":[],"product_cat":[94,101],"product_tag":[233],"class_list":{"0":"post-3592","1":"product","2":"type-product","3":"status-publish","4":"has-post-thumbnail","6":"product_cat-krysztaly-produkty","7":"product_cat-nowy-poczatek-produkty","8":"product_tag-9phases-pl","10":"first","11":"instock","12":"taxable","13":"shipping-taxable","14":"purchasable","15":"product-type-variable"},"_links":{"self":[{"href":"https:\/\/9phases.com\/pl\/wp-json\/wp\/v2\/product\/3592","targetHints":{"allow":["GET"]}}],"collection":[{"href":"https:\/\/9phases.com\/pl\/wp-json\/wp\/v2\/product"}],"about":[{"href":"https:\/\/9phases.com\/pl\/wp-json\/wp\/v2\/types\/product"}],"replies":[{"embeddable":true,"href":"https:\/\/9phases.com\/pl\/wp-json\/wp\/v2\/comments?post=3592"}],"wp:featuredmedia":[{"embeddable":true,"href":"https:\/\/9phases.com\/pl\/wp-json\/wp\/v2\/media\/4331"}],"wp:attachment":[{"href":"https:\/\/9phases.com\/pl\/wp-json\/wp\/v2\/media?parent=3592"}],"wp:term":[{"taxonomy":"product_brand","embeddable":true,"href":"https:\/\/9phases.com\/pl\/wp-json\/wp\/v2\/product_brand?post=3592"},{"taxonomy":"product_cat","embeddable":true,"href":"https:\/\/9phases.com\/pl\/wp-json\/wp\/v2\/product_cat?post=3592"},{"taxonomy":"product_tag","embeddable":true,"href":"https:\/\/9phases.com\/pl\/wp-json\/wp\/v2\/product_tag?post=3592"}],"curies":[{"name":"wp","href":"https:\/\/api.w.org\/{rel}","templated":true}]}}