{"id":3593,"date":"2023-10-24T17:25:54","date_gmt":"2023-10-24T15:25:54","guid":{"rendered":"https:\/\/9phases.com\/piryt\/"},"modified":"2025-06-26T12:05:09","modified_gmt":"2025-06-26T10:05:09","slug":"piryt","status":"publish","type":"product","link":"https:\/\/9phases.com\/pl\/piryt\/","title":{"rendered":"PIRYT"},"content":{"rendered":"<p>KAMIE\u0143 DOBROBYTU I POZYTWNEJ ENERGII<\/p>\n<p>Uwielbiamy Piryt za jego zdecydowanie, moc i wyczuwaln\u0105\u00a0 siln\u0105 m\u0119sk\u0105 energi\u0119.<\/p>\n<p>Piryt chroni nas i dba o nasz\u0105 zamo\u017cno\u015b\u0107, otaczaj\u0105c nas aur\u0105 pewno\u015bci siebie i dobrobytu.<\/p>\n<p>Udekoruj\u00a0 nim dowolne miejsce w Twoim domu lub biurze.<\/p>\n<p>Po\u0142\u0105cz go z Cytrynem, aby dodatkowo zwi\u0119kszy\u0107 jego moc w przyci\u0105ganiu materialnego bogactwa i pieni\u0119dzy.W parze z Czarnym Turmalinem, b\u0119dzie chroni\u0107 Ci\u0119 przed negatywn\u0105 energi\u0105 i pechem.<\/p>\n<p>Wszystkie kryszta\u0142y, kt\u00f3re oferujemy, s\u0105 przed wysy\u0142k\u0105 starannie oczyszczane energetycznie, a nast\u0119pnie odpowiednio na\u0142adowane energi\u0105, by\u015b m\u00f3g\u0142 w pe\u0142ni cieszy\u0107 si\u0119 ich w\u0142a\u015bciwo\u015bciami.<\/p>\n","protected":false},"excerpt":{"rendered":"<p>Piryt to kamie\u0144 jak \u017caden inny. Silny i\u00a0 b\u0142yszcz\u0105cy. Budzi skojarzenia z bogactwem i dobrostanem, pomagaj\u0105c po\u0142\u0105czy\u0107 si\u0119 nam z <span style=\"font-weight: 400;\"><a href=\"https:\/\/9phases.com\/abundance-intention\/\">obfito\u015bci\u0105<\/a><\/span>, kt\u00f3ra drzemie w nas.<\/p>\n<p>CZAKRA \u00b7 <a href=\"https:\/\/en.wikipedia.org\/wiki\/Manipura\">Splot s\u0142oneczny<\/a><\/p>\n<p>POCHODZENIE \u00b7 Peru<\/p>\n<p>ROZMIAR \u00b7 S (450-650g); M (750-950g); L (1300-1500g); XL (2000-2500g)<\/p>\n<p>Nale\u017cy pami\u0119ta\u0107, \u017ce ka\u017cdy kamie\u0144 jest wyj\u0105tkowy i mo\u017ce r\u00f3\u017cni\u0107 si\u0119 kszta\u0142tem i rozmiarem.<\/p>\n","protected":false},"featured_media":4328,"comment_status":"closed","ping_status":"closed","template":"","meta":[],"product_brand":[],"product_cat":[134,94],"product_tag":[233],"class_list":{"0":"post-3593","1":"product","2":"type-product","3":"status-publish","4":"has-post-thumbnail","6":"product_cat-obfitosc-produkty","7":"product_cat-krysztaly-produkty","8":"product_tag-9phases-pl","10":"first","11":"instock","12":"taxable","13":"shipping-taxable","14":"purchasable","15":"product-type-variable"},"_links":{"self":[{"href":"https:\/\/9phases.com\/pl\/wp-json\/wp\/v2\/product\/3593","targetHints":{"allow":["GET"]}}],"collection":[{"href":"https:\/\/9phases.com\/pl\/wp-json\/wp\/v2\/product"}],"about":[{"href":"https:\/\/9phases.com\/pl\/wp-json\/wp\/v2\/types\/product"}],"replies":[{"embeddable":true,"href":"https:\/\/9phases.com\/pl\/wp-json\/wp\/v2\/comments?post=3593"}],"wp:featuredmedia":[{"embeddable":true,"href":"https:\/\/9phases.com\/pl\/wp-json\/wp\/v2\/media\/4328"}],"wp:attachment":[{"href":"https:\/\/9phases.com\/pl\/wp-json\/wp\/v2\/media?parent=3593"}],"wp:term":[{"taxonomy":"product_brand","embeddable":true,"href":"https:\/\/9phases.com\/pl\/wp-json\/wp\/v2\/product_brand?post=3593"},{"taxonomy":"product_cat","embeddable":true,"href":"https:\/\/9phases.com\/pl\/wp-json\/wp\/v2\/product_cat?post=3593"},{"taxonomy":"product_tag","embeddable":true,"href":"https:\/\/9phases.com\/pl\/wp-json\/wp\/v2\/product_tag?post=3593"}],"curies":[{"name":"wp","href":"https:\/\/api.w.org\/{rel}","templated":true}]}}