{"id":3596,"date":"2023-11-29T15:03:01","date_gmt":"2023-11-29T14:03:01","guid":{"rendered":"https:\/\/9phases.com\/ametyst\/"},"modified":"2024-08-22T10:03:52","modified_gmt":"2024-08-22T08:03:52","slug":"ametyst","status":"publish","type":"product","link":"https:\/\/9phases.com\/pl\/ametyst\/","title":{"rendered":"AMETYST"},"content":{"rendered":"<p>KAMIE\u0143 DOBROSTANU DUCHOWEGO<\/p>\n<p>Ametyst pomaga nam pog\u0142\u0119bi\u0107 praktyki medytacyjne, wzmacniaj\u0105c nasze postrzeganie i zrozumienie \u015bwiat\u00f3w, kt\u00f3re s\u0105 niewidoczne.<\/p>\n<p>Umie\u015b\u0107 go w salonie lub sypialni, by roztacza\u0142 wok\u00f3\u0142 Ciebie harmonijn\u0105, wysoko wibracyjn\u0105 aur\u0119. Doskonale sprawdzi si\u0119 te\u017c w przestrzeni gdzie \u0107wiczysz jog\u0119 lub medytujesz.<\/p>\n<p>Wszystkie kryszta\u0142y, kt\u00f3re oferujemy, s\u0105 przed wysy\u0142k\u0105 starannie oczyszczane energetycznie, a nast\u0119pnie odpowiednio na\u0142adowane energi\u0105, by\u015b m\u00f3g\u0142 w pe\u0142ni cieszy\u0107 si\u0119 ich w\u0142a\u015bciwo\u015bciami.<\/p>\n","protected":false},"excerpt":{"rendered":"<h3>Ametyst to kamie\u0144\u00a0 dla tych, kt\u00f3rzy poszukuj\u0105 o\u015bwiecenia i g\u0142\u0119bszego zwi\u0105zku ze \u015bwiatem duchowym.\u00a0 Dzi\u0119ki niemu \u0142atwiej nam s\u0142ysze\u0107 szepty Wszech\u015bwiata i podda\u0107 si\u0119 falom przeznaczenia.<\/h3>\n<p><a href=\"https:\/\/en.wikipedia.org\/wiki\/Chakra\">CZAKRA<\/a> \u00b7 Trzeciego oka<\/p>\n<p>POCHODZENIE \u00b7 Brazylia<\/p>\n<p>WAGA \u00b7 400-500g<\/p>\n<p>ROZMIAR \u00b7 oko\u0142o 9-11 cm d\u0142ugo\u015b\u0107 ; 5-7 cm szeroko\u015b\u0107<\/p>\n<p>Nale\u017cy pami\u0119ta\u0107, \u017ce ka\u017cdy kamie\u0144 jest wyj\u0105tkowy i mo\u017ce r\u00f3\u017cni\u0107 si\u0119 kszta\u0142tem oraz rozmiarem.<\/p>\n","protected":false},"featured_media":4325,"comment_status":"open","ping_status":"closed","template":"","meta":[],"product_brand":[],"product_cat":[135,94],"product_tag":[233],"class_list":{"0":"post-3596","1":"product","2":"type-product","3":"status-publish","4":"has-post-thumbnail","6":"product_cat-sen-medytacja-produkty-pl","7":"product_cat-krysztaly-produkty","8":"product_tag-9phases-pl","10":"first","11":"instock","12":"taxable","13":"shipping-taxable","14":"purchasable","15":"product-type-simple"},"_links":{"self":[{"href":"https:\/\/9phases.com\/pl\/wp-json\/wp\/v2\/product\/3596","targetHints":{"allow":["GET"]}}],"collection":[{"href":"https:\/\/9phases.com\/pl\/wp-json\/wp\/v2\/product"}],"about":[{"href":"https:\/\/9phases.com\/pl\/wp-json\/wp\/v2\/types\/product"}],"replies":[{"embeddable":true,"href":"https:\/\/9phases.com\/pl\/wp-json\/wp\/v2\/comments?post=3596"}],"wp:featuredmedia":[{"embeddable":true,"href":"https:\/\/9phases.com\/pl\/wp-json\/wp\/v2\/media\/4325"}],"wp:attachment":[{"href":"https:\/\/9phases.com\/pl\/wp-json\/wp\/v2\/media?parent=3596"}],"wp:term":[{"taxonomy":"product_brand","embeddable":true,"href":"https:\/\/9phases.com\/pl\/wp-json\/wp\/v2\/product_brand?post=3596"},{"taxonomy":"product_cat","embeddable":true,"href":"https:\/\/9phases.com\/pl\/wp-json\/wp\/v2\/product_cat?post=3596"},{"taxonomy":"product_tag","embeddable":true,"href":"https:\/\/9phases.com\/pl\/wp-json\/wp\/v2\/product_tag?post=3596"}],"curies":[{"name":"wp","href":"https:\/\/api.w.org\/{rel}","templated":true}]}}