{"id":3598,"date":"2023-11-29T16:02:39","date_gmt":"2023-11-29T15:02:39","guid":{"rendered":"https:\/\/9phases.com\/kula-selenitu\/"},"modified":"2024-08-22T09:32:29","modified_gmt":"2024-08-22T07:32:29","slug":"kula-selenitu","status":"publish","type":"product","link":"https:\/\/9phases.com\/pl\/kula-selenitu\/","title":{"rendered":"KULA SELENIT"},"content":{"rendered":"<p>KAMIE\u0143 BOGINI KSI\u0118\u017bYCA, SELENE<\/p>\n<p>Selenitowa kula przypomina <a href=\"https:\/\/simple.wikipedia.org\/wiki\/Phases_of_the_Moon\" rel=\"nofollow noopener\" target=\"_blank\">Pe\u0142ni\u0119 Ksi\u0119\u017cyca<\/a> i uto\u017camia jej potencja\u0142, promieniuj\u0105c energi\u0105 r\u00f3wnomiernie i \u0142agodnie we wszystkich kierunkach.<\/p>\n<p>Umie\u015b\u0107 j\u0105 w salonie lub na stoliku obok \u0142\u00f3\u017cka.<\/p>\n<p>Niech koi Twoi zmys\u0142y i posy\u0142a Ci delikatn\u0105, wysoko wibruj\u0105c\u0105 energi\u0119.<\/p>\n<p>Wszystkie kryszta\u0142y, kt\u00f3re oferujemy, s\u0105 przed wysy\u0142k\u0105 starannie oczyszczane energetycznie, a nast\u0119pnie odpowiednio na\u0142adowane energi\u0105, by\u015b m\u00f3g\u0142 w pe\u0142ni cieszy\u0107 si\u0119 ich w\u0142a\u015bciwo\u015bciami.<\/p>\n","protected":false},"excerpt":{"rendered":"<h3>Selenit to kryszta\u0142, kt\u00f3ry koi i \u0142\u0105czy nas z naszym wy\u017cszym ja.<\/h3>\n<p>To niezast\u0105piony kamie\u0144 dla wszystkich, kt\u00f3rzy szukaj\u0105\u00a0 jasno\u015bci umys\u0142u i g\u0142\u0119bszego po\u0142\u0105czenia ze \u015bwiatem duchowym.<\/p>\n<p>CZAKRA \u00b7 Trzeciego oka i\u00a0 Korony<\/p>\n<p>POCHODZENIE \u00b7 Maroko<\/p>\n<p>ROZMIAR \u00b7\u00a0 S (\u015brednicy oko\u0142o 6cm i wagi\u00a0 250-280g); M (\u015brednicy oko\u0142o 7 cm i wagi\u00a0 550-650g)<\/p>\n<p>Nale\u017cy pami\u0119ta\u0107, \u017ce ka\u017cdy <a href=\"https:\/\/9phases.com\/crystal-products\/\">kamie\u0144<\/a> jest wyj\u0105tkowy i mo\u017ce r\u00f3\u017cni\u0107 si\u0119 kszta\u0142tem i rozmiarem.<\/p>\n<p>&nbsp;<\/p>\n<p>&nbsp;<\/p>\n<p>&nbsp;<\/p>\n","protected":false},"featured_media":4334,"comment_status":"open","ping_status":"closed","template":"","meta":[],"product_brand":[],"product_cat":[135,94],"product_tag":[233],"class_list":{"0":"post-3598","1":"product","2":"type-product","3":"status-publish","4":"has-post-thumbnail","6":"product_cat-sen-medytacja-produkty-pl","7":"product_cat-krysztaly-produkty","8":"product_tag-9phases-pl","10":"first","11":"instock","12":"taxable","13":"shipping-taxable","14":"purchasable","15":"product-type-variable"},"_links":{"self":[{"href":"https:\/\/9phases.com\/pl\/wp-json\/wp\/v2\/product\/3598","targetHints":{"allow":["GET"]}}],"collection":[{"href":"https:\/\/9phases.com\/pl\/wp-json\/wp\/v2\/product"}],"about":[{"href":"https:\/\/9phases.com\/pl\/wp-json\/wp\/v2\/types\/product"}],"replies":[{"embeddable":true,"href":"https:\/\/9phases.com\/pl\/wp-json\/wp\/v2\/comments?post=3598"}],"wp:featuredmedia":[{"embeddable":true,"href":"https:\/\/9phases.com\/pl\/wp-json\/wp\/v2\/media\/4334"}],"wp:attachment":[{"href":"https:\/\/9phases.com\/pl\/wp-json\/wp\/v2\/media?parent=3598"}],"wp:term":[{"taxonomy":"product_brand","embeddable":true,"href":"https:\/\/9phases.com\/pl\/wp-json\/wp\/v2\/product_brand?post=3598"},{"taxonomy":"product_cat","embeddable":true,"href":"https:\/\/9phases.com\/pl\/wp-json\/wp\/v2\/product_cat?post=3598"},{"taxonomy":"product_tag","embeddable":true,"href":"https:\/\/9phases.com\/pl\/wp-json\/wp\/v2\/product_tag?post=3598"}],"curies":[{"name":"wp","href":"https:\/\/api.w.org\/{rel}","templated":true}]}}