{"id":3599,"date":"2024-07-01T14:33:40","date_gmt":"2024-07-01T12:33:40","guid":{"rendered":"https:\/\/9phases.com\/zestaw-kulek-selenitu\/"},"modified":"2024-08-22T09:21:34","modified_gmt":"2024-08-22T07:21:34","slug":"zestaw-kulek-selenitu","status":"publish","type":"product","link":"https:\/\/9phases.com\/pl\/zestaw-kulek-selenitu\/","title":{"rendered":"ZESTAW KUL Z SELENITU"},"content":{"rendered":"<p>KAMIE\u0143 BOGINII KSI\u0118\u017bYCA, SELENE<\/p>\n<p>Kula jest jednym\u00a0 z najbardziej subtelnych i tajemniczych kszta\u0142t\u00f3w. Pozbawiona kraw\u0119dzi reprezentuje doskona\u0142o\u015b\u0107 i kobieco\u015b\u0107.<\/p>\n<p>Niewielki rozmiar kul dodaje im uroku oraz wprowadza wibracj\u0119 lekko\u015bci i zabawy.<\/p>\n<p>Umie\u015b\u0107 Kule z Selenitu\u00a0 na stoliku nocnym, w salonie lub w innym miejscu, gdzie cz\u0119sto przechodzisz.<\/p>\n<p>Pozw\u00f3l by Selenit &#8211; jeden z najsilniej leczniczych kamienie &#8211; ukoi\u0142 Twoje zmys\u0142y, posy\u0142aj\u0105c Ci delikatn\u0105, wysoko wibracyjn\u0105 energi\u0119.<\/p>\n<p>Traktuj kule z nale\u017cyt\u0105 uwag\u0105. S\u0105 troch\u0119 jak dzieci &#8211; je\u015bli je upu\u015bcisz, mog\u0105 \u0142atwo p\u0119kn\u0105\u0107, ale ich niewielkie rozmiary maj\u0105 w sobie tyle uroku, \u017ce zawsze ulegamy ich czarowi.<\/p>\n<p>&nbsp;<\/p>\n<p>Wszystkie kryszta\u0142y, kt\u00f3re oferujemy, s\u0105 przed wysy\u0142k\u0105 starannie oczyszczane energetycznie, a nast\u0119pnie odpowiednio na\u0142adowane energi\u0105, by\u015b m\u00f3g\u0142 w pe\u0142ni cieszy\u0107 si\u0119 ich w\u0142a\u015bciwo\u015bciami.<\/p>\n","protected":false},"excerpt":{"rendered":"<h3>Roz\u015bwietl swoj\u0105 przestrze\u0144 delikatnym blaskiem selenitowych kuli.<\/h3>\n<p>Te promienne <a href=\"https:\/\/9phases.com\/crystal-products\/\">kryszta\u0142y<\/a> s\u0105 idealne do oczyszczania energii i\u00a0 wprowadzania\u00a0 pozytywnych wibracji do Twojego otoczenia.<\/p>\n<p>POCHODZENIE \u00b7 Maroko<\/p>\n<p>ROZMIAR \u00b7 oko\u0142o 4 cm i 50g<\/p>\n<p>OPAKOWANIE \u00b7 Zestaw 5 lub 9 kul<\/p>\n","protected":false},"featured_media":4341,"comment_status":"open","ping_status":"closed","template":"","meta":[],"product_brand":[],"product_cat":[135,94],"product_tag":[233],"class_list":{"0":"post-3599","1":"product","2":"type-product","3":"status-publish","4":"has-post-thumbnail","6":"product_cat-sen-medytacja-produkty-pl","7":"product_cat-krysztaly-produkty","8":"product_tag-9phases-pl","10":"first","11":"instock","12":"taxable","13":"shipping-taxable","14":"purchasable","15":"product-type-variable"},"_links":{"self":[{"href":"https:\/\/9phases.com\/pl\/wp-json\/wp\/v2\/product\/3599","targetHints":{"allow":["GET"]}}],"collection":[{"href":"https:\/\/9phases.com\/pl\/wp-json\/wp\/v2\/product"}],"about":[{"href":"https:\/\/9phases.com\/pl\/wp-json\/wp\/v2\/types\/product"}],"replies":[{"embeddable":true,"href":"https:\/\/9phases.com\/pl\/wp-json\/wp\/v2\/comments?post=3599"}],"wp:featuredmedia":[{"embeddable":true,"href":"https:\/\/9phases.com\/pl\/wp-json\/wp\/v2\/media\/4341"}],"wp:attachment":[{"href":"https:\/\/9phases.com\/pl\/wp-json\/wp\/v2\/media?parent=3599"}],"wp:term":[{"taxonomy":"product_brand","embeddable":true,"href":"https:\/\/9phases.com\/pl\/wp-json\/wp\/v2\/product_brand?post=3599"},{"taxonomy":"product_cat","embeddable":true,"href":"https:\/\/9phases.com\/pl\/wp-json\/wp\/v2\/product_cat?post=3599"},{"taxonomy":"product_tag","embeddable":true,"href":"https:\/\/9phases.com\/pl\/wp-json\/wp\/v2\/product_tag?post=3599"}],"curies":[{"name":"wp","href":"https:\/\/api.w.org\/{rel}","templated":true}]}}