{"id":3602,"date":"2023-10-12T15:42:27","date_gmt":"2023-10-12T13:42:27","guid":{"rendered":"https:\/\/9phases.com\/niebieska-szalwia\/"},"modified":"2024-08-21T08:43:13","modified_gmt":"2024-08-21T06:43:13","slug":"niebieska-szalwia","status":"publish","type":"product","link":"https:\/\/9phases.com\/pl\/niebieska-szalwia\/","title":{"rendered":"B\u0141\u0118KITNA SZA\u0141WIA"},"content":{"rendered":"<p>BOGACTWO | LEKKO\u015a\u0106 | \u015aWIAT\u0141O<\/p>\n<p> Lekki niebieski dym B\u0142\u0119kitnej Sza\u0142wii jest znacznie delikatniejszy od dymu Bia\u0142ej Sza\u0142wii. Jego s\u0142odka i pe\u0142na \u015bwiat\u0142a energia zaprasza dostatek, zdrowie i dobrobyt.<br \/> B\u0142\u0119kitne kwiaty Sza\u0142wii, jak morze i niebo, wywo\u0142uj\u0105 poczucie nadnaturalnego pi\u0119kna. B\u0142\u0119kit odrywa nas od codzienno\u015bci, uspokaja i koi nasze dusze.<\/p>\n<p> Urokliwy dym B\u0142\u0119kitnej Sza\u0142wii nie tylko oczyszcza zasta\u0142e energie i pomaga zmieni\u0107 wibracj\u0119 przestrzeni, ale tak\u017ce posiada unikaln\u0105 moc: zdolno\u015b\u0107 przyci\u0105gania spokoju i bogactwa.<\/p>\n","protected":false},"excerpt":{"rendered":"<p>M\u0142odsza siostra s\u0142ynnej <a href=\"https:\/\/pl.wikipedia.org\/wiki\/Salvia_apiana\">Bia\u0142ej Sza\u0142wii.<\/a> <\/p>\n<p> Subtelna. S\u0142odsza. Przynosz\u0105ca obfito\u015b\u0107 i \u015bwiat\u0142o.<\/p>\n<p> Pal j\u0105, tak cz\u0119sto jak masz ochot\u0119. Przyci\u0105ganie <a href=\"https:\/\/9phases.com\/abundance-intention\/\">obfito\u015bci<\/a> do swojego \u017cycia to zawsze dobry pomys\u0142.<\/p>\n<p> OPAKOWANIE \u00b7 W ka\u017cdym opakowaniu znajduj\u0105 si\u0119 dwie r\u0119cznie wi\u0105zane naturalne wi\u0105zki B\u0142\u0119kitnej Sza\u0142wii.<\/p>\n<p> POCHODZENIE \u00b7 Uprawiane w spos\u00f3b zr\u00f3wnowa\u017cony i suszone na s\u0142o\u0144cu w Kalifornii.<\/p>\n","protected":false},"featured_media":4353,"comment_status":"open","ping_status":"closed","template":"","meta":[],"product_brand":[],"product_cat":[134,95,100],"product_tag":[233],"class_list":{"0":"post-3602","1":"product","2":"type-product","3":"status-publish","4":"has-post-thumbnail","6":"product_cat-obfitosc-produkty","7":"product_cat-kadzidla-produkty","8":"product_cat-szalwia","9":"product_tag-9phases-pl","11":"first","12":"instock","13":"taxable","14":"shipping-taxable","15":"purchasable","16":"product-type-simple"},"_links":{"self":[{"href":"https:\/\/9phases.com\/pl\/wp-json\/wp\/v2\/product\/3602","targetHints":{"allow":["GET"]}}],"collection":[{"href":"https:\/\/9phases.com\/pl\/wp-json\/wp\/v2\/product"}],"about":[{"href":"https:\/\/9phases.com\/pl\/wp-json\/wp\/v2\/types\/product"}],"replies":[{"embeddable":true,"href":"https:\/\/9phases.com\/pl\/wp-json\/wp\/v2\/comments?post=3602"}],"wp:featuredmedia":[{"embeddable":true,"href":"https:\/\/9phases.com\/pl\/wp-json\/wp\/v2\/media\/4353"}],"wp:attachment":[{"href":"https:\/\/9phases.com\/pl\/wp-json\/wp\/v2\/media?parent=3602"}],"wp:term":[{"taxonomy":"product_brand","embeddable":true,"href":"https:\/\/9phases.com\/pl\/wp-json\/wp\/v2\/product_brand?post=3602"},{"taxonomy":"product_cat","embeddable":true,"href":"https:\/\/9phases.com\/pl\/wp-json\/wp\/v2\/product_cat?post=3602"},{"taxonomy":"product_tag","embeddable":true,"href":"https:\/\/9phases.com\/pl\/wp-json\/wp\/v2\/product_tag?post=3602"}],"curies":[{"name":"wp","href":"https:\/\/api.w.org\/{rel}","templated":true}]}}