{"id":3603,"date":"2023-10-12T15:45:35","date_gmt":"2023-10-12T13:45:35","guid":{"rendered":"https:\/\/9phases.com\/biala-szalwia\/"},"modified":"2024-08-20T09:19:42","modified_gmt":"2024-08-20T07:19:42","slug":"biala-szalwia","status":"publish","type":"product","link":"https:\/\/9phases.com\/pl\/biala-szalwia\/","title":{"rendered":"BIA\u0141A SZA\u0141WIA"},"content":{"rendered":"<p>OCZYSZCZENIE ENERGII | NOWY POCZ\u0104TEK<br \/> \u201cMust-have&#8221; dla wszystkich, kt\u00f3rzy pragn\u0105 oczy\u015bci\u0107 aur\u0119 i rozproszy\u0107 zasta\u0142\u0105 energi\u0119 w swoim otoczeniu.<\/p>\n<p> G\u0119sty dym Bia\u0142ej Sza\u0142wii nasycony intensywnym, ziemistym zapachem \u0142\u0105czy widoczny \u015bwiat z tym niewidocznym, sprawiaj\u0105c, \u017ce \u0142atwiej nam nawi\u0105za\u0107 kontakt z w\u0142asn\u0105 dusz\u0105.<\/p>\n<p> Bia\u0142a Sza\u0142wia jest idealna do oczyszczenia aury. Okad\u017a ni\u0105 swoje serce, g\u0142ow\u0119, prz\u00f3d i ty\u0142 cia\u0142a, aby oczy\u015bci\u0107 swoje pole energetyczne. <\/p>\n<p> Przejd\u017a z p\u0142on\u0105c\u0105 sza\u0142wi\u0105 przez sw\u00f3j dom, aby oczy\u015bci\u0107 przestrze\u0144 i usun\u0105\u0107 niepo\u017c\u0105dane energie, kt\u00f3re nie wsp\u00f3\u0142graj\u0105 z Twoim prawdziwym &#8220;ja&#8221;.<\/p>\n","protected":false},"excerpt":{"rendered":"<p>Niekwestionowana gwiazda <a href=\"https:\/\/9phases.com\/incense-products\/\">energetycznego oczyszczania<\/a>. <\/p>\n<p> Okadzanie Bia\u0142\u0105 Sza\u0142wi\u0105 to rytua\u0142 uwolnienia, kt\u00f3ry otwiera nam drog\u0119 do nowych mo\u017cliwo\u015bci i pomaga zbli\u017cy\u0107 si\u0119 do tego, kim naprawd\u0119 jeste\u015bmy.<\/p>\n<p> OPAKOWANIE \u00b7 W ka\u017cdym opakowaniu znajduj\u0105 si\u0119 dwie r\u0119cznie wi\u0105zane naturalne wi\u0105zki <a href=\"https:\/\/pl.wikipedia.org\/wiki\/Salvia_apiana\">Bia\u0142ej Sza\u0142wii<\/a>. Zaskoczy Ci\u0119 jak szybko zu\u017cyjesz je obie. <\/p>\n<p> POCHODZENIE \u00b7 Uprawiane w spos\u00f3b zr\u00f3wnowa\u017cony i suszone na s\u0142o\u0144cu w Kalifornii<\/p>\n","protected":false},"featured_media":4380,"comment_status":"open","ping_status":"closed","template":"","meta":[],"product_brand":[],"product_cat":[101,100],"product_tag":[233],"class_list":{"0":"post-3603","1":"product","2":"type-product","3":"status-publish","4":"has-post-thumbnail","6":"product_cat-nowy-poczatek-produkty","7":"product_cat-szalwia","8":"product_tag-9phases-pl","10":"first","11":"instock","12":"taxable","13":"shipping-taxable","14":"purchasable","15":"product-type-simple"},"_links":{"self":[{"href":"https:\/\/9phases.com\/pl\/wp-json\/wp\/v2\/product\/3603","targetHints":{"allow":["GET"]}}],"collection":[{"href":"https:\/\/9phases.com\/pl\/wp-json\/wp\/v2\/product"}],"about":[{"href":"https:\/\/9phases.com\/pl\/wp-json\/wp\/v2\/types\/product"}],"replies":[{"embeddable":true,"href":"https:\/\/9phases.com\/pl\/wp-json\/wp\/v2\/comments?post=3603"}],"wp:featuredmedia":[{"embeddable":true,"href":"https:\/\/9phases.com\/pl\/wp-json\/wp\/v2\/media\/4380"}],"wp:attachment":[{"href":"https:\/\/9phases.com\/pl\/wp-json\/wp\/v2\/media?parent=3603"}],"wp:term":[{"taxonomy":"product_brand","embeddable":true,"href":"https:\/\/9phases.com\/pl\/wp-json\/wp\/v2\/product_brand?post=3603"},{"taxonomy":"product_cat","embeddable":true,"href":"https:\/\/9phases.com\/pl\/wp-json\/wp\/v2\/product_cat?post=3603"},{"taxonomy":"product_tag","embeddable":true,"href":"https:\/\/9phases.com\/pl\/wp-json\/wp\/v2\/product_tag?post=3603"}],"curies":[{"name":"wp","href":"https:\/\/api.w.org\/{rel}","templated":true}]}}