{"id":3604,"date":"2023-10-12T15:39:00","date_gmt":"2023-10-12T13:39:00","guid":{"rendered":"https:\/\/9phases.com\/czarna-szalwia\/"},"modified":"2024-08-20T11:51:11","modified_gmt":"2024-08-20T09:51:11","slug":"czarna-szalwia","status":"publish","type":"product","link":"https:\/\/9phases.com\/pl\/czarna-szalwia\/","title":{"rendered":"CZARNA SZA\u0141WIA"},"content":{"rendered":"<p>MARZENIA | INTUICJA | MAGIA<\/p>\n<p>Wzmacniaj\u0105c swoj\u0105 intuicj\u0119 sprawiasz, \u017ce Twoje \u017cycie staje si\u0119 bardziej magiczne.<\/p>\n<p>  Czarna Sza\u0142wia w rzeczywisto\u015bci posiada fioletowe kwiaty. Cho\u0107 mo\u017ce wydawa\u0107 si\u0119 to myl\u0105ce, przypadki nie istniej\u0105 we Wszech\u015bwiecie, a czarna sza\u0142wia to jeden z przepi\u0119knych na to przyk\u0142ad\u00f3w.<br \/> Fiolet to ostatni kolor t\u0119czy. Symbolizuje on koniec znanego i pocz\u0105tek nieznanego. Stanowi mistyczn\u0105 bram\u0119 do <a href=\"https:\/\/9phases.com\/category\/spiritual-wisdom\/\">duchowego \u015bwiata <\/a>i zaproszenie do tego, by zrobi\u0107 krok w stron\u0119 w\u0142asnej duszy.<\/p>\n<p> Pal Czarn\u0105 Sza\u0142wi\u0119, by wyciszy\u0107 zewn\u0119trzny \u015bwiat i mocnej poczu\u0107 swoje wn\u0119trze.<\/p>\n","protected":false},"excerpt":{"rendered":"<p>CZARNA SZA\u0141WIA wzmacnia nasz\u0105 intuicj\u0119 i zdolno\u015b\u0107 s\u0142uchania wewn\u0119trznego g\u0142osu.<\/p>\n<p> U\u017cywaj jej przed medytacj\u0105 i snem, aby odnale\u017a\u0107 wewn\u0119trzny spok\u00f3j, kt\u00f3ry pozwala us\u0142ysze\u0107 szepty Wszech\u015bwiata.<\/p>\n<p> OPAKOWANIE \u00b7 Ka\u017cde opakowanie zawiera dwa r\u0119cznie wi\u0105zane p\u0119czki C<a href=\"https:\/\/en.wikipedia.org\/wiki\/Salvia_mellifera\">zarnej Sza\u0142wii<\/a>.<\/p>\n<p> POCHODZENIE \u00b7 Uprawiane w spos\u00f3b zr\u00f3wnowa\u017cony i suszone na s\u0142o\u0144cu w Kalifornii.<\/p>\n","protected":false},"featured_media":4386,"comment_status":"open","ping_status":"closed","template":"","meta":[],"product_brand":[],"product_cat":[135,100],"product_tag":[233],"class_list":{"0":"post-3604","1":"product","2":"type-product","3":"status-publish","4":"has-post-thumbnail","6":"product_cat-sen-medytacja-produkty-pl","7":"product_cat-szalwia","8":"product_tag-9phases-pl","10":"first","11":"instock","12":"taxable","13":"shipping-taxable","14":"purchasable","15":"product-type-simple"},"_links":{"self":[{"href":"https:\/\/9phases.com\/pl\/wp-json\/wp\/v2\/product\/3604","targetHints":{"allow":["GET"]}}],"collection":[{"href":"https:\/\/9phases.com\/pl\/wp-json\/wp\/v2\/product"}],"about":[{"href":"https:\/\/9phases.com\/pl\/wp-json\/wp\/v2\/types\/product"}],"replies":[{"embeddable":true,"href":"https:\/\/9phases.com\/pl\/wp-json\/wp\/v2\/comments?post=3604"}],"wp:featuredmedia":[{"embeddable":true,"href":"https:\/\/9phases.com\/pl\/wp-json\/wp\/v2\/media\/4386"}],"wp:attachment":[{"href":"https:\/\/9phases.com\/pl\/wp-json\/wp\/v2\/media?parent=3604"}],"wp:term":[{"taxonomy":"product_brand","embeddable":true,"href":"https:\/\/9phases.com\/pl\/wp-json\/wp\/v2\/product_brand?post=3604"},{"taxonomy":"product_cat","embeddable":true,"href":"https:\/\/9phases.com\/pl\/wp-json\/wp\/v2\/product_cat?post=3604"},{"taxonomy":"product_tag","embeddable":true,"href":"https:\/\/9phases.com\/pl\/wp-json\/wp\/v2\/product_tag?post=3604"}],"curies":[{"name":"wp","href":"https:\/\/api.w.org\/{rel}","templated":true}]}}