{"id":3605,"date":"2023-10-12T15:46:29","date_gmt":"2023-10-12T13:46:29","guid":{"rendered":"https:\/\/9phases.com\/yerba-santa-biala-szalwia\/"},"modified":"2024-08-21T14:11:06","modified_gmt":"2024-08-21T12:11:06","slug":"yerba-santa-biala-szalwia","status":"publish","type":"product","link":"https:\/\/9phases.com\/pl\/yerba-santa-biala-szalwia\/","title":{"rendered":"YERBA SANTA | BIA\u0141A SZA\u0141WIA"},"content":{"rendered":"<p>MI\u0141O\u015a\u0106 | WZMOCNIENIE | RADO\u015a\u0106<\/p>\n<p>Aby doda\u0107 Yerba Santa w\u0142a\u015bciwo\u015bci oczyszczaj\u0105cych po\u0142\u0105czy\u0142y\u015bmy j\u0105 z Bia\u0142\u0105 Sza\u0142wi\u0105. <\/p>\n<p>Uwolnienie od naszych mi\u0142osnych historii, przesz\u0142ych romans\u00f3w i uczu\u0107, kt\u00f3re w nas drzemi\u0105, cho\u0107 nawet nigdy nie by\u0142o im dane si\u0119 rozwin\u0105\u0107, s\u0142u\u017cy ka\u017cdej modlitwie o mi\u0142o\u015b\u0107. <\/p>\n<p>Razem, Yerba Santa i Bia\u0142a Sza\u0142wia tworz\u0105 pot\u0119\u017cn\u0105 mieszank\u0119 &#8211; uzdrawiaj\u0105c\u0105, uwalniaj\u0105c\u0105 i otwieraj\u0105c\u0105 Twoje serce na <a href=\"https:\/\/9phases.com\/love\/\">mi\u0142o\u015b\u0107<\/a>. <\/p>\n<p>Zapalenie Yerba Santa wymaga czasu i zaanga\u017cowania. Ma\u0142a \u015bwieczka lub zapa\u0142ka nie wystarcz\u0105. Aby rozpali\u0107 Yerba Santa niezb\u0119dne jest mocniejsze \u017ar\u00f3d\u0142o ognia (jak np. \u017carowa zapalniczka). <\/p>\n<p>Dym z Yerba Santa nie jest r\u00f3wnie\u017c tak obfity jak dym z Sza\u0142wii. <\/p>\n<p>Cho\u0107 dla niekt\u00f3rych mo\u017ce wydawa\u0107 si\u0119 to zniech\u0119caj\u0105ce, jest to pi\u0119kna metafora niewygodnej prawdy, z kt\u00f3r\u0105 wszyscy zmagamy si\u0119 na co dzie\u0144 &#8211; cho\u0107 mi\u0142o\u015b\u0107 to najwi\u0119ksza si\u0142a naszego \u017cycia, nie zawsze przychodzi ona \u0142atwo.<\/p>\n","protected":false},"excerpt":{"rendered":"<p>Dym YERBA SANTA uwalnia <a href=\"https:\/\/pl.wikipedia.org\/wiki\/Anahata\">czakr\u0119 serca <\/a>od przechowywanego b\u00f3lu i cierpienia, pomagaj\u0105c w nam w odnalezieniu drogi do mi\u0142o\u015bci. <\/p>\n<p>OPAKOWANIE \u00b7 W ka\u017cdym opakowaniu znajduj\u0105 si\u0119 dwa r\u0119cznie wi\u0105zane kadzid\u0142a Yerba Santa z dodatkiem Bia\u0142ej Sza\u0142wii. <\/p>\n<p>POCHODZENIE \u00b7 Uprawiane w spos\u00f3b zr\u00f3wnowa\u017cony i suszone na s\u0142o\u0144cu w Kalifornii.<\/p>\n","protected":false},"featured_media":4383,"comment_status":"open","ping_status":"closed","template":"","meta":[],"product_brand":[],"product_cat":[136,95],"product_tag":[233],"class_list":{"0":"post-3605","1":"product","2":"type-product","3":"status-publish","4":"has-post-thumbnail","6":"product_cat-milosc-produkty","7":"product_cat-kadzidla-produkty","8":"product_tag-9phases-pl","10":"first","11":"instock","12":"taxable","13":"shipping-taxable","14":"purchasable","15":"product-type-simple"},"_links":{"self":[{"href":"https:\/\/9phases.com\/pl\/wp-json\/wp\/v2\/product\/3605","targetHints":{"allow":["GET"]}}],"collection":[{"href":"https:\/\/9phases.com\/pl\/wp-json\/wp\/v2\/product"}],"about":[{"href":"https:\/\/9phases.com\/pl\/wp-json\/wp\/v2\/types\/product"}],"replies":[{"embeddable":true,"href":"https:\/\/9phases.com\/pl\/wp-json\/wp\/v2\/comments?post=3605"}],"wp:featuredmedia":[{"embeddable":true,"href":"https:\/\/9phases.com\/pl\/wp-json\/wp\/v2\/media\/4383"}],"wp:attachment":[{"href":"https:\/\/9phases.com\/pl\/wp-json\/wp\/v2\/media?parent=3605"}],"wp:term":[{"taxonomy":"product_brand","embeddable":true,"href":"https:\/\/9phases.com\/pl\/wp-json\/wp\/v2\/product_brand?post=3605"},{"taxonomy":"product_cat","embeddable":true,"href":"https:\/\/9phases.com\/pl\/wp-json\/wp\/v2\/product_cat?post=3605"},{"taxonomy":"product_tag","embeddable":true,"href":"https:\/\/9phases.com\/pl\/wp-json\/wp\/v2\/product_tag?post=3605"}],"curies":[{"name":"wp","href":"https:\/\/api.w.org\/{rel}","templated":true}]}}