{"id":3606,"date":"2024-05-14T14:14:42","date_gmt":"2024-05-14T12:14:42","guid":{"rendered":"https:\/\/9phases.com\/szalwia-trio-set\/"},"modified":"2024-08-22T10:45:27","modified_gmt":"2024-08-22T08:45:27","slug":"szalwia-trio-set","status":"publish","type":"product","link":"https:\/\/9phases.com\/pl\/szalwia-trio-set\/","title":{"rendered":"SZA\u0141WIA TRIO SET"},"content":{"rendered":"<h3>NOWY POCZ\u0104TEK | OBFITO\u015a\u0106 | MAGIA<\/h3>\n<h3>Sza\u0142wia Trio Set<\/h3>\n<p>Mo\u017cesz mie\u0107 je wszystkie. Bia\u0142\u0105, Czarn\u0105 i B\u0142\u0119kitn\u0105. \u00a0 Bia\u0142a Sza\u0142wia jest niekwestionowan\u0105 gwiazd\u0105 oczyszczania energetycznego. \u201cMust-have&#8221; dla wszystkich, kt\u00f3rzy pragn\u0105 oczy\u015bci\u0107 aur\u0119 i rozproszy\u0107 zasta\u0142\u0105 energi\u0119 w swoim otoczeniu.<\/p>\n<p>Czarna Sza\u0142wia wzmacnia nasz\u0105 intuicj\u0119 i pomaga nam po\u0142\u0105czy\u0107 si\u0119 z naszym wn\u0119trzem. Zapal j\u0105, by wyciszy\u0107 zewn\u0119trzny \u015bwiat i lepiej poczu\u0107 swoje wn\u0119trze.<br \/>\nU\u017cywaj jej przed medytacj\u0105 i snem, aby odnale\u017a\u0107 wewn\u0119trzny spok\u00f3j. Tylko pozostaj\u0105c w ciszy us\u0142ysze\u0107 mo\u017cna szepty Wszech\u015bwiata.<br \/>\n<a href=\"https:\/\/9phases.com\/blue-sage\/\">B\u0142\u0119kitna Sza\u0142wia<\/a> to najsubtelniejsza z odmian sza\u0142wii, przynosz\u0105ca obfito\u015b\u0107 i \u015bwiat\u0142o.<\/p>\n<p>Subtelna. S\u0142odsza. Przynosz\u0105ca obfito\u015b\u0107 i \u015bwiat\u0142o.<\/p>\n<p>Lekki niebieski dym B\u0142\u0119kitnej Sza\u0142wii jest znacznie delikatniejszy od dymu Bia\u0142ej Sza\u0142wii. Jego s\u0142odka i pe\u0142na \u015bwiat\u0142a energia zaprasza dostatek, zdrowie i dobrobyt. Zapalaj B\u0142\u0119kitn\u0105 Sza\u0142wi\u0119 gdy chcesz przyci\u0105gn\u0105\u0107 do siebie spok\u00f3j i bogactwo.<\/p>\n","protected":false},"excerpt":{"rendered":"<p><a href=\"https:\/\/en.wikipedia.org\/wiki\/Salvia_apiana\">BIA\u0141A SZA\u0141WIA, CZARNA I B\u0141\u0118KITNA.<\/a>Razem dla Ciebie.<\/p>\n<p>Zakochaj si\u0119 w rytuale okadzania, oczy\u015b\u0107 energi\u0119 i zapro\u015b do swojego \u017cycia lekko\u015b\u0107 oraz obfito\u015b\u0107.<\/p>\n<p>U\u017cyj wybranej Sza\u0142wii, gdy tylko je potrzebujesz.<br \/>\nOPAKOWANIE \u00b7 Zestaw SAGE TRIO sk\u0142ada si\u0119 z sze\u015bciu wi\u0105zek sza\u0142wii (po dwie z ka\u017cdego rodzaju).<\/p>\n<p>Dzi\u0119ki niemu b\u0119dziesz m\u00f3g\u0142 oddawa\u0107 si\u0119 rytua\u0142owi okadzania kiedy tylko zapragniesz.<br \/>\nPOCHODZENIE \u00b7 Uprawiane w spos\u00f3b zr\u00f3wnowa\u017cony i suszone na s\u0142o\u0144cu w Kalifornii.<\/p>\n","protected":false},"featured_media":4831,"comment_status":"open","ping_status":"closed","template":"","meta":[],"product_brand":[],"product_cat":[95,100],"product_tag":[233],"class_list":{"0":"post-3606","1":"product","2":"type-product","3":"status-publish","4":"has-post-thumbnail","6":"product_cat-kadzidla-produkty","7":"product_cat-szalwia","8":"product_tag-9phases-pl","10":"first","11":"instock","12":"taxable","13":"shipping-taxable","14":"purchasable","15":"product-type-simple"},"_links":{"self":[{"href":"https:\/\/9phases.com\/pl\/wp-json\/wp\/v2\/product\/3606","targetHints":{"allow":["GET"]}}],"collection":[{"href":"https:\/\/9phases.com\/pl\/wp-json\/wp\/v2\/product"}],"about":[{"href":"https:\/\/9phases.com\/pl\/wp-json\/wp\/v2\/types\/product"}],"replies":[{"embeddable":true,"href":"https:\/\/9phases.com\/pl\/wp-json\/wp\/v2\/comments?post=3606"}],"wp:featuredmedia":[{"embeddable":true,"href":"https:\/\/9phases.com\/pl\/wp-json\/wp\/v2\/media\/4831"}],"wp:attachment":[{"href":"https:\/\/9phases.com\/pl\/wp-json\/wp\/v2\/media?parent=3606"}],"wp:term":[{"taxonomy":"product_brand","embeddable":true,"href":"https:\/\/9phases.com\/pl\/wp-json\/wp\/v2\/product_brand?post=3606"},{"taxonomy":"product_cat","embeddable":true,"href":"https:\/\/9phases.com\/pl\/wp-json\/wp\/v2\/product_cat?post=3606"},{"taxonomy":"product_tag","embeddable":true,"href":"https:\/\/9phases.com\/pl\/wp-json\/wp\/v2\/product_tag?post=3606"}],"curies":[{"name":"wp","href":"https:\/\/api.w.org\/{rel}","templated":true}]}}