{"id":3607,"date":"2024-07-01T14:21:03","date_gmt":"2024-07-01T12:21:03","guid":{"rendered":"https:\/\/9phases.com\/biala-i-blekitna-szalwia-duo-set\/"},"modified":"2024-08-22T10:41:44","modified_gmt":"2024-08-22T08:41:44","slug":"biala-i-blekitna-szalwia-duo-set","status":"publish","type":"product","link":"https:\/\/9phases.com\/pl\/biala-i-blekitna-szalwia-duo-set\/","title":{"rendered":"BIA\u0141A I B\u0141\u0118KITNA SZA\u0141WIA &#8211; DUO SET"},"content":{"rendered":"<h3 dir=\"ltr\"><a href=\"https:\/\/9phases.com\/abundance-intention\/\">OCZYSZCZANIE ENERGETYCZNE | OBFITO\u015a\u0106<\/a><\/h3>\n<h3 dir=\"ltr\">Bia\u0142a i B\u0142\u0119kitna Sza\u0142wia Duo Set<\/h3>\n<p dir=\"ltr\">\u201cMust-have&#8221; dla wszystkich, kt\u00f3rzy pragn\u0105 oczy\u015bci\u0107 aur\u0119 i rozproszy\u0107 zasta\u0142\u0105 energi\u0119 w swoim otoczeniu.<\/p>\n<p dir=\"ltr\">G\u0119sty dym Bia\u0142ej Sza\u0142wii nasycony intensywnym, ziemistym zapachem \u0142\u0105czy widoczny \u015bwiat z tym niewidocznym, sprawiaj\u0105c, \u017ce \u0142atwiej nam nawi\u0105za\u0107 kontakt z w\u0142asn\u0105 dusz\u0105.<\/p>\n<p dir=\"ltr\">U\u017cywaj Bia\u0142ej Sza\u0142wii za ka\u017cdym razem gdy poczujesz, \u017ce potrzebne s\u0105 energetyczne porz\u0105dki.<\/p>\n<p>Zaskoczy Ci\u0119 jak szybko zu\u017cyjesz je obie.<\/p>\n<p dir=\"ltr\">B\u0142\u0119kitna Sza\u0142wia to m\u0142odsza siostra s\u0142ynnej Bia\u0142ej Sza\u0142wii. Subtelna. S\u0142odsza. Przynosz\u0105ca obfito\u015b\u0107 i \u015bwiat\u0142o.<\/p>\n<p>Lekki niebieski dym B\u0142\u0119kitnej Sza\u0142wii jest znacznie delikatniejszy od dymu Bia\u0142ej Sza\u0142wii. Jego s\u0142odka i pe\u0142na \u015bwiat\u0142a energia zaprasza dostatek, zdrowie i dobrobyt.<\/p>\n<p dir=\"ltr\">Pal B\u0142\u0119kitn\u0105 Sza\u0142wi\u0119 tak cz\u0119sto jak masz ochot\u0119 W ko\u0144cu przyci\u0105ganie obfito\u015bci do swojego \u017cycia to zawsze dobry pomys\u0142.<\/p>\n","protected":false},"excerpt":{"rendered":"<p><a href=\"https:\/\/en.wikipedia.org\/wiki\/Salvia_apiana\">BIA\u0141A SZA\u0141WIA<\/a> jest <span style=\"font-weight: 400;\">niekwestionowan\u0105 gwiazd\u0105 oczyszczania energetycznego.<\/span> Okadzanie ni\u0105 to rytua\u0142 odpuszczania, \u017cegnania tego, co nam nie s\u0142u\u017cy i tworzenia przestrzeni dla nowych mo\u017cliwo\u015bci.<\/p>\n<p><a href=\"https:\/\/en.wikipedia.org\/wiki\/Salvia_apiana\">NIEBIESKA SZA\u0141WIA <\/a>to kadzid\u0142o o delikatniejszym zapachu, przyci\u0105gaj\u0105ce obfito\u015b\u0107 i zapraszaj\u0105ce spok\u00f3j.<\/p>\n<p>Czemu mie\u0107 jedn\u0105 gdy mo\u017cesz mie\u0107 dwie?<\/p>\n<p>OPAKOWANIE \u00b7 Nasz Duo Set, sk\u0142ada si\u0119 z czterech sza\u0142wii (dw\u00f3ch Bia\u0142ych Sza\u0142wii i dw\u00f3ch B\u0142\u0119kitnych). Pozwoli Ci cieszy\u0107 si\u0119 rytua\u0142em okadzania, kiedy tylko poczujesz, \u017ce czas poruszy\u0107 energi\u0105 i otworzy\u0107 si\u0119 na nowe.<\/p>\n<p>POCHODZENIE \u00b7 Uprawiane w spos\u00f3b zr\u00f3wnowa\u017cony i suszone na s\u0142o\u0144cu w Kalifornii.<\/p>\n","protected":false},"featured_media":4374,"comment_status":"open","ping_status":"closed","template":"","meta":[],"product_brand":[],"product_cat":[134,95,101,100],"product_tag":[233],"class_list":{"0":"post-3607","1":"product","2":"type-product","3":"status-publish","4":"has-post-thumbnail","6":"product_cat-obfitosc-produkty","7":"product_cat-kadzidla-produkty","8":"product_cat-nowy-poczatek-produkty","9":"product_cat-szalwia","10":"product_tag-9phases-pl","12":"first","13":"instock","14":"taxable","15":"shipping-taxable","16":"purchasable","17":"product-type-simple"},"_links":{"self":[{"href":"https:\/\/9phases.com\/pl\/wp-json\/wp\/v2\/product\/3607","targetHints":{"allow":["GET"]}}],"collection":[{"href":"https:\/\/9phases.com\/pl\/wp-json\/wp\/v2\/product"}],"about":[{"href":"https:\/\/9phases.com\/pl\/wp-json\/wp\/v2\/types\/product"}],"replies":[{"embeddable":true,"href":"https:\/\/9phases.com\/pl\/wp-json\/wp\/v2\/comments?post=3607"}],"wp:featuredmedia":[{"embeddable":true,"href":"https:\/\/9phases.com\/pl\/wp-json\/wp\/v2\/media\/4374"}],"wp:attachment":[{"href":"https:\/\/9phases.com\/pl\/wp-json\/wp\/v2\/media?parent=3607"}],"wp:term":[{"taxonomy":"product_brand","embeddable":true,"href":"https:\/\/9phases.com\/pl\/wp-json\/wp\/v2\/product_brand?post=3607"},{"taxonomy":"product_cat","embeddable":true,"href":"https:\/\/9phases.com\/pl\/wp-json\/wp\/v2\/product_cat?post=3607"},{"taxonomy":"product_tag","embeddable":true,"href":"https:\/\/9phases.com\/pl\/wp-json\/wp\/v2\/product_tag?post=3607"}],"curies":[{"name":"wp","href":"https:\/\/api.w.org\/{rel}","templated":true}]}}