{"id":3614,"date":"2024-07-03T14:27:06","date_gmt":"2024-07-03T12:27:06","guid":{"rendered":"https:\/\/9phases.com\/naturalne-kadzidlo-ayuverdic-summer-pine\/"},"modified":"2024-08-21T17:01:22","modified_gmt":"2024-08-21T15:01:22","slug":"naturalne-kadzidlo-ayuverdic-summer-pine","status":"publish","type":"product","link":"https:\/\/9phases.com\/pl\/naturalne-kadzidlo-ayuverdic-summer-pine\/","title":{"rendered":"NATURALNE AJUWERDYJSKIE KADZID\u0141A SOSNOWE"},"content":{"rendered":"<p><b><\/b>ONCE UPON A TIME IN IBIZA<\/p>\n<p>Pozw\u00f3l by kadzid\u0142a Once Upon a Time in Ibiza przenios\u0142y Ci\u0119 do krainy wiecznego lata. Jest tutaj gor\u0105co i s\u0142onecznie, dok\u0142adnie tak jak powinno by\u0107. Zapach sosnowego lasu, kt\u00f3rym idziesz w stron\u0119 pla\u017c sprawia, \u017ce czujesz si\u0119 zrelaksowana i szcz\u0119\u015bliwa. Nikt Ci\u0119 nie po\u015bpiesza. Nie ma w tej krainie zmartwie\u0144.<\/p>\n<p>Jeste\u015b tylko Ty i pachn\u0105cy latem sosnowy las.<\/p>\n<p>Delikatny zapach.<\/p>\n<p>\u017badnych syntetycznych substancji zapachowych.<\/p>\n<p>100% wega\u0144skie.<\/p>\n<p>Kadzid\u0142a stworzone przez <a href=\"https:\/\/getcosmicdealer.com\/\" rel=\"nofollow noopener\" target=\"_blank\">COSMIC DEALER <\/a>s\u0105 idealnym wyborem gdy cenisz wysokiej jako\u015bci produkty, bez dodatku sztucznych sk\u0142adnik\u00f3w i intensywnych zapach\u00f3w, kt\u00f3re mog\u0105 powodowa\u0107 b\u00f3le g\u0142owy. Uwielbiamy ich naturalny sk\u0142ad i radosn\u0105 wibracj\u0119 tej paryskiej marki. Uwielbiamy ich naturalny sk\u0142ad i radosn\u0105 wibracj\u0119 tej paryskiej marki.<\/p>\n","protected":false},"excerpt":{"rendered":"<h3>100% naturalne kadzid\u0142a z ajurwedyjskich zi\u00f3\u0142, drewna i ro\u015blin leczniczych.<\/h3>\n<p>G\u0141\u00d3WNY ZAPACH \u00b7 Letnia sosna<\/p>\n<p>OPAKOWANIE \u00b7<span class=\"Apple-converted-space\">  <\/span>Ka\u017cde opakowanie zawiera 30 kadzide\u0142.<\/p>\n<p>ROZMIAR \u00b7 D<span class=\"Apple-converted-space\">\u0142ugo\u015b\u0107<\/span> kadzide\u0142 to 14 cm.<\/p>\n<p>CZAS PALENIA \u00b7 Oko\u0142o 35 minut.<\/p>\n<p>POCHODZENIE \u00b7 Wykonane przez Yogin\u00f3w w Aszramie w Nepalu.<\/p>\n","protected":false},"featured_media":4212,"comment_status":"open","ping_status":"closed","template":"","meta":[],"product_brand":[],"product_cat":[95],"product_tag":[140],"class_list":{"0":"post-3614","1":"product","2":"type-product","3":"status-publish","4":"has-post-thumbnail","6":"product_cat-kadzidla-produkty","7":"product_tag-cosmic-dealer-pl","9":"first","10":"instock","11":"taxable","12":"shipping-taxable","13":"purchasable","14":"product-type-simple"},"_links":{"self":[{"href":"https:\/\/9phases.com\/pl\/wp-json\/wp\/v2\/product\/3614","targetHints":{"allow":["GET"]}}],"collection":[{"href":"https:\/\/9phases.com\/pl\/wp-json\/wp\/v2\/product"}],"about":[{"href":"https:\/\/9phases.com\/pl\/wp-json\/wp\/v2\/types\/product"}],"replies":[{"embeddable":true,"href":"https:\/\/9phases.com\/pl\/wp-json\/wp\/v2\/comments?post=3614"}],"wp:featuredmedia":[{"embeddable":true,"href":"https:\/\/9phases.com\/pl\/wp-json\/wp\/v2\/media\/4212"}],"wp:attachment":[{"href":"https:\/\/9phases.com\/pl\/wp-json\/wp\/v2\/media?parent=3614"}],"wp:term":[{"taxonomy":"product_brand","embeddable":true,"href":"https:\/\/9phases.com\/pl\/wp-json\/wp\/v2\/product_brand?post=3614"},{"taxonomy":"product_cat","embeddable":true,"href":"https:\/\/9phases.com\/pl\/wp-json\/wp\/v2\/product_cat?post=3614"},{"taxonomy":"product_tag","embeddable":true,"href":"https:\/\/9phases.com\/pl\/wp-json\/wp\/v2\/product_tag?post=3614"}],"curies":[{"name":"wp","href":"https:\/\/api.w.org\/{rel}","templated":true}]}}