{"id":3615,"date":"2024-07-03T14:34:45","date_gmt":"2024-07-03T12:34:45","guid":{"rendered":"https:\/\/9phases.com\/naturalne-kadzidlo-ajurwedyjskie-drzewo-sandalowe\/"},"modified":"2024-08-21T16:12:07","modified_gmt":"2024-08-21T14:12:07","slug":"naturalne-kadzidlo-ajurwedyjskie-drzewo-sandalowe","status":"publish","type":"product","link":"https:\/\/9phases.com\/pl\/naturalne-kadzidlo-ajurwedyjskie-drzewo-sandalowe\/","title":{"rendered":"NATURALNE KADZID\u0141A Z DRZEWA SANDA\u0141OWEGO"},"content":{"rendered":"<p>TAKE ME TO THE YOGA SHALA <\/p>\n<p>Witaj w Yoga Shala &#8211; miejscu relaksu i ws\u0142uchiwanie si\u0119 we w\u0142asny oddech, przestrzeni gdzie cia\u0142o spotyka si\u0119 z dusz\u0105.<\/p>\n<p> Drzewo sanda\u0142owe uspokaja, zwi\u0119ksza \u015bwiadomo\u015b\u0107 i przywraca r\u00f3wnowag\u0119 umys\u0142u. Wed\u0142ug buddyst\u00f3w, zawsze przynosi szcz\u0119\u015bcie. <\/p>\n<p> Pal TAKE ME TO THE YOGA SHALA w ci\u0105gu dnia, by odpr\u0119\u017cy\u0107 si\u0119 i odzyska\u0107 duchowy spok\u00f3j.<\/p>\n<p> Delikatny zapach<\/p>\n<p>Bez syntetycznych aromat\u00f3w <\/p>\n<p>Bez olejk\u00f3w eterycznych <\/p>\n<p>100% wega\u0144ski produkt<\/p>\n<p>Kadzid\u0142a stworzone przez<a href=\"https:\/\/9phases.com\/tag-produktu\/cosmic-dealer\/\"> COSMIC DEALER <\/a> s\u0105 idealnym wyborem gdy cenisz wysokiej jako\u015bci produkty, bez dodatku sztucznych sk\u0142adnik\u00f3w i intensywnych zapach\u00f3w, kt\u00f3re mog\u0105 powodowa\u0107 b\u00f3le g\u0142owy. <\/p>\n<p> Uwielbiamy ich naturalny sk\u0142ad i radosn\u0105 wibracj\u0119 tej paryskiej marki.<\/p>\n","protected":false},"excerpt":{"rendered":"<h3>W 100% naturalne kadzid\u0142o z drzewa sanda\u0142owego wykonane z ajurwedyjskich zi\u00f3\u0142, drewna i ro\u015blin leczniczych.<\/h3>\n<p> G\u0141\u00d3WNY ZAPACH \u00b7 Drzewo Sanda\u0142owe<\/p>\n<p><span class=\"Apple-converted-space\">  <\/span>OPAKOWANIE \u00b7 Ka\u017cde opakowanie zawiera<span class=\"Apple-converted-space\"> 30 <\/span>kadzide\u0142. Kadzid\u0142a maj\u0105 d\u0142ugo\u015b\u0107 14 cm.<\/p>\n<p>CZAS PALENIA \u00b7 Oko\u0142o 35 minut.<\/p>\n<p>POCHODZENIE \u00b7 Wykonane przez Yogin\u00f3w w Aszramie w Nepalu.<\/p>\n","protected":false},"featured_media":4215,"comment_status":"open","ping_status":"closed","template":"","meta":[],"product_brand":[],"product_cat":[95],"product_tag":[140],"class_list":{"0":"post-3615","1":"product","2":"type-product","3":"status-publish","4":"has-post-thumbnail","6":"product_cat-kadzidla-produkty","7":"product_tag-cosmic-dealer-pl","9":"first","10":"instock","11":"taxable","12":"shipping-taxable","13":"purchasable","14":"product-type-simple"},"_links":{"self":[{"href":"https:\/\/9phases.com\/pl\/wp-json\/wp\/v2\/product\/3615","targetHints":{"allow":["GET"]}}],"collection":[{"href":"https:\/\/9phases.com\/pl\/wp-json\/wp\/v2\/product"}],"about":[{"href":"https:\/\/9phases.com\/pl\/wp-json\/wp\/v2\/types\/product"}],"replies":[{"embeddable":true,"href":"https:\/\/9phases.com\/pl\/wp-json\/wp\/v2\/comments?post=3615"}],"wp:featuredmedia":[{"embeddable":true,"href":"https:\/\/9phases.com\/pl\/wp-json\/wp\/v2\/media\/4215"}],"wp:attachment":[{"href":"https:\/\/9phases.com\/pl\/wp-json\/wp\/v2\/media?parent=3615"}],"wp:term":[{"taxonomy":"product_brand","embeddable":true,"href":"https:\/\/9phases.com\/pl\/wp-json\/wp\/v2\/product_brand?post=3615"},{"taxonomy":"product_cat","embeddable":true,"href":"https:\/\/9phases.com\/pl\/wp-json\/wp\/v2\/product_cat?post=3615"},{"taxonomy":"product_tag","embeddable":true,"href":"https:\/\/9phases.com\/pl\/wp-json\/wp\/v2\/product_tag?post=3615"}],"curies":[{"name":"wp","href":"https:\/\/api.w.org\/{rel}","templated":true}]}}