{"id":3616,"date":"2024-07-03T14:04:34","date_gmt":"2024-07-03T12:04:34","guid":{"rendered":"https:\/\/9phases.com\/naturalne-kadzidlo-ajurwedyjskie-jatamansi\/"},"modified":"2024-08-21T17:10:53","modified_gmt":"2024-08-21T15:10:53","slug":"naturalne-kadzidlo-ajurwedyjskie-jatamansi","status":"publish","type":"product","link":"https:\/\/9phases.com\/pl\/naturalne-kadzidlo-ajurwedyjskie-jatamansi\/","title":{"rendered":"NATURALNE AJURWEDYJSKIE KADZID\u0141A JATAMANSI"},"content":{"rendered":"<p><b><\/b>I FOUND MYSELF IN A FEMALE ORGY<\/p>\n<p>Jatamansi to staro\u017cytna ajurwedyjska ro\u015blina lecznicza pochodz\u0105ca z Himalaj\u00f3w. Jednocze\u015bnie uspokaja i podnosi na duchu. Wspiera w wyra\u017caniu \u017cycze\u0144 i <a href=\"https:\/\/9phases.com\/abundance-intention\/\">intencji<\/a>, tworz\u0105c magiczny most mi\u0119dzy tym co widzialne i niewidzialne.<\/p>\n<p>To idealny towarzysz Twoich wieczornych rytua\u0142\u00f3w. Dym kadzid\u0142a I Found Myself in A Female Orgy rozprasza zasta\u0142\u0105 energi\u0119 i pomaga z lekko\u015bci\u0105 po\u017cegna\u0107 dzie\u0144.<\/p>\n<p>Delikatny zapach.<\/p>\n<p>\u017badnych syntetycznych substancji zapachowych.<\/p>\n<p>100% wega\u0144skie.<\/p>\n<p>Kadzid\u0142a Jatamansi stworzone przez <a href=\"https:\/\/getcosmicdealer.com\/\" rel=\"nofollow noopener\" target=\"_blank\">COSMIC DEALER<\/a> to idealny wyb\u00f3r dla mi\u0142o\u015bnik\u00f3w natury, kt\u00f3rzy ceni\u0105 czyste, wysokiej jako\u015bci kadzid\u0142a na bazie ro\u015blin, bez sztucznych wype\u0142niaczy i intensywnych zapach\u00f3w, kt\u00f3re mog\u0105 powodowa\u0107 b\u00f3le g\u0142owy. Uwielbiamy ich naturalny sk\u0142ad i radosn\u0105 wibracj\u0119 tej paryskiej marki.<\/p>\n","protected":false},"excerpt":{"rendered":"<h3><strong>W 100% naturalne kadzid\u0142o jatamansi wykonane z ajurwedyjskich zi\u00f3\u0142, drewna i ro\u015blin leczniczych.<\/strong><\/h3>\n<p>G\u0141\u00d3WNY ZAPACH \u00b7 Jatamansi<\/p>\n<p>OPAKOWANIE \u00b7<span class=\"Apple-converted-space\">  <\/span>Ka\u017cde opakowanie zawiera 30 kadzide\u0142.<\/p>\n<p>ROZMIAR \u00b7 D<span class=\"Apple-converted-space\">\u0142ugo\u015b\u0107<\/span> kadzide\u0142 to 14 cm.<\/p>\n<p>CZAS PALENIA \u00b7 Oko\u0142o 35 minut<\/p>\n<p>POCHODZENIE \u00b7 Wykonane przez Yogin\u00f3w w Aszramie w Nepalu.<\/p>\n","protected":false},"featured_media":4218,"comment_status":"open","ping_status":"closed","template":"","meta":[],"product_brand":[],"product_cat":[95],"product_tag":[140],"class_list":{"0":"post-3616","1":"product","2":"type-product","3":"status-publish","4":"has-post-thumbnail","6":"product_cat-kadzidla-produkty","7":"product_tag-cosmic-dealer-pl","9":"first","10":"instock","11":"taxable","12":"shipping-taxable","13":"purchasable","14":"product-type-simple"},"_links":{"self":[{"href":"https:\/\/9phases.com\/pl\/wp-json\/wp\/v2\/product\/3616","targetHints":{"allow":["GET"]}}],"collection":[{"href":"https:\/\/9phases.com\/pl\/wp-json\/wp\/v2\/product"}],"about":[{"href":"https:\/\/9phases.com\/pl\/wp-json\/wp\/v2\/types\/product"}],"replies":[{"embeddable":true,"href":"https:\/\/9phases.com\/pl\/wp-json\/wp\/v2\/comments?post=3616"}],"wp:featuredmedia":[{"embeddable":true,"href":"https:\/\/9phases.com\/pl\/wp-json\/wp\/v2\/media\/4218"}],"wp:attachment":[{"href":"https:\/\/9phases.com\/pl\/wp-json\/wp\/v2\/media?parent=3616"}],"wp:term":[{"taxonomy":"product_brand","embeddable":true,"href":"https:\/\/9phases.com\/pl\/wp-json\/wp\/v2\/product_brand?post=3616"},{"taxonomy":"product_cat","embeddable":true,"href":"https:\/\/9phases.com\/pl\/wp-json\/wp\/v2\/product_cat?post=3616"},{"taxonomy":"product_tag","embeddable":true,"href":"https:\/\/9phases.com\/pl\/wp-json\/wp\/v2\/product_tag?post=3616"}],"curies":[{"name":"wp","href":"https:\/\/api.w.org\/{rel}","templated":true}]}}