{"id":3666,"date":"2024-04-24T15:07:30","date_gmt":"2024-04-24T13:07:30","guid":{"rendered":"https:\/\/9phases.com\/poduszka-na-oczy\/"},"modified":"2024-08-22T13:13:13","modified_gmt":"2024-08-22T11:13:13","slug":"poduszka-na-oczy","status":"publish","type":"product","link":"https:\/\/9phases.com\/pl\/poduszka-na-oczy\/","title":{"rendered":"PODUSZKA NA OCZY EMBRACE THE HARMONY"},"content":{"rendered":"<p>EMBRACE THE HARMONY<\/p>\n<p>Kiedy tylko pragniesz g\u0142\u0119bokiego relaksu, si\u0119gnij po nasz\u0105 jedwabn\u0105, srebrno-szar\u0105 Poduszk\u0119 na Oczy. Jej delikatny ci\u0119\u017car \u0142agodzi i wycisza umys\u0142.<\/p>\n<p>Chalcedon, kt\u00f3ry si\u0119 w niej znajduje to kamie\u0144 wspieraj\u0105cy odpoczynek i przynosz\u0105cy emocjonaln\u0105 r\u00f3wnowag\u0119. Harmonizuje on cia\u0142o, umys\u0142 i dusz\u0119, pozwalaj\u0105c Ci do\u015bwiadczy\u0107 <a href=\"https:\/\/9phases.com\/rest\/\">g\u0142\u0119bokiego spokoju<\/a> i poczucia lekko\u015bci.<\/p>\n<p>Ka\u017cda z naszych Poduszek na Oczy wype\u0142niona jest suszonymi kwiatami francuskiej lawendy &#8211; ich delikatny zapach wycisza, uspokaja i pomaga z\u0142agodzi\u0107 napi\u0119cie.<\/p>\n<p>Poduszka idealnie nadaje si\u0119 do relaksu po jodze. Po prostu po\u0142\u00f3\u017c j\u0105 na twarzy po zako\u0144czonej praktyce, zw\u0142aszcza podczas relaksacji w pozycji Szawasana.<\/p>\n<p>Doskonale sprawdzi si\u0119 tak\u017ce, gdy s\u0142uchasz prowadzonej medytacji lub gdy po prostu chcesz zamkn\u0105\u0107 oczy i w ciszy odpr\u0119\u017cy\u0107 si\u0119 przez chwil\u0119. Spr\u00f3buj uk\u0142adania jej na oczy przed snem i pozw\u00f3l jej pom\u00f3c Ci wyciszy\u0107 si\u0119 przed nocnym odpoczynkiem. To tw\u00f3j czas. To Twoja przerwa od codzienno\u015bci.<\/p>\n<p>&nbsp;<\/p>\n","protected":false},"excerpt":{"rendered":"<h3>Aromaterapeutyczna jedwabna poduszka na oczy z\u00a0 Chalcedonem<\/h3>\n<p>&nbsp;<\/p>\n<p>MATERIA\u0141 \u00b7 100% naturalny, w\u0142oski jedwab<\/p>\n<p>WYPE\u0141NIENIE \u00b7 Nasiona gorczycy bia\u0142ej, <a href=\"https:\/\/pl.wikipedia.org\/wiki\/Chalcedon_(minera%C5%82)\">\u00a0Chalcedon<\/a>, suszone kwiaty lawendy francuskiej<\/p>\n<p>Ka\u017cda poduszka na oczy jest r\u0119cznie szyta przez wykwalifikowanych rzemie\u015blnik\u00f3w w Warszawie, przepe\u0142niona trosk\u0105 i pozytywn\u0105 energi\u0105.<\/p>\n<p>Do ka\u017cdej poduszki na oczy do\u0142\u0105czony jest r\u0119cznie szyty, dwustronnie jedwabny worek do jej przechowywania. Zabierz w nim swoj\u0105 poduszk\u0119 gdziekolwiek podr\u00f3\u017cujesz.<\/p>\n","protected":false},"featured_media":4398,"comment_status":"open","ping_status":"closed","template":"","meta":[],"product_brand":[],"product_cat":[139,99],"product_tag":[233],"class_list":{"0":"post-3666","1":"product","2":"type-product","3":"status-publish","4":"has-post-thumbnail","6":"product_cat-spokoj-produkty","7":"product_cat-sen-medytacja-produkty","8":"product_tag-9phases-pl","10":"first","11":"outofstock","12":"taxable","13":"shipping-taxable","14":"purchasable","15":"product-type-simple"},"_links":{"self":[{"href":"https:\/\/9phases.com\/pl\/wp-json\/wp\/v2\/product\/3666","targetHints":{"allow":["GET"]}}],"collection":[{"href":"https:\/\/9phases.com\/pl\/wp-json\/wp\/v2\/product"}],"about":[{"href":"https:\/\/9phases.com\/pl\/wp-json\/wp\/v2\/types\/product"}],"replies":[{"embeddable":true,"href":"https:\/\/9phases.com\/pl\/wp-json\/wp\/v2\/comments?post=3666"}],"wp:featuredmedia":[{"embeddable":true,"href":"https:\/\/9phases.com\/pl\/wp-json\/wp\/v2\/media\/4398"}],"wp:attachment":[{"href":"https:\/\/9phases.com\/pl\/wp-json\/wp\/v2\/media?parent=3666"}],"wp:term":[{"taxonomy":"product_brand","embeddable":true,"href":"https:\/\/9phases.com\/pl\/wp-json\/wp\/v2\/product_brand?post=3666"},{"taxonomy":"product_cat","embeddable":true,"href":"https:\/\/9phases.com\/pl\/wp-json\/wp\/v2\/product_cat?post=3666"},{"taxonomy":"product_tag","embeddable":true,"href":"https:\/\/9phases.com\/pl\/wp-json\/wp\/v2\/product_tag?post=3666"}],"curies":[{"name":"wp","href":"https:\/\/api.w.org\/{rel}","templated":true}]}}