{"id":3668,"date":"2023-10-24T17:23:35","date_gmt":"2023-10-24T15:23:35","guid":{"rendered":"https:\/\/9phases.com\/poduszka-na-oczy-z-dodatkiem-krysztalow\/"},"modified":"2024-08-22T13:32:42","modified_gmt":"2024-08-22T11:32:42","slug":"poduszka-na-oczy-z-dodatkiem-krysztalow","status":"publish","type":"product","link":"https:\/\/9phases.com\/pl\/poduszka-na-oczy-z-dodatkiem-krysztalow\/","title":{"rendered":"PODUSZKA NA OCZY WITCHY WITCH"},"content":{"rendered":"<p>WITCHY WITCH<\/p>\n<p>Aby us\u0142ysze\u0107 sw\u00f3j wewn\u0119trzny g\u0142os, trzeba najpierw uciszy\u0107 chaos zewn\u0119trznego \u015bwiata. Po\u0142\u00f3\u017c si\u0119 i os\u0142on swoje oczy przed rozpraszaj\u0105cym \u015bwiat\u0142em nasz\u0105 Poduszk\u0105 na Oczy z jedwabiu i weluru.<\/p>\n<p>Jej delikatny ci\u0119\u017car uspokoi Twoje my\u015bli i pomo\u017ce Ci osi\u0105gn\u0105\u0107 spok\u00f3j.<\/p>\n<p>Ametyst zawarty w poduszce to kamie\u0144, kt\u00f3ry otwiera czakr\u0119 trzeciego oka i wzmacnia intuicj\u0119. Us\u0142ysz, co sama chcesz sobie powiedzie\u0107 i co ma Ci do przekazania Wszech\u015bwiat.<\/p>\n<p>&nbsp;<\/p>\n<p>Ka\u017cda z naszych Poduszek na Oczy wype\u0142niona jest suszonymi kwiatami francuskiej lawendy &#8211; ich delikatny zapach wycisza, uspokaja i pomaga z\u0142agodzi\u0107 napi\u0119cie.<\/p>\n<p>Poduszka na Oczy jest idealna do relaksu po jodze. Po prostu po\u0142\u00f3\u017c j\u0105 na twarzy po zako\u0144czonej praktyce, zw\u0142aszcza podczas relaksacji w pozycji Szawasana.<\/p>\n<p>Doskonale sprawdzi si\u0119 tak\u017ce, gdy s\u0142uchasz prowadzonej medytacji lub gdy po prostu chcesz zamkn\u0105\u0107 oczy i w ciszy odpr\u0119\u017cy\u0107 si\u0119 przez chwil\u0119. Spr\u00f3buj uk\u0142adania jej na oczy przed snem i pozw\u00f3l jej pom\u00f3c Ci wyciszy\u0107 si\u0119 przed nocnym odpoczynkiem.<\/p>\n<p>&nbsp;<\/p>\n<p>To tw\u00f3j czas. To Twoja przerwa od codzienno\u015bci.<\/p>\n<p>&nbsp;<\/p>\n<p>Ka\u017cda poduszka na oczy jest starannie r\u0119cznie szyta przez wykwalifikowanych rzemie\u015blnik\u00f3w w Warszawie, przepe\u0142niona trosk\u0105 i pozytywn\u0105 energi\u0105. Do ka\u017cdej poduszki na oczy do\u0142\u0105czony jest r\u0119cznie szyty, dwustronnie jedwabny worek do jej przechowywania. Zabierz w nim swoj\u0105 poduszk\u0119 gdziekolwiek podr\u00f3\u017cujesz.<\/p>\n","protected":false},"excerpt":{"rendered":"<h3>Aromaterapeutyczna, jedwabno-aksamitna\u00a0 poduszka na oczy\u00a0 z Ametystem.<\/h3>\n<p>Gdy tylko zapragniesz g\u0142\u0119bokiego relaksu,\u00a0 zakryj oczy poduszk\u0105. Jej delikatny ci\u0119\u017car uspokoi Twoje my\u015bli i pomo\u017ce Ci osi\u0105gn\u0105\u0107 spok\u00f3j.<\/p>\n<p>Jedwabna strona poduszki jest niezwykle g\u0142adka i delikatnie ch\u0142odna, idealna na gor\u0105ce dni lub chwile, gdy czujesz, \u017ce pragniesz ostudzi\u0107 buzuj\u0105cy w Tobie ogie\u0144. Strona z aksamitu jest ciep\u0142a w dotyku i doskona\u0142a na ch\u0142odniejsze dni lub gdy po prostu pragniesz poczu\u0107 koj\u0105cy i ciep\u0142y dotyk na twarzy.<\/p>\n<p>MATERIA\u0141 \u00b7 100% naturalny w\u0142oski jedwab, 100% organiczny w\u0142oski aksamit<\/p>\n<p>WYPE\u0141NIENIE \u00b7 Nasiona gorczycy bia\u0142ej, Ametyst, suszone kwiaty francuskiej lawendy<\/p>\n","protected":false},"featured_media":4401,"comment_status":"open","ping_status":"closed","template":"","meta":[],"product_brand":[],"product_cat":[135,139,99],"product_tag":[233],"class_list":{"0":"post-3668","1":"product","2":"type-product","3":"status-publish","4":"has-post-thumbnail","6":"product_cat-sen-medytacja-produkty-pl","7":"product_cat-spokoj-produkty","8":"product_cat-sen-medytacja-produkty","9":"product_tag-9phases-pl","11":"first","12":"outofstock","13":"taxable","14":"shipping-taxable","15":"purchasable","16":"product-type-simple"},"_links":{"self":[{"href":"https:\/\/9phases.com\/pl\/wp-json\/wp\/v2\/product\/3668","targetHints":{"allow":["GET"]}}],"collection":[{"href":"https:\/\/9phases.com\/pl\/wp-json\/wp\/v2\/product"}],"about":[{"href":"https:\/\/9phases.com\/pl\/wp-json\/wp\/v2\/types\/product"}],"replies":[{"embeddable":true,"href":"https:\/\/9phases.com\/pl\/wp-json\/wp\/v2\/comments?post=3668"}],"wp:featuredmedia":[{"embeddable":true,"href":"https:\/\/9phases.com\/pl\/wp-json\/wp\/v2\/media\/4401"}],"wp:attachment":[{"href":"https:\/\/9phases.com\/pl\/wp-json\/wp\/v2\/media?parent=3668"}],"wp:term":[{"taxonomy":"product_brand","embeddable":true,"href":"https:\/\/9phases.com\/pl\/wp-json\/wp\/v2\/product_brand?post=3668"},{"taxonomy":"product_cat","embeddable":true,"href":"https:\/\/9phases.com\/pl\/wp-json\/wp\/v2\/product_cat?post=3668"},{"taxonomy":"product_tag","embeddable":true,"href":"https:\/\/9phases.com\/pl\/wp-json\/wp\/v2\/product_tag?post=3668"}],"curies":[{"name":"wp","href":"https:\/\/api.w.org\/{rel}","templated":true}]}}