{"id":3669,"date":"2023-10-24T17:21:49","date_gmt":"2023-10-24T15:21:49","guid":{"rendered":"https:\/\/9phases.com\/poduszka-pod-oczy\/"},"modified":"2024-08-22T13:37:25","modified_gmt":"2024-08-22T11:37:25","slug":"poduszka-pod-oczy","status":"publish","type":"product","link":"https:\/\/9phases.com\/pl\/poduszka-pod-oczy\/","title":{"rendered":"PODUSZKA NA OCZY FEEL THE LOVE"},"content":{"rendered":"<p>FEEL THE LOVE<\/p>\n<p>Za ka\u017cdym razem gdy czujesz, \u017ce nadszed\u0142 czas, aby zadba\u0107 o siebie i ukoi\u0107 emocje, po\u0142\u00f3\u017c na oczy nasz\u0105 poduszk\u0119 obci\u0105\u017ceniow\u0105 z kryszta\u0142ami Kunzytu.<\/p>\n<p>Delikatny ci\u0119\u017car nasion gorczycy i <a href=\"https:\/\/9phases.com\/crystal-products\/\">kryszta\u0142\u00f3w<\/a> Kunzytu zawartych w poduszcze przyniesie Ci uczucie relaksu i odpr\u0119\u017cenia.<\/p>\n<p>Kunzyt to kamie\u0144, kt\u00f3ry wchodzi w dialog z Twoim sercem. Pomaga usuwa\u0107 powsta\u0142e w nim blokady i otwiera Ci\u0119 na ka\u017cd\u0105 form\u0119 mi\u0142o\u015bci &#8211; mi\u0142o\u015b\u0107 do siebie, do bliskich i mi\u0142o\u015b\u0107 romantyczn\u0105.<\/p>\n<p>Ka\u017cda nasza poduszka jest wype\u0142niona suszonymi kwiatami francuskiej lawendy \u2013 ich delikatny zapach jest zawsze pocieszaj\u0105cym wyborem, pomagaj\u0105cym odeprze\u0107 stres i negatywno\u015b\u0107.<\/p>\n<p>Poduszka idealnie nadaje si\u0119 do relaksu po jodze. Po prostu po\u0142\u00f3\u017c j\u0105 na twarzy po zako\u0144czonej praktyce, zw\u0142aszcza podczas relaksacji w <a href=\"https:\/\/en.wikipedia.org\/wiki\/Shavasana\" rel=\"nofollow noopener\" target=\"_blank\">pozycji Szawasana<\/a>.<\/p>\n<p>Doskonale sprawdzi si\u0119 tak\u017ce, gdy s\u0142uchasz prowadzonej medytacji lub gdy po prostu chcesz zamkn\u0105\u0107 oczy i w ciszy odpr\u0119\u017cy\u0107 si\u0119 przez chwil\u0119. Spr\u00f3buj uk\u0142adania jej na oczy przed snem i pozw\u00f3l jej pom\u00f3c Ci wyciszy\u0107 si\u0119 przed nocnym odpoczynkiem.<\/p>\n<p>To tw\u00f3j czas. To Twoja przerwa od codzienno\u015bci.<\/p>\n<p>&nbsp;<\/p>\n<p>Ka\u017cda poduszka na oczy jest starannie r\u0119cznie uszyta przez wykwalifikowanych rzemie\u015blnik\u00f3w w Warszawie, przepe\u0142niona trosk\u0105 i pozytywn\u0105 energi\u0105. Do ka\u017cdej poduszki na oczy do\u0142\u0105czony jest r\u0119cznie szyty, dwustronnie jedwabny worek do jej przechowywania. Zabierz w nim swoj\u0105 poduszk\u0119 gdziekolwiek podr\u00f3\u017cujesz.<\/p>\n","protected":false},"excerpt":{"rendered":"<p>Aromaterapeutyczna, jedwabna poduszka na oczy z Kunzytem.<\/p>\n<p>Gdy tylko zapragniesz g\u0142\u0119bokiego relaksu, po prostu zakryj oczy t\u0105 poduszk\u0105. Jej delikatny ci\u0119\u017car uspokoi Twoje my\u015bli i pomo\u017ce Ci osi\u0105gn\u0105\u0107 spok\u00f3j.<\/p>\n<p>MATERIA\u0141 \u00b7 100% naturalny w\u0142oski jedwab<\/p>\n<p>WYPE\u0141NIENIE \u00b7 Nasiona gorczycy bia\u0142ej, Kunzyt, suszone kwiaty lawendy francuskiej<\/p>\n","protected":false},"featured_media":4389,"comment_status":"open","ping_status":"closed","template":"","meta":[],"product_brand":[],"product_cat":[136,139,99],"product_tag":[233],"class_list":{"0":"post-3669","1":"product","2":"type-product","3":"status-publish","4":"has-post-thumbnail","6":"product_cat-milosc-produkty","7":"product_cat-spokoj-produkty","8":"product_cat-sen-medytacja-produkty","9":"product_tag-9phases-pl","11":"first","12":"outofstock","13":"taxable","14":"shipping-taxable","15":"purchasable","16":"product-type-simple"},"_links":{"self":[{"href":"https:\/\/9phases.com\/pl\/wp-json\/wp\/v2\/product\/3669","targetHints":{"allow":["GET"]}}],"collection":[{"href":"https:\/\/9phases.com\/pl\/wp-json\/wp\/v2\/product"}],"about":[{"href":"https:\/\/9phases.com\/pl\/wp-json\/wp\/v2\/types\/product"}],"replies":[{"embeddable":true,"href":"https:\/\/9phases.com\/pl\/wp-json\/wp\/v2\/comments?post=3669"}],"wp:featuredmedia":[{"embeddable":true,"href":"https:\/\/9phases.com\/pl\/wp-json\/wp\/v2\/media\/4389"}],"wp:attachment":[{"href":"https:\/\/9phases.com\/pl\/wp-json\/wp\/v2\/media?parent=3669"}],"wp:term":[{"taxonomy":"product_brand","embeddable":true,"href":"https:\/\/9phases.com\/pl\/wp-json\/wp\/v2\/product_brand?post=3669"},{"taxonomy":"product_cat","embeddable":true,"href":"https:\/\/9phases.com\/pl\/wp-json\/wp\/v2\/product_cat?post=3669"},{"taxonomy":"product_tag","embeddable":true,"href":"https:\/\/9phases.com\/pl\/wp-json\/wp\/v2\/product_tag?post=3669"}],"curies":[{"name":"wp","href":"https:\/\/api.w.org\/{rel}","templated":true}]}}