{"id":3670,"date":"2024-07-05T11:34:00","date_gmt":"2024-07-05T09:34:00","guid":{"rendered":"https:\/\/9phases.com\/spray-na-dobry-sen-z-krysztalami-palm-of-feronia\/"},"modified":"2024-08-21T17:47:48","modified_gmt":"2024-08-21T15:47:48","slug":"spray-na-sen-moonstone","status":"publish","type":"product","link":"https:\/\/9phases.com\/pl\/spray-na-sen-moonstone\/","title":{"rendered":"SPRAY NA SEN MOONSTONE"},"content":{"rendered":"<p>\u017bEGNAJCIE KOSZMARY <\/p>\n<h3>Ten spray do spania jest Twoim rozwi\u0105zaniem na lepszy sen.<\/h3>\n<p> Rumianek, posiadaj\u0105cy w\u0142a\u015bciwo\u015bci nasenne, po\u0142\u0105czony zosta\u0142 z petitgrain i sza\u0142wi\u0105 muszkatu\u0142ow\u0105, aby wprowadza\u0107 umys\u0142 i cia\u0142o w <a href=\"https:\/\/www.therestfulsleepplace.com\/blog\/what-is-restful-sleep-and-how-do-we-achieve-it\" rel=\"nofollow noopener\" target=\"_blank\">stan relaksu<\/a> i u\u0142atwi\u0107 zasypianie.<\/p>\n<p> Spray wzbogacaj\u0105 energie kryszta\u0142\u00f3w &#8211; A<a href=\"https:\/\/9phases.com\/amethyst\/\">metystu<\/a>, Niebieskiego Agatu, Kamienia Ksi\u0119\u017cycowego i Obsydianu \u015anie\u017cnego, kt\u00f3re przynosz\u0105 duchowe ukojenie i przywracaj\u0105 spok\u00f3j.<\/p>\n<p> Rozpyl spray na po\u015bcieli lub poduszce. Pozw\u00f3l by zawarte w nim olejki eteryczne, woda rumiankowa i kryszta\u0142y przynios\u0142y Ci s\u0142odkie sny.<\/p>\n","protected":false},"excerpt":{"rendered":"<p>Mistyczna mieszanka od Palm of Feronia wykorzystuje moc lawendy i tymianku, kt\u00f3ry od od czas\u00f3w staro\u017cytnych doceniany jest za jego zdolno\u015b\u0107 do odstraszania koszmar\u00f3w i \u0142agodzenia zmartwie\u0144 duszy.<\/p>\n<p> 100% naturalnych sk\u0142adnik\u00f3w.<\/p>\n<p>Bez sztucznych zapach\u00f3w i dodatk\u00f3w.<\/p>\n<p>Zawiera kryszta\u0142y.<\/p>\n<p>Pojemno\u015b\u0107: 100 ml. <\/p>\n","protected":false},"featured_media":4230,"comment_status":"open","ping_status":"closed","template":"","meta":[],"product_brand":[],"product_cat":[99],"product_tag":[141],"class_list":{"0":"post-3670","1":"product","2":"type-product","3":"status-publish","4":"has-post-thumbnail","6":"product_cat-sen-medytacja-produkty","7":"product_tag-palma-of-feronia-pl","9":"first","10":"outofstock","11":"taxable","12":"shipping-taxable","13":"purchasable","14":"product-type-simple"},"_links":{"self":[{"href":"https:\/\/9phases.com\/pl\/wp-json\/wp\/v2\/product\/3670","targetHints":{"allow":["GET"]}}],"collection":[{"href":"https:\/\/9phases.com\/pl\/wp-json\/wp\/v2\/product"}],"about":[{"href":"https:\/\/9phases.com\/pl\/wp-json\/wp\/v2\/types\/product"}],"replies":[{"embeddable":true,"href":"https:\/\/9phases.com\/pl\/wp-json\/wp\/v2\/comments?post=3670"}],"wp:featuredmedia":[{"embeddable":true,"href":"https:\/\/9phases.com\/pl\/wp-json\/wp\/v2\/media\/4230"}],"wp:attachment":[{"href":"https:\/\/9phases.com\/pl\/wp-json\/wp\/v2\/media?parent=3670"}],"wp:term":[{"taxonomy":"product_brand","embeddable":true,"href":"https:\/\/9phases.com\/pl\/wp-json\/wp\/v2\/product_brand?post=3670"},{"taxonomy":"product_cat","embeddable":true,"href":"https:\/\/9phases.com\/pl\/wp-json\/wp\/v2\/product_cat?post=3670"},{"taxonomy":"product_tag","embeddable":true,"href":"https:\/\/9phases.com\/pl\/wp-json\/wp\/v2\/product_tag?post=3670"}],"curies":[{"name":"wp","href":"https:\/\/api.w.org\/{rel}","templated":true}]}}