{"id":3671,"date":"2024-07-03T15:03:06","date_gmt":"2024-07-03T13:03:06","guid":{"rendered":"https:\/\/9phases.com\/ajurwedyjski-napar-ziolowy-z-prazona-francuska-gryka-na-lepszy-sen\/"},"modified":"2024-08-22T08:03:20","modified_gmt":"2024-08-22T06:03:20","slug":"ajurwedyjski-napar-ziolowy-z-prazona-francuska-gryka-na-lepszy-sen","status":"publish","type":"product","link":"https:\/\/9phases.com\/pl\/ajurwedyjski-napar-ziolowy-z-prazona-francuska-gryka-na-lepszy-sen\/","title":{"rendered":"ZIO\u0141OWA HERBATA NA SEN"},"content":{"rendered":"<p>SHE SLEPT FOR 100 YEARS<\/p>\n<p>Odkryj spok\u00f3j i zrelaksuj si\u0119 pod koniec dnia. Kiedy nadejdzie pora snu, napij si\u0119 bezkofeinowej mieszanki SHE SLEPT FOR 100 YEARS, bogatej w przeciwutleniacze od <a href=\"https:\/\/getcosmicdealer.com\/\" rel=\"nofollow noopener\" target=\"_blank\">COSMIC DEALER<\/a>. Napar ten\u00a0 wycisza i cudownie koi zmys\u0142y na dobranoc.<\/p>\n<p>Tylko sk\u0142adniki organiczne.<\/p>\n<p>Bez sztucznych aromat\u00f3w i dodatk\u00f3w.<\/p>\n","protected":false},"excerpt":{"rendered":"<h3>Ajurwedyjska, Zio\u0142owa Herbata z Pra\u017con\u0105 Francusk\u0105 Gryk\u0105 na Lepszy Sen.<\/h3>\n<p>SK\u0141AD \u00b7 Pra\u017cona gryka, Zielony rooibos, Czerwony rooibos, Cynamon, Any\u017c gwia\u017adzisty, Owoc kopru w\u0142oskiego, Rumianek polny, Melisa lekarska<\/p>\n<p>Wszystkie sk\u0142adniki pochodz\u0105 z upraw ekologicznych.<\/p>\n<p>ROZMIAR \u00b7 Ka\u017cde opakowanie zawiera 12 kompostowalnych saszetek.<\/p>\n<p>POCHODZENIE \u00b7 Francja<\/p>\n","protected":false},"featured_media":4227,"comment_status":"open","ping_status":"closed","template":"","meta":[],"product_brand":[],"product_cat":[142],"product_tag":[140],"class_list":{"0":"post-3671","1":"product","2":"type-product","3":"status-publish","4":"has-post-thumbnail","6":"product_cat-napoje-produkty","7":"product_tag-cosmic-dealer-pl","9":"first","10":"instock","11":"taxable","12":"shipping-taxable","13":"purchasable","14":"product-type-simple"},"_links":{"self":[{"href":"https:\/\/9phases.com\/pl\/wp-json\/wp\/v2\/product\/3671","targetHints":{"allow":["GET"]}}],"collection":[{"href":"https:\/\/9phases.com\/pl\/wp-json\/wp\/v2\/product"}],"about":[{"href":"https:\/\/9phases.com\/pl\/wp-json\/wp\/v2\/types\/product"}],"replies":[{"embeddable":true,"href":"https:\/\/9phases.com\/pl\/wp-json\/wp\/v2\/comments?post=3671"}],"wp:featuredmedia":[{"embeddable":true,"href":"https:\/\/9phases.com\/pl\/wp-json\/wp\/v2\/media\/4227"}],"wp:attachment":[{"href":"https:\/\/9phases.com\/pl\/wp-json\/wp\/v2\/media?parent=3671"}],"wp:term":[{"taxonomy":"product_brand","embeddable":true,"href":"https:\/\/9phases.com\/pl\/wp-json\/wp\/v2\/product_brand?post=3671"},{"taxonomy":"product_cat","embeddable":true,"href":"https:\/\/9phases.com\/pl\/wp-json\/wp\/v2\/product_cat?post=3671"},{"taxonomy":"product_tag","embeddable":true,"href":"https:\/\/9phases.com\/pl\/wp-json\/wp\/v2\/product_tag?post=3671"}],"curies":[{"name":"wp","href":"https:\/\/api.w.org\/{rel}","templated":true}]}}