{"id":3673,"date":"2024-07-03T14:52:25","date_gmt":"2024-07-03T12:52:25","guid":{"rendered":"https:\/\/9phases.com\/floating-on-a-chai-high\/"},"modified":"2024-10-10T15:47:05","modified_gmt":"2024-10-10T13:47:05","slug":"floating-on-a-chai-high","status":"publish","type":"product","link":"https:\/\/9phases.com\/pl\/floating-on-a-chai-high\/","title":{"rendered":"ZIO\u0141OWA HERBATA NA KONCENTRACJE"},"content":{"rendered":"<p>FLOATING ON A CHAI HIGH<\/p>\n<p>Skoncentruj si\u0119 i ucisz sw\u00f3j umys\u0142. Nadszed\u0142 czas, aby zobaczy\u0107 rozwi\u0105zania i skupi\u0107 si\u0119 na dzia\u0142aniu. Herbata stworzona przez <a href=\"https:\/\/getcosmicdealer.com\/\" rel=\"nofollow noopener\" target=\"_blank\">COSMIC DEALER<\/a>, inspirowana praktykami ajurwedyjskimi, pomo\u017ce Ci przej\u015b\u0107 przez nawet najtrudniejsze dni.<\/p>\n<p>Tylko sk\u0142adniki organiczne.<\/p>\n<p>Bez sztucznych aromat\u00f3w i dodatk\u00f3w.<\/p>\n","protected":false},"excerpt":{"rendered":"<h3>Organiczna bia\u0142a <a href=\"https:\/\/9phases.com\/drinks-products\/\">herbata<\/a> poprawiaj\u0105ca koncentracj\u0119.<\/h3>\n<p>SK\u0141AD \u00b7 Bia\u0142a herbata Bai Mu Tan, Koper w\u0142oski, Cynamon, Kurkuma, Nasiona kolendry, Go\u017adziki<\/p>\n<p>Wszystkie sk\u0142adniki pochodz\u0105 z upraw ekologicznych.<\/p>\n<p>ROZMIAR \u00b7 Ka\u017cde opakowanie zawiera 12 kompostowalnych saszetek z herbat\u0105.<\/p>\n<p>POCHODZENIE \u00b7 Francja<br style=\"font-weight: 400;\" \/><br style=\"font-weight: 400;\" \/><\/p>\n","protected":false},"featured_media":4209,"comment_status":"open","ping_status":"closed","template":"","meta":[],"product_brand":[],"product_cat":[142],"product_tag":[140],"class_list":{"0":"post-3673","1":"product","2":"type-product","3":"status-publish","4":"has-post-thumbnail","6":"product_cat-napoje-produkty","7":"product_tag-cosmic-dealer-pl","9":"first","10":"instock","11":"taxable","12":"shipping-taxable","13":"purchasable","14":"product-type-simple"},"_links":{"self":[{"href":"https:\/\/9phases.com\/pl\/wp-json\/wp\/v2\/product\/3673","targetHints":{"allow":["GET"]}}],"collection":[{"href":"https:\/\/9phases.com\/pl\/wp-json\/wp\/v2\/product"}],"about":[{"href":"https:\/\/9phases.com\/pl\/wp-json\/wp\/v2\/types\/product"}],"replies":[{"embeddable":true,"href":"https:\/\/9phases.com\/pl\/wp-json\/wp\/v2\/comments?post=3673"}],"wp:featuredmedia":[{"embeddable":true,"href":"https:\/\/9phases.com\/pl\/wp-json\/wp\/v2\/media\/4209"}],"wp:attachment":[{"href":"https:\/\/9phases.com\/pl\/wp-json\/wp\/v2\/media?parent=3673"}],"wp:term":[{"taxonomy":"product_brand","embeddable":true,"href":"https:\/\/9phases.com\/pl\/wp-json\/wp\/v2\/product_brand?post=3673"},{"taxonomy":"product_cat","embeddable":true,"href":"https:\/\/9phases.com\/pl\/wp-json\/wp\/v2\/product_cat?post=3673"},{"taxonomy":"product_tag","embeddable":true,"href":"https:\/\/9phases.com\/pl\/wp-json\/wp\/v2\/product_tag?post=3673"}],"curies":[{"name":"wp","href":"https:\/\/api.w.org\/{rel}","templated":true}]}}