{"id":3674,"date":"2024-07-02T22:25:17","date_gmt":"2024-07-02T20:25:17","guid":{"rendered":"https:\/\/9phases.com\/zbozowa-kawa-z-grzybami-maitake\/"},"modified":"2024-08-22T08:33:08","modified_gmt":"2024-08-22T06:33:08","slug":"zbozowa-kawa-z-grzybami-maitake","status":"publish","type":"product","link":"https:\/\/9phases.com\/pl\/zbozowa-kawa-z-grzybami-maitake\/","title":{"rendered":"KAWA FUNKCJONALNA Z GRZYBAMI MAITAKE"},"content":{"rendered":"<p>RISE AND SHINE<\/p>\n<p>Ka\u017cda fili\u017canka pobudzaj\u0105cej, autorskiej mieszanki od\u00a0<a href=\"http:\/\/getcosmicdealer.com\" rel=\"nofollow noopener\" target=\"_blank\"> COSMIC DEALER<\/a> bogata\u00a0 jest w\u00a0 b\u0142onnik i grzyby Maitake, kt\u00f3re wspieraj\u0105 uk\u0142ad odporno\u015bciowy i zdrowie m\u00f3zgu.<\/p>\n<p>Ciesz si\u0119 dodatkow\u0105 energi\u0105, bez przykrych konsekwencji jakie niesie za sob\u0105 spo\u017cywanie kofeiny.<\/p>\n<p>Tylko sk\u0142adniki organiczne.<\/p>\n<p>Bez sztucznych aromat\u00f3w i dodatk\u00f3w.<\/p>\n<p>Doskonale smakuje zar\u00f3wno na ciep\u0142o jak i na zimno.<\/p>\n","protected":false},"excerpt":{"rendered":"<h3>Kawa funkcjonalna z grzybami Maitake to idealny spos\u00f3b na rewitalizuj\u0105cy <a href=\"https:\/\/9phases.com\/category\/rituals\/\">poranny rytua\u0142<\/a> \u2013 ca\u0142kowicie naturalna alternatywa dla kawy, bez kofeiny, cukru i substancji s\u0142odz\u0105cych.<\/h3>\n<p>Rozpocznij dzie\u0144 od tej energetyzuj\u0105cej mieszanki.<\/p>\n<p>ROZMIAR \u00b7 Ka\u017cde opakowanie 120 g starcza na oko\u0142o 20 fili\u017canek.<\/p>\n<p>SK\u0141AD \u00b7 Pra\u017cony j\u0119czmie\u0144 organiczny, \u017byto organiczne, Korze\u0144 cykorii organicznej, 360 mg Ekstraktu z grzyba maitake organicznego na porcj\u0119 (owocnik). Grzyby COSMIC DEALER maj\u0105 najwy\u017csz\u0105 jako\u015b\u0107 organiczn\u0105, czyste owocniki, bez mycelium. Polisacharydy &gt;30%<\/p>\n<p>POCHODZENIE \u00b7 Francja<\/p>\n","protected":false},"featured_media":4203,"comment_status":"open","ping_status":"closed","template":"","meta":[],"product_brand":[],"product_cat":[142],"product_tag":[140],"class_list":{"0":"post-3674","1":"product","2":"type-product","3":"status-publish","4":"has-post-thumbnail","6":"product_cat-napoje-produkty","7":"product_tag-cosmic-dealer-pl","9":"first","10":"outofstock","11":"taxable","12":"shipping-taxable","13":"purchasable","14":"product-type-simple"},"_links":{"self":[{"href":"https:\/\/9phases.com\/pl\/wp-json\/wp\/v2\/product\/3674","targetHints":{"allow":["GET"]}}],"collection":[{"href":"https:\/\/9phases.com\/pl\/wp-json\/wp\/v2\/product"}],"about":[{"href":"https:\/\/9phases.com\/pl\/wp-json\/wp\/v2\/types\/product"}],"replies":[{"embeddable":true,"href":"https:\/\/9phases.com\/pl\/wp-json\/wp\/v2\/comments?post=3674"}],"wp:featuredmedia":[{"embeddable":true,"href":"https:\/\/9phases.com\/pl\/wp-json\/wp\/v2\/media\/4203"}],"wp:attachment":[{"href":"https:\/\/9phases.com\/pl\/wp-json\/wp\/v2\/media?parent=3674"}],"wp:term":[{"taxonomy":"product_brand","embeddable":true,"href":"https:\/\/9phases.com\/pl\/wp-json\/wp\/v2\/product_brand?post=3674"},{"taxonomy":"product_cat","embeddable":true,"href":"https:\/\/9phases.com\/pl\/wp-json\/wp\/v2\/product_cat?post=3674"},{"taxonomy":"product_tag","embeddable":true,"href":"https:\/\/9phases.com\/pl\/wp-json\/wp\/v2\/product_tag?post=3674"}],"curies":[{"name":"wp","href":"https:\/\/api.w.org\/{rel}","templated":true}]}}